{"id":59390,"date":"2021-08-08T14:43:02","date_gmt":"2021-08-08T12:43:02","guid":{"rendered":"https:\/\/www.experimenta.es\/tienda\/?post_type=product&#038;p=59390"},"modified":"2026-05-06T08:37:26","modified_gmt":"2026-05-06T06:37:26","slug":"vademecum-de-metodos-de-diseno","status":"publish","type":"product","link":"https:\/\/www.experimenta.es\/tienda\/producto\/vademecum-de-metodos-de-diseno\/","title":{"rendered":"Vadem\u00e9cum de m\u00e9todos de dise\u00f1o"},"content":{"rendered":"<p>La Real Academia de la Lengua Espa\u00f1ola define Vadem\u00e9cum como un \u201clibro de poco volumen y de f\u00e1cil manejo para consulta inmediata de nociones o informaciones fundamentales\u201d. Y es precisamente lo que pretendemos con esta obra: f\u00e1cil manejo de informaci\u00f3n fundamental para emplear m\u00e9todos de dise\u00f1o en diversas situaciones.<\/p>\n<p><strong>Vadem\u00e9cum de M\u00e9todos de Dise\u00f1o constituye una breve recopilaci\u00f3n de m\u00e9todos relacionados con el dise\u00f1o orientados a resolver problemas.<\/strong> No pretende ser un compendio exhaustivo de m\u00e9todos de dise\u00f1o, ni un recorrido por la disciplina de lo que hoy en d\u00eda se ha dado en llamar Design Thinking (que se basa, a su vez, en una larga tradici\u00f3n preocupada por aspectos cognitivos del dise\u00f1o propios de enfoques como Design Science o Cooperative Design). Pretende m\u00e1s bien ser un manual de consulta breve y certero, para que tanto iniciados como no iniciados puedan resolver problemas utilizando herramientas como las que utilizan los dise\u00f1adores y que, en muchas ocasiones, han tomado prestadas de otros campos (la antropolog\u00eda o la sociolog\u00eda, por citar algunas).<\/p>\n<p><strong>El uso de estas herramientas queda a discreci\u00f3n del lector. Sea cual sea el entorno en el que las ponga en pr\u00e1ctica, empresa de nueva creaci\u00f3n o ya consolidada, vida personal o profesional, proyecto acad\u00e9mico o hobby,<\/strong> le deseamos la mejor de las suertes.<br \/>\nY le recordamos que precisamente la suerte suele estar presente en el camino de aquellos que, con una mezcla entre constancia, esfuerzo, aprendizaje y pasi\u00f3n, la buscan.<\/p>\n<p>&nbsp;<\/p>\n<p>&nbsp;<\/p>\n<p><span class=\"Apple-converted-space\">SOBRE El AUTOR<br \/>\n<\/span><strong>Samuel L\u00f3pez-Lago<\/strong> (M\u00e9rida -Espa\u00f1a-, 1991). Dise\u00f1ador estrat\u00e9gico y l\u00edder de proyectos con vocaci\u00f3n global. Docente, facilitador y mentor en programas de ense\u00f1anza internacionales. Funcionario en las instituciones europeas, trabajando actualmente como Oficial de Proyectos en la Direcci\u00f3n General de Comunicaci\u00f3n de la Comisi\u00f3n Europea.<\/p>\n<p>Miembro Asociado electo de la World Academy of Art and Science, una organizaci\u00f3n cient\u00edfica encargada de promover el liderazgo en el pensamiento que conduzca a la acci\u00f3n, y de la que en su d\u00eda formaron parte intelectuales como Albert Einstein o Bertrand Russell.<br \/>\nMiembro del grupo de trabajo de Dise\u00f1o y Administraci\u00f3n P\u00fablica del Ministerio de Ciencia e Innovaci\u00f3n del Gobierno de Espa\u00f1a.<\/p>\n<p>Seleccionado como uno de los 300 l\u00edderes espa\u00f1oles en Innovaci\u00f3n Tecnol\u00f3gica y Econom\u00eda Circular por la Advanced Leadership Foundation (USA), como l\u00edder de opini\u00f3n en Harvard Business Review Ascend Select y como miembro del Consejo Asesor de Harvard Business Review (Opt-in Research Community of Professionals).<\/p>\n<p>Finalista en los Premios Nacionales de Artesan\u00eda de 2016 (junto a Terracota M\u00e9rida), su obra pl\u00e1stica como dise\u00f1ador se encuentra a la venta en el Museo Nacional Centro de Arte Reina Sof\u00eda.<br \/>\nMaster Certificate en Dise\u00f1o de Sistemas y Liderazgo de Proyectos (Cornell University), Professional Program en Liderazgo y Transformaci\u00f3n Digital (Massachusetts Institute of Technology), Professional Program en Estrategias de Dise\u00f1o (Massachusetts Institute of Technology).<\/p>\n","protected":false},"excerpt":{"rendered":"<p><span style=\"color: #ff0000;\"><span style=\"color: #000000;\">Autor:<\/span>\u00a0Samuel L\u00f3pez-Lago<br \/>\n<\/span><\/p>\n<p><strong>Vadem\u00e9cum de M\u00e9todos de Dise\u00f1o constituye una breve recopilaci\u00f3n de m\u00e9todos relacionados con el dise\u00f1o orientados a resolver problemas.<\/strong> No pretende ser un compendio exhaustivo de m\u00e9todos de dise\u00f1o, ni un recorrido por la disciplina de lo que hoy en d\u00eda se ha dado en llamar Design Thinking (que se basa, a su vez, en una larga tradici\u00f3n preocupada por aspectos cognitivos del dise\u00f1o propios de enfoques como Design Science o Cooperative Design). Pretende m\u00e1s bien ser un manual de consulta breve y certero, para que tanto iniciados como no iniciados puedan resolver problemas utilizando herramientas como las que utilizan los dise\u00f1adores y que, en muchas ocasiones, han tomado prestadas de otros campos (la antropolog\u00eda o la sociolog\u00eda, por citar algunas).<\/p>\n<p>\u00b7 ISBN: 978-84-18049-55-2<br \/>\n\u00b7 Medidas: 14 x 21 cm<br \/>\n\u00b7 P\u00e1ginas: 206<br \/>\n\u00b7 Encuadernaci\u00f3n: R\u00fastica<br \/>\n\u00b7 Impresi\u00f3n interior: Color<br \/>\n\u00b7 Edici\u00f3n: Experimenta Libros \/ Colecci\u00f3n Theoria<\/p>\n<p><strong>Incluye P\u00f3ster con listado de m\u00e9todos (28&#215;42 cm).<\/strong><\/p>\n","protected":false},"featured_media":59394,"comment_status":"open","ping_status":"closed","template":"","meta":[],"product_cat":[9892,7313],"product_tag":[9859,9641,9762,9861,9860,9786,9778],"jetpack_sharing_enabled":true,"_links":{"self":[{"href":"https:\/\/www.experimenta.es\/tienda\/wp-json\/wp\/v2\/product\/59390"}],"collection":[{"href":"https:\/\/www.experimenta.es\/tienda\/wp-json\/wp\/v2\/product"}],"about":[{"href":"https:\/\/www.experimenta.es\/tienda\/wp-json\/wp\/v2\/types\/product"}],"replies":[{"embeddable":true,"href":"https:\/\/www.experimenta.es\/tienda\/wp-json\/wp\/v2\/comments?post=59390"}],"wp:featuredmedia":[{"embeddable":true,"href":"https:\/\/www.experimenta.es\/tienda\/wp-json\/wp\/v2\/media\/59394"}],"wp:attachment":[{"href":"https:\/\/www.experimenta.es\/tienda\/wp-json\/wp\/v2\/media?parent=59390"}],"wp:term":[{"taxonomy":"product_cat","embeddable":true,"href":"https:\/\/www.experimenta.es\/tienda\/wp-json\/wp\/v2\/product_cat?post=59390"},{"taxonomy":"product_tag","embeddable":true,"href":"https:\/\/www.experimenta.es\/tienda\/wp-json\/wp\/v2\/product_tag?post=59390"}],"curies":[{"name":"wp","href":"https:\/\/api.w.org\/{rel}","templated":true}]}}