{"id":59391,"date":"2021-08-08T14:58:19","date_gmt":"2021-08-08T12:58:19","guid":{"rendered":"https:\/\/www.experimenta.es\/tienda\/?post_type=product&#038;p=59391"},"modified":"2024-10-14T23:03:07","modified_gmt":"2024-10-14T21:03:07","slug":"puno-y-letra-un-cruce-interdisciplinario-entre-poder-y-caligrafia","status":"publish","type":"product","link":"https:\/\/www.experimenta.es\/tienda\/producto\/puno-y-letra-un-cruce-interdisciplinario-entre-poder-y-caligrafia\/","title":{"rendered":"Pu\u00f1o y Letra. Un cruce interdisciplinario entre poder y caligraf\u00eda"},"content":{"rendered":"<p>El polit\u00f3logo Uriel Aiskovich y la dise\u00f1adora Mariana Pittaluga <strong>proponen un recorrido por los alfabetos g\u00f3tico y hebreo desde un abordaje pol\u00edtico y filos\u00f3fico.<\/strong><br \/>\nUn cruce multidisciplinar desde el dise\u00f1o y el pensamiento pol\u00edtico. Se trata de un libro abierto a todos y todas aquellos\/as interesados\/as en el dise\u00f1o, la caligraf\u00eda y la reflexi\u00f3n filos\u00f3fica.<br \/>\nUn camino en donde el arte, las biblias, Foucault y Benjamin se encuentran.<\/p>\n<p><strong>Pu\u00f1o y letra se esfuerza en revelar, bajo la presunta neutralidad o inocencia de un fen\u00f3meno naturalizado (la mano, manejando el instrumento de escritura \u2013c\u00e1lamo; pincel; estilete; estilogr\u00e1fica; l\u00e1piz; bol\u00edgrafo\u2026\u2013, o la impresi\u00f3n mec\u00e1nica mediante caracteres de imprenta que inscriben sobre superficies diversas \u2013metal; piedra; madera; barro; piel; papel; monitor\u2026\u2013 trazos de naturaleza s\u00edgnica), todo un subsuelo o trasfondo ideol\u00f3gico-pol\u00edtico. <\/strong><\/p>\n<p>Se trata, en suma, de des-naturalizar el hecho tipogr\u00e1fico con un prop\u00f3sito cr\u00edtico.<br \/>\nComo si este libro ofreciese los proleg\u00f3menos de una cr\u00edtica de la raz\u00f3n tipogr\u00e1fica.<\/p>\n<p>&nbsp;<\/p>\n<p><span class=\"Apple-converted-space\">SOBRE LOS AUTORES<br \/>\n<\/span><\/p>\n<div dir=\"ltr\"><strong>Mariana Pittaluga<\/strong> Doctoranda en Arte Latinoamericano (UNLP). Especialista en Teor\u00eda del Dise\u00f1o Comunicacional (FADU-UBA). Diplomada en Cultura y Sociedad (IDAES-UNSAM) y en Pensamiento Complejo (Multiversidad Mundo Real Edgar Morin).\u00a0Profesora de la Maestr\u00eda en Tipograf\u00eda (FADU-UBA).<\/div>\n<div dir=\"ltr\">\n<p>Ha presentado ponencias en distintas universidades y congresos nacionales e internacionales. Es investigadora y ha publicado art\u00edculos acad\u00e9micos y de difusi\u00f3n sobre tem\u00e1ticas en torno al Dise\u00f1o. Es autora y editora del libro Desayunos con dise\u00f1adores (2020) FC; y autora y compiladora del libro Visiones sobre el rol social del Dise\u00f1o (2020) Wolkowicz editores.<\/p>\n<\/div>\n<div dir=\"ltr\"><strong>Uriel Aiskovich<\/strong> Maestrando en Jewish Theology en la Universidad de Potsdam, Alemania. Polit\u00f3logo (UBA). Especializado en Diversidad Cultural y Estudios Judaicos (UNTREF).<br \/>\nGraduado del m2 Senior Educators Cohort del Institute of Jewish Experiential Education, New York.<br \/>\nFundador de Shagriria, Asociaci\u00f3n Civil MINU y Altneuland (Arte por la Diversidad).<br \/>\nDocente de la carrera de Ciencia Pol\u00edtica en la UBA y UCES. Director en el Centro Hebreo Ion\u00e1.<\/div>\n","protected":false},"excerpt":{"rendered":"<p><span style=\"color: #ff0000;\"><span style=\"color: #000000;\">Autor:<\/span> Mariana Pittaluga y Uriel Aiskovich<br \/>\n<\/span><\/p>\n<p>El polit\u00f3logo Uriel Aiskovich y la dise\u00f1adora Mariana Pittaluga proponen un recorrido por los alfabetos g\u00f3tico y hebreo desde un abordaje pol\u00edtico y filos\u00f3fico.<br \/>\nUn cruce multidisciplinar desde el dise\u00f1o y el pensamiento pol\u00edtico. Se trata de un libro abierto a todos y todas aquellos\/as interesados\/as en el dise\u00f1o, la caligraf\u00eda y la reflexi\u00f3n filos\u00f3fica.<br \/>\nUn camino en donde el arte, las biblias, Foucault y Benjamin se encuentran.<\/p>\n<p>\u00b7 ISBN: 978-84-18049-57-6<br \/>\n\u00b7 Medidas: 16 x 22 cm<br \/>\n\u00b7 P\u00e1ginas: 96<br \/>\n\u00b7 Encuadernaci\u00f3n: R\u00fastica<br \/>\n\u00b7 Impresi\u00f3n interior: Negro<br \/>\n\u00b7 Coedici\u00f3n: Experimenta Libros \/ Wolkowicz Editores<\/p>\n","protected":false},"featured_media":59392,"comment_status":"open","ping_status":"closed","template":"","meta":[],"product_cat":[9892,7313],"product_tag":[9862,9730,9591,9777,9641,9794,9763,9762,9786,9778],"jetpack_sharing_enabled":true,"_links":{"self":[{"href":"https:\/\/www.experimenta.es\/tienda\/wp-json\/wp\/v2\/product\/59391"}],"collection":[{"href":"https:\/\/www.experimenta.es\/tienda\/wp-json\/wp\/v2\/product"}],"about":[{"href":"https:\/\/www.experimenta.es\/tienda\/wp-json\/wp\/v2\/types\/product"}],"replies":[{"embeddable":true,"href":"https:\/\/www.experimenta.es\/tienda\/wp-json\/wp\/v2\/comments?post=59391"}],"wp:featuredmedia":[{"embeddable":true,"href":"https:\/\/www.experimenta.es\/tienda\/wp-json\/wp\/v2\/media\/59392"}],"wp:attachment":[{"href":"https:\/\/www.experimenta.es\/tienda\/wp-json\/wp\/v2\/media?parent=59391"}],"wp:term":[{"taxonomy":"product_cat","embeddable":true,"href":"https:\/\/www.experimenta.es\/tienda\/wp-json\/wp\/v2\/product_cat?post=59391"},{"taxonomy":"product_tag","embeddable":true,"href":"https:\/\/www.experimenta.es\/tienda\/wp-json\/wp\/v2\/product_tag?post=59391"}],"curies":[{"name":"wp","href":"https:\/\/api.w.org\/{rel}","templated":true}]}}