{"id":59546,"date":"2021-09-26T19:59:10","date_gmt":"2021-09-26T17:59:10","guid":{"rendered":"https:\/\/www.experimenta.es\/tienda\/?post_type=product&#038;p=59546"},"modified":"2025-06-11T20:01:48","modified_gmt":"2025-06-11T18:01:48","slug":"aprender-arquitectura-ensenando-lecciones-en-barcelona-1965-1980","status":"publish","type":"product","link":"https:\/\/www.experimenta.es\/tienda\/producto\/aprender-arquitectura-ensenando-lecciones-en-barcelona-1965-1980\/","title":{"rendered":"Aprender arquitectura ense\u00f1ando. Lecciones en Barcelona 1965-1980"},"content":{"rendered":"<div dir=\"ltr\">El relato casi \u00e9pico del desenlace de unas oposiciones en Madrid en 1970 sirve como excusa para contar el proceso de cambio que experimentaba la ense\u00f1anza de la arquitectura, y al que la Escuela de Barcelona no era ajena.<\/div>\n<p>La mirada personal de uno de sus ayudantes describe el per\u00edodo durante el cual Rafael Moneo ejerci\u00f3 de catedr\u00e1tico en Barcelona tras aquellas oposiciones. Su llegada fue uno de los factores que contribuy\u00f3 a este cambio y a su permanencia.<br \/>\nSe presenta tambi\u00e9n el contexto de los a\u00f1os anteriores a 1970, en los que se pusieron en marcha el Plan 57 y el 64, nuevos planes de estudios que intentaban dar una salida t\u00e9cnica a la masificaci\u00f3n de alumnos pero que olvidaban en gran parte el aprendizaje de la arquitectura. La universidad y las escuelas t\u00e9cnicas experimentaron un conflicto casi permanente durante una \u00e9poca convulsa en la que se presagiaba el fin del franquismo.<br \/>\nEl libro concluye con un di\u00e1logo entre Rafael Moneo y el autor sobre algunos de los temas que aparecen a lo largo del texto y otros relacionados con la actualidad de la arquitectura y de su ense\u00f1anza.<\/p>\n<p>&nbsp;<\/p>\n<p><span class=\"Apple-converted-space\">SOBRE EL AUTOR<br \/>\n<\/span><strong>Francesc Pernas Gal\u00ed.<\/strong> Barcelona, 1948.<br \/>\nEs arquitecto (t. 1970). Fue profesor auxiliar de Rafael Moneo en la ETSAB durante dos per\u00edodos: 1972-1976 y 1978-1980.<br \/>\nEstudi\u00f3 hospitales y planificaci\u00f3n sanitaria en los Estados Unidos y el Reino Unido. Impuls\u00f3 la arquitectura de la nueva sanidad catalana desde la Generalitat (1981-1987) con el M. H. Conseller Josep Laporte i Salas.<br \/>\nEn 2016 dej\u00f3 el ejercicio profesional del estudio Casa S\u00f3lo Arquitectos, en manos de sus asociados m\u00e1s j\u00f3venes.<\/p>\n","protected":false},"excerpt":{"rendered":"<p><span style=\"color: #ff0000;\"><span style=\"color: #000000;\">Autor:<\/span> Francesc Pernas Gal\u00ed con Rafael Moneo<\/span><\/p>\n<div dir=\"ltr\">El relato casi \u00e9pico del desenlace de unas oposiciones en Madrid en 1970 sirve como excusa para contar el proceso de cambio que experimentaba la ense\u00f1anza de la arquitectura, y al que la Escuela de Barcelona no era ajena.<\/div>\n<p>La mirada personal de uno de sus ayudantes describe el per\u00edodo durante el cual Rafael Moneo ejerci\u00f3 de catedr\u00e1tico en Barcelona tras aquellas oposiciones. Su llegada fue uno de los factores que contribuy\u00f3 a este cambio y a su permanencia.<\/p>\n<p>&nbsp;<\/p>\n<p>\u00b7 ISBN: 978-84-09-24639-7<br \/>\n\u00b7 Medidas: 13 x 19 cm<br \/>\n\u00b7 P\u00e1ginas: 488<br \/>\n\u00b7 Encuadernaci\u00f3n: Carton\u00e9<br \/>\n\u00b7 Impresi\u00f3n interior: Negro con im\u00e1genes color<br \/>\n\u00b7 Edici\u00f3n: 47\u00b761 Editor<\/p>\n","protected":false},"featured_media":59551,"comment_status":"open","ping_status":"closed","template":"","meta":[],"product_cat":[9894,7313],"product_tag":[9713,9777,9770,9762,9786,9778],"jetpack_sharing_enabled":true,"_links":{"self":[{"href":"https:\/\/www.experimenta.es\/tienda\/wp-json\/wp\/v2\/product\/59546"}],"collection":[{"href":"https:\/\/www.experimenta.es\/tienda\/wp-json\/wp\/v2\/product"}],"about":[{"href":"https:\/\/www.experimenta.es\/tienda\/wp-json\/wp\/v2\/types\/product"}],"replies":[{"embeddable":true,"href":"https:\/\/www.experimenta.es\/tienda\/wp-json\/wp\/v2\/comments?post=59546"}],"wp:featuredmedia":[{"embeddable":true,"href":"https:\/\/www.experimenta.es\/tienda\/wp-json\/wp\/v2\/media\/59551"}],"wp:attachment":[{"href":"https:\/\/www.experimenta.es\/tienda\/wp-json\/wp\/v2\/media?parent=59546"}],"wp:term":[{"taxonomy":"product_cat","embeddable":true,"href":"https:\/\/www.experimenta.es\/tienda\/wp-json\/wp\/v2\/product_cat?post=59546"},{"taxonomy":"product_tag","embeddable":true,"href":"https:\/\/www.experimenta.es\/tienda\/wp-json\/wp\/v2\/product_tag?post=59546"}],"curies":[{"name":"wp","href":"https:\/\/api.w.org\/{rel}","templated":true}]}}