{"id":59547,"date":"2021-09-26T20:27:03","date_gmt":"2021-09-26T18:27:03","guid":{"rendered":"https:\/\/www.experimenta.es\/tienda\/?post_type=product&#038;p=59547"},"modified":"2024-11-10T07:52:24","modified_gmt":"2024-11-10T06:52:24","slug":"hitos-del-diseno-100-disenos-que-hicieron-epoca","status":"publish","type":"product","link":"https:\/\/www.experimenta.es\/tienda\/producto\/hitos-del-diseno-100-disenos-que-hicieron-epoca\/","title":{"rendered":"Hitos del dise\u00f1o. 100 dise\u00f1os que hicieron \u00e9poca."},"content":{"rendered":"<div dir=\"ltr\">Hitos del dise\u00f1o es el canon personal y particular de Andr\u00e9 Ricard, uno de nuestros dise\u00f1adores de m\u00e1s reconocido prestigio y larga trayectoria.<br \/>\nEn \u00e9l, hace una selecci\u00f3n de los 100 dise\u00f1os que supieron desmarcarse de lo conocido y abrir nuevos horizontes creativos, y en los que est\u00e1 la esencia de lo que el dise\u00f1o puede aportar a la cultura.<\/div>\n<div dir=\"ltr\">Le Corbusier dijo que la misi\u00f3n del artista es la ordenaci\u00f3n actual del mundo, que debe seguir perfeccionando, ya sea con una mesa, una m\u00e1quina, un anuncio luminoso o una pintura, y todo aquello que crea viene a colmar un vac\u00edo que le esperaba. Lo mismo, como queda plasmado en esta breve y exquisita obra, puede decirse del dise\u00f1o.<\/div>\n<div dir=\"ltr\"><\/div>\n<div dir=\"ltr\">Nota del editor<br \/>\nLo que el lector tendr\u00e1 en las manos va algo mas all\u00e1 de una simple reedici\u00f3n. El transcurso de una d\u00e9cada ha sugerido llevar a cabo una lectura de los textos y una actualizaci\u00f3n de la selecci\u00f3n mediante la incorporaci\u00f3n de unas pocas entradas nuevas a las que se ha correspondido con la eliminaci\u00f3n de algunas de las que fueron recogidas en la primera edici\u00f3n.<\/div>\n<p>&nbsp;<\/p>\n<p><span class=\"Apple-converted-space\">SOBRE EL AUTOR<br \/>\n<\/span><strong>Andr\u00e9 Ricard<\/strong> es Dise\u00f1ador industrial, escritor y profesor. Ha sido presidente de la ADI-FAD, presidente fundador de la ADP, vicepresidente del ICSID, vicepresidente del BCD, y miembro de la Facultad del Art Center de Suiza y presidente fundador de Design for the world (ONG del dise\u00f1o). En la actualidad es miembro de honor de la Academia de Bellas Artes de Sant Jordi, patrono de la fundaci\u00f3n Eina y de la fundaci\u00f3n Loewe. Ha publicado varios libros sobre dise\u00f1o y ha merecido prestigiosas distinciones como el Premio Nacional de Dise\u00f1o 1987, la Creu de Sant Jordi de la Generalitat de Catalunya, el Ordre Olympique del Comit\u00e9 Ol\u00edmpico Internacional, Chevalier des Arts et des Letters de Francia y Medalla de Oro al M\u00e9rito Art\u00edstico de la ciudad de Barcelona. Sus obras han merecido, adem\u00e1s, numerosos premios nacionales e internacionales. La Fundaci\u00f3n Mir\u00f3 de Barcelona dedic\u00f3 en 2009 la \u00a0Exposici\u00f3n: \u00abEl disseny del quotidi\u00e0\u00bb al conjunto de su obra.<\/p>\n","protected":false},"excerpt":{"rendered":"<p><span style=\"color: #ff0000;\"><span style=\"color: #000000;\">Autor:<\/span> Andr\u00e9 Ricard<\/span><\/p>\n<div dir=\"ltr\">Hitos del dise\u00f1o es el canon personal y particular de Andr\u00e9 Ricard, uno de nuestros dise\u00f1adores de m\u00e1s reconocido prestigio y larga trayectoria.<br \/>\nEn \u00e9l, hace una selecci\u00f3n de los 100 dise\u00f1os que supieron desmarcarse de lo conocido y abrir nuevos horizontes creativos, y en los que est\u00e1 la esencia de lo que el dise\u00f1o puede aportar a la cultura.<\/div>\n<div dir=\"ltr\">Le Corbusier dijo que la misi\u00f3n del artista es la ordenaci\u00f3n actual del mundo, que debe seguir perfeccionando, ya sea con una mesa, una m\u00e1quina, un anuncio luminoso o una pintura, y todo aquello que crea viene a colmar un vac\u00edo que le esperaba. Lo mismo, como queda plasmado en esta breve y exquisita obra, puede decirse del dise\u00f1o.<\/div>\n<p>&nbsp;<\/p>\n<p>\u00b7 ISBN: 978-84-09-30157-7<br \/>\n\u00b7 Medidas: 13 x 19 cm<br \/>\n\u00b7 P\u00e1ginas: 240<br \/>\n\u00b7 Encuadernaci\u00f3n: Carton\u00e9<br \/>\n\u00b7 Impresi\u00f3n interior: Negro con im\u00e1genes color<br \/>\n\u00b7 Edici\u00f3n: 47\u00b761 Editor<\/p>\n","protected":false},"featured_media":59552,"comment_status":"open","ping_status":"closed","template":"","meta":[],"product_cat":[9892,7313],"product_tag":[9638,9823,9777,9770,9763,9762,9786,9778],"jetpack_sharing_enabled":true,"_links":{"self":[{"href":"https:\/\/www.experimenta.es\/tienda\/wp-json\/wp\/v2\/product\/59547"}],"collection":[{"href":"https:\/\/www.experimenta.es\/tienda\/wp-json\/wp\/v2\/product"}],"about":[{"href":"https:\/\/www.experimenta.es\/tienda\/wp-json\/wp\/v2\/types\/product"}],"replies":[{"embeddable":true,"href":"https:\/\/www.experimenta.es\/tienda\/wp-json\/wp\/v2\/comments?post=59547"}],"wp:featuredmedia":[{"embeddable":true,"href":"https:\/\/www.experimenta.es\/tienda\/wp-json\/wp\/v2\/media\/59552"}],"wp:attachment":[{"href":"https:\/\/www.experimenta.es\/tienda\/wp-json\/wp\/v2\/media?parent=59547"}],"wp:term":[{"taxonomy":"product_cat","embeddable":true,"href":"https:\/\/www.experimenta.es\/tienda\/wp-json\/wp\/v2\/product_cat?post=59547"},{"taxonomy":"product_tag","embeddable":true,"href":"https:\/\/www.experimenta.es\/tienda\/wp-json\/wp\/v2\/product_tag?post=59547"}],"curies":[{"name":"wp","href":"https:\/\/api.w.org\/{rel}","templated":true}]}}