{"id":59670,"date":"2021-11-15T19:35:46","date_gmt":"2021-11-15T18:35:46","guid":{"rendered":"https:\/\/www.experimenta.es\/tienda\/?post_type=product&#038;p=59670"},"modified":"2024-02-12T11:40:53","modified_gmt":"2024-02-12T10:40:53","slug":"moda-diseno-y-comunicacion","status":"publish","type":"product","link":"https:\/\/www.experimenta.es\/tienda\/producto\/moda-diseno-y-comunicacion\/","title":{"rendered":"Moda, Dise\u00f1o y Comunicaci\u00f3n"},"content":{"rendered":"<p>La obra de Marcia Veneziani <strong>pertenece al n\u00facleo de investigaciones que han visto la luz bajo el formato de notas o ensayos<\/strong>, y que hoy se re\u00fanen en una edici\u00f3n cuyo prop\u00f3sito es uni\ufb01car los diversos formatos y temas que tienen el <strong>com\u00fan denominador de la moda y la comunicaci\u00f3n<\/strong>.<\/p>\n<p>Y ello no es una caracter\u00edstica extr\u00ednseca, sino que revela la necesidad de abordar de manera interdisciplinaria un fen\u00f3meno social que se expande y multiplica sobre cuestiones tan dis\u00edmiles como el valor simb\u00f3lico o el negocio econ\u00f3mico. A ello, agrega la autora una preocupaci\u00f3n muy justi\ufb01cada por la matriz pedag\u00f3gica que gu\u00eda la ense\u00f1anza de las disciplinas del dise\u00f1o y la comunicaci\u00f3n. S\u00f3lo esa visi\u00f3n amplia y articuladora podr\u00e1 dar cuenta de las relaciones que ligan a la moda con la historia, la imaginaci\u00f3n, la identidad o las tendencias comerciales.<\/p>\n<p>La invitaci\u00f3n a leer este texto queda hecha y, seguramente, el lector encontrar\u00e1 en \u00e9l las razones que nos interpelan cuando abrimos los ojos en <strong>un mundo post-moderno en el que la cultura visual ejerce su predominio sobre las interacciones humanas, la producci\u00f3n de bienes e incluso, las jerarqu\u00edas sociales.<\/strong><\/p>\n<p>&nbsp;<\/p>\n<p><span class=\"Apple-converted-space\">SOBRE LA AUTORA<br \/>\n<\/span><strong>Marcia Veneziani.<\/strong> Doctora en Comunicaci\u00f3n Social y Licenciada en Publicidad (USAL). Profesora de la Universidad de Palermo en el \u00c1rea de Investigaci\u00f3n y Producci\u00f3n de la Facultad de Dise\u00f1o y Comunicaci\u00f3n. Es autora de los libros \u00abLa Imagen de la Moda \u00ab, y de \u00abModa, Econom\u00eda y Sociedad \u00ab. Coordina publicaciones acad\u00e9micas internacionales con la Universidad de Palermo y la Universit\u00e0 di Bologna (a\u00f1o 2013), y Parsons The New School for Design (desde el a\u00f1o 2012 a la actualidad), entre otras. Especialista en temas de comportamiento de Moda y Consumo. Miembro del Comit\u00e9 Editorial de la Revista ZoneModa Journal, dedicada a los estudios de moda en Italia, Universit\u00e0 di Bologna, Italia, desde julio de 2013. Sus libros y ensayos acad\u00e9micos se encuentran incorporados como material de consulta para investigadores en el cat\u00e1logo de bibliotecas de los Estados Unidos de Norteam\u00e9rica y otros pa\u00edses de Europa y Latinoam\u00e9rica. Entre otras: Library of Congress, Princeton University, Widener Library of Harvard University, Biblioteca Nacional de Suecia; Universidad Complutense de Madrid, Universidad del Pa\u00eds Vasco, Consejo Superior de Investigaciones Cient\u00edficas, Universidad de Granada, Universidad de Navarra, Red de Bibliotecas del Tecnol\u00f3gico de Monterrey, Universidad de Guadalajara y Universidad Aut\u00f3noma de M\u00e9xico. Forma parte del Cuerpo Acad\u00e9mico del Doctorado en Dise\u00f1o, de la Maestr\u00eda en Gesti\u00f3n del Dise\u00f1o y del Equipo de Evaluaci\u00f3n de Proyectos de Graduaci\u00f3n. Miembro del Plenario de la Comisi\u00f3n de Posgrado DC. Directora de las Jornadas de Moda y Pensamiento: \u00abHipermoda\u201d. Fundaci\u00f3n Ortega y Gasset Argentina (2015). Ha sido Profesora Titular en la Maestr\u00eda en Comercializaci\u00f3n y Comunicaci\u00f3n Publicitaria en otras Universidades. A cargo de la investigaci\u00f3n del Proyecto \u201cPertenencias. Narraciones Textiles de Mujeres Migrantes del Hemisferio Sur \u00aben el MAP (Museo de Arte Popular Jos\u00e9 Hern\u00e1ndez CABA), ganador del Premio \u00abMaleta Abierta \u00bb del Programa Iber-Rutas junto a la Secretar\u00eda General Iberoamericana (SEGIB).<\/p>\n","protected":false},"excerpt":{"rendered":"<p><span style=\"color: #ff0000;\"><span style=\"color: #000000;\">Autor:\u00a0<span style=\"color: #ff0000;\">Marcia Veneziani<\/span><\/span><\/span><\/p>\n<p>La obra de Marcia Veneziani <strong>pertenece al n\u00facleo de investigaciones que han visto la luz bajo el formato de notas o ensayos<\/strong>, y que hoy se re\u00fanen en una edici\u00f3n cuyo prop\u00f3sito es uni\ufb01car los diversos formatos y temas que tienen el <strong>com\u00fan denominador de la moda y la comunicaci\u00f3n<\/strong>.<\/p>\n<p>La invitaci\u00f3n a leer este texto queda hecha y, seguramente, el lector encontrar\u00e1 en \u00e9l las razones que nos interpelan cuando abrimos los ojos en <strong>un mundo post-moderno en el que la cultura visual ejerce su predominio sobre las interacciones humanas, la producci\u00f3n de bienes e incluso, las jerarqu\u00edas sociales.<\/strong><\/p>\n<p>&nbsp;<\/p>\n<p>\u00b7 ISBN: 978-84-18049-72-9<br \/>\n\u00b7 Coedici\u00f3n 2021. Experimenta Libros \/ Nobuko<br \/>\n\u00b7 Medidas: 14,5 x 20,5 x 1,5 cm<br \/>\n\u00b7 P\u00e1ginas: 190<br \/>\n\u00b7 Impresi\u00f3n interior: negro<br \/>\n\u00b7 Encuadernaci\u00f3n: r\u00fastica<\/p>\n","protected":false},"featured_media":59675,"comment_status":"open","ping_status":"closed","template":"","meta":[],"product_cat":[9895,9892,7313],"product_tag":[9764,9641,9763,9762,9771,9785,9786,9778],"jetpack_sharing_enabled":true,"_links":{"self":[{"href":"https:\/\/www.experimenta.es\/tienda\/wp-json\/wp\/v2\/product\/59670"}],"collection":[{"href":"https:\/\/www.experimenta.es\/tienda\/wp-json\/wp\/v2\/product"}],"about":[{"href":"https:\/\/www.experimenta.es\/tienda\/wp-json\/wp\/v2\/types\/product"}],"replies":[{"embeddable":true,"href":"https:\/\/www.experimenta.es\/tienda\/wp-json\/wp\/v2\/comments?post=59670"}],"wp:featuredmedia":[{"embeddable":true,"href":"https:\/\/www.experimenta.es\/tienda\/wp-json\/wp\/v2\/media\/59675"}],"wp:attachment":[{"href":"https:\/\/www.experimenta.es\/tienda\/wp-json\/wp\/v2\/media?parent=59670"}],"wp:term":[{"taxonomy":"product_cat","embeddable":true,"href":"https:\/\/www.experimenta.es\/tienda\/wp-json\/wp\/v2\/product_cat?post=59670"},{"taxonomy":"product_tag","embeddable":true,"href":"https:\/\/www.experimenta.es\/tienda\/wp-json\/wp\/v2\/product_tag?post=59670"}],"curies":[{"name":"wp","href":"https:\/\/api.w.org\/{rel}","templated":true}]}}