{"id":59684,"date":"2021-11-18T17:26:53","date_gmt":"2021-11-18T16:26:53","guid":{"rendered":"https:\/\/www.experimenta.es\/tienda\/?post_type=product&#038;p=59684"},"modified":"2023-10-02T12:38:39","modified_gmt":"2023-10-02T10:38:39","slug":"creatividad-contra-el-caos-y-la-incertidumbre-2","status":"publish","type":"product","link":"https:\/\/www.experimenta.es\/tienda\/producto\/creatividad-contra-el-caos-y-la-incertidumbre-2\/","title":{"rendered":"Creatividad. Contra el caos y la incertidumbre. (EPUB)"},"content":{"rendered":"<p>Marzo de 2020 quedar\u00e1 como un mes hist\u00f3rico para la humanidad. Algo que pens\u00e1bamos que nunca podr\u00eda llegar a suceder sucedi\u00f3: hab\u00eda que parar el mundo. Y la culpable fue una enfermedad llamada COVID-19.<\/p>\n<p>Ante la incertidumbre y el caos, el ser humano puede actuar de dos maneras. En la primera, bloqueado, sin saber qu\u00e9 hacer, se deja llevar por el miedo, intentando agarrarse a cualquier persona o f\u00f3rmula que lo saque de donde se encuentra. <strong>La otra opci\u00f3n es hacer lo posible para que las cartas con las que cuenta jueguen a su favor; en este caso, est\u00e1 utilizando su creatividad.<\/strong><\/p>\n<p>De un d\u00eda para otro hemos pasado que salirnos de lo establecido era contraproducente para nuestro futuro profesional y personal en la sociedad a recibir el mensaje contrario: <strong>ahora debemos hacer uso de nuestra creatividad si queremos salir airosos de la incertidumbre y el caos.<\/strong><\/p>\n<p><span class=\"Apple-converted-space\">SOBRE EL AUTOR<br \/>\n<\/span><\/p>\n<p><strong>David Asensio Garc\u00eda\u00a0<\/strong>es el fundador de Chocolate Rojo Consulting, consultora que promulga la importancia de la creatividad tanto en las culturas empresariales como en la sociedad. Adem\u00e1s es conferenciante, colaborador en medios de comunicaci\u00f3n y uno de los bloggers de referencia en management. Con sus portales El principio de un comienzo y Walk into a business ha alcanzado la cifra de m\u00e1s de tres millones de visitas en todo el mundo.<br \/>\nEs autor del libro Liderazgo canalla. Libera tu lado m\u00e1s rebelde, en el que estimula a los lectores a sacar su lado m\u00e1s aut\u00e9ntico, as\u00ed como tambi\u00e9n de Mofeta branding. C\u00f3mo son las marcas que transforman el mundo, en el que nos presenta las claves de las marcas m\u00e1s disruptivas y nos explica c\u00f3mo ser una de ellas.<\/p>\n","protected":false},"excerpt":{"rendered":"<p><a href=\"https:\/\/www.experimenta.es\/tienda\/producto\/creatividad-contra-el-caos-y-la-incertidumbre\/\">*Tambi\u00e9n puedes comprar este libro en papel<\/a><\/p>\n<p><span style=\"color: #ff0000;\"><span style=\"color: #000000;\">Autor:<\/span> David Asensio<br \/>\n<span style=\"color: #000000;\">Pr\u00f3logo de <strong>Margarita \u00c1lvarez<\/strong>. Ep\u00edlogo de <strong>Andy Stalman<\/strong>.<\/span><br \/>\n<\/span><\/p>\n<p>\u00bfQu\u00e9 es la creatividad? \u00bfTodos somos creativos? \u00bfQu\u00e9 situaciones impulsan y debilitan nuestra creatividad? \u00bfC\u00f3mo podemos sacarle el mejor resultado a nuestras ideas? \u00bfUna pyme tambi\u00e9n puede ser considerada como creativa? \u00bfO solamente lo pueden ser Virgin, Tesla y Google?<\/p>\n<p>Con su tercer libro, Creatividad. Contra el caos y la incertidumbre, <strong>David Asensio nos ofrece las claves para descubrir nuestra creatividad, desarrollarla y con ella transformar nuestro mundo personal y profesional. No es un cambio de era. Siempre ha sido la era de la creatividad.<\/strong><\/p>\n<p>Puedes comprar este EPUB en: Amazon, Apple Books, Casa Del Libro, El Corte Ingl\u00e9s, Indigo, Kobo, Livraria Cultura, Per\u00fa eBooks, Siglo del Hombre, Tagusbooks&#8230;<br \/>\nAmazon: <a href=\"https:\/\/www.amazon.es\/gp\/product\/B09KYGGF4H\/ref=as_li_tl?ie=UTF8&amp;creativeASIN=B09KYGGF4H&amp;linkCode=as2\">Espa\u00f1a<\/a>\u00a0| <a href=\"https:\/\/www.amazon.com\/gp\/product\/B09KYGGF4H\/ref=as_li_tl?ie=UTF8&amp;creativeASIN=B09KYGGF4H&amp;linkCode=as2\">Estados Unidos<\/a>\u00a0| <a href=\"https:\/\/www.amazon.com.mx\/gp\/product\/B09KYGGF4H\/ref=as_li_tl?ie=UTF8&amp;creativeASIN=B09KYGGF4H&amp;linkCode=as2\">Mexico<\/a><br \/>\nApple Books: <a href=\"https:\/\/books.apple.com\/es\/book\/id1593434880\">Espa\u00f1a<\/a>\u00a0| <a href=\"https:\/\/books.apple.com\/es\/book\/id1593434880\">Estados Unidos<\/a>\u00a0| <a href=\"https:\/\/books.apple.com\/es\/book\/id1593434880\">Mexico<\/a><br \/>\n<a href=\"https:\/\/www.casadellibro.com\/ebook-creatividad-ebook\/9788418049637\/12624113\">La Casa del Libro<\/a><br \/>\n<a href=\"https:\/\/www.elcorteingles.es\/ebooks\/tagus-9788418049637-creatividad-ebook\/\">El Corte Ingl\u00e9s<\/a><\/p>\n<ul class=\"a-unordered-list a-nostyle a-vertical a-spacing-none detail-bullet-list\">\n<li><span class=\"a-list-item\"><span class=\"a-text-bold\">Idioma:\u00a0<\/span>Espa\u00f1ol<\/span><\/li>\n<li>ISBN: 978-84-18049-53-8<\/li>\n<li><span class=\"a-list-item\"><span class=\"a-text-bold\">Editorial : <\/span>Experimenta Libros<\/span><\/li>\n<li>Formato: EPUB con DRM<\/li>\n<li><span class=\"a-list-item\"><span class=\"a-text-bold\">Tipograf\u00eda mejorada : <\/span>Activado<\/span><\/li>\n<li>Interior: negro<\/li>\n<\/ul>\n","protected":false},"featured_media":59685,"comment_status":"open","ping_status":"closed","template":"","meta":[],"product_cat":[9895,9801,9896],"product_tag":[9732,9730,9873,9764,9735,9642,9591,9766,9641,9770,9714,9762,9733,9771,9786,9778],"jetpack_sharing_enabled":true,"_links":{"self":[{"href":"https:\/\/www.experimenta.es\/tienda\/wp-json\/wp\/v2\/product\/59684"}],"collection":[{"href":"https:\/\/www.experimenta.es\/tienda\/wp-json\/wp\/v2\/product"}],"about":[{"href":"https:\/\/www.experimenta.es\/tienda\/wp-json\/wp\/v2\/types\/product"}],"replies":[{"embeddable":true,"href":"https:\/\/www.experimenta.es\/tienda\/wp-json\/wp\/v2\/comments?post=59684"}],"wp:featuredmedia":[{"embeddable":true,"href":"https:\/\/www.experimenta.es\/tienda\/wp-json\/wp\/v2\/media\/59685"}],"wp:attachment":[{"href":"https:\/\/www.experimenta.es\/tienda\/wp-json\/wp\/v2\/media?parent=59684"}],"wp:term":[{"taxonomy":"product_cat","embeddable":true,"href":"https:\/\/www.experimenta.es\/tienda\/wp-json\/wp\/v2\/product_cat?post=59684"},{"taxonomy":"product_tag","embeddable":true,"href":"https:\/\/www.experimenta.es\/tienda\/wp-json\/wp\/v2\/product_tag?post=59684"}],"curies":[{"name":"wp","href":"https:\/\/api.w.org\/{rel}","templated":true}]}}