{"id":59849,"date":"2022-01-12T15:50:41","date_gmt":"2022-01-12T14:50:41","guid":{"rendered":"https:\/\/www.experimenta.es\/tienda\/?post_type=product&#038;p=59849"},"modified":"2024-02-28T22:43:11","modified_gmt":"2024-02-28T21:43:11","slug":"mismatch-como-la-inclusion-da-forma-al-diseno-la-tecnologia-y-la-sociedad-2","status":"publish","type":"product","link":"https:\/\/www.experimenta.es\/tienda\/producto\/mismatch-como-la-inclusion-da-forma-al-diseno-la-tecnologia-y-la-sociedad-2\/","title":{"rendered":"Mismatch. C\u00f3mo la inclusi\u00f3n da forma al dise\u00f1o, la tecnolog\u00eda y la sociedad. (EPUB)"},"content":{"rendered":"<p>En ocasiones, los objetos dise\u00f1ados rechazan a sus usuarios: un mouse de computadora que no funciona para zurdos, por ejemplo; o un sistema de pago con pantalla t\u00e1ctil que solo funciona para personas que leen frases en ingl\u00e9s, que tienen visi\u00f3n 20\/20 y usan una tarjeta de cr\u00e9dito. Algo tan simple como las opciones de color puede hacer que un producto sea inutilizable para millones.<\/p>\n<p>Estos desajustes son los componentes b\u00e1sicos de la exclusi\u00f3n. <strong>En Mismatch, Kat Holmes describe c\u00f3mo el dise\u00f1o puede llevar a la exclusi\u00f3n y c\u00f3mo el dise\u00f1o tambi\u00e9n puede remediar la exclusi\u00f3n.<\/strong> Los m\u00e9todos de dise\u00f1o inclusivos (dise\u00f1ar objetos con usuarios excluidos en lugar de para ellos) pueden crear soluciones elegantes que funcionan bien y benefician a todos. Holmes cuenta historias de pioneros del dise\u00f1o inclusivo, muchos de los cuales se sintieron atra\u00eddos a trabajar en la inclusi\u00f3n debido a sus propias experiencias de exclusi\u00f3n.<\/p>\n<p><strong>Holmes muestra c\u00f3mo la inclusi\u00f3n puede ser una fuente de innovaci\u00f3n y crecimiento, especialmente para las tecnolog\u00edas digitales.<\/strong> Puede ser un catalizador para la creatividad y un impulso para los resultados a medida que se expande la base de clientes. Y cada vez que solucionamos una interacci\u00f3n no coincidente, creamos una oportunidad para que m\u00e1s personas contribuyan a la sociedad de manera significativa.<\/p>\n<p><em>\u201cKat Holmes nos muestra c\u00f3mo hacer de la inclusi\u00f3n una fuente de innovaci\u00f3n. Una lectura importante para cualquiera que aspire a crear excelentes productos para el mayor n\u00famero de personas.\u201d<\/em><br \/>\n<strong>Satya Nadella<\/strong>, CEO, Microsoft directora de Investigaci\u00f3n y Desarrollo en esa misma instituci\u00f3n.<\/p>\n<p>&nbsp;<\/p>\n<p><span class=\"Apple-converted-space\">SOBRE LA AUTORA<br \/>\n<\/span><strong>Kat Holmes<\/strong>, nombrada en 2017 como una de las \u201cpersonas m\u00e1s creativas en los negocios\u201d por la publicaci\u00f3n Fast Company, es fundadora de mismatch.design, una empresa dedicada a la educaci\u00f3n y a la generaci\u00f3n de recursos para el desarrollo del dise\u00f1o inclusivo. Entre 2010 y 2017, dirigi\u00f3 en Microsoft el programa ejecutivo de esa empresa para la innovaci\u00f3n de productos inclusivos. Su galardonado juego de herramientas fue incluido en el Cooper Hewitt, Smithsonian Design Museum. En 2018, Holmes se uni\u00f3 a Google y contin\u00faa avanzando en el desarrollo inclusivo de algunas de las tecnolog\u00edas m\u00e1s influyentes del mundo.<\/p>\n","protected":false},"excerpt":{"rendered":"<p><a href=\"https:\/\/www.experimenta.es\/tienda\/producto\/mismatch-como-la-inclusion-da-forma-al-diseno-la-tecnologia-y-la-sociedad\/\">*Tambi\u00e9n puedes comprar este libro en papel<\/a><\/p>\n<p><span style=\"color: #ff0000;\"><span style=\"color: #000000;\">Autor:<\/span> Kat Holmes<br \/>\n<\/span><\/p>\n<p>Pr\u00f3logo: John Maeda<\/p>\n<p>En ocasiones, los objetos dise\u00f1ados rechazan a sus usuarios: un mouse de computadora que no funciona para zurdos, por ejemplo; o un sistema de pago con pantalla t\u00e1ctil que solo funciona para personas que leen frases en ingl\u00e9s, que tienen visi\u00f3n 20\/20 y usan una tarjeta de cr\u00e9dito. Algo tan simple como las opciones de color puede hacer que un producto sea inutilizable para millones.<\/p>\n<p>Estos desajustes son los componentes b\u00e1sicos de la exclusi\u00f3n. <strong>En Mismatch, Kat Holmes describe c\u00f3mo el dise\u00f1o puede llevar a la exclusi\u00f3n y c\u00f3mo el dise\u00f1o tambi\u00e9n puede remediar la exclusi\u00f3n.<\/strong><\/p>\n<p>Puedes comprar este EPUB en: Amazon, Apple Books, Casa Del Libro, El Corte Ingl\u00e9s, Indigo, Kobo, Livraria Cultura, Per\u00fa eBooks, Siglo del Hombre, Tagusbooks&#8230;<br \/>\nAmazon: <a href=\"https:\/\/www.amazon.es\/gp\/product\/B09Q3GTZC7\/ref=as_li_tl?ie=UTF8&amp;creativeASIN=B09Q3GTZC7&amp;linkCode=as2\">Espa\u00f1a<\/a>\u00a0| <a href=\"https:\/\/www.amazon.com\/gp\/product\/B09Q3GTZC7\/ref=as_li_tl?ie=UTF8&amp;creativeASIN=B09Q3GTZC7&amp;linkCode=as2\">Estados Unidos<\/a>\u00a0| <a href=\"https:\/\/www.amazon.com.mx\/gp\/product\/B09Q3GTZC7\/ref=as_li_tl?ie=UTF8&amp;creativeASIN=B09Q3GTZC7&amp;linkCode=as2\">Mexico<\/a><br \/>\nApple Books: <a href=\"https:\/\/books.apple.com\/es\/book\/mismatch\/id1604178330\">Espa\u00f1a<\/a>\u00a0| <a href=\"https:\/\/books.apple.com\/es\/book\/mismatch\/id1604178330\">Estados Unidos<\/a>\u00a0| <a href=\"https:\/\/books.apple.com\/es\/book\/mismatch\/id1604178330\">Mexico<\/a><br \/>\nLa Casa del Libro<br \/>\nEl Corte Ingl\u00e9s<br \/>\nFnac<\/p>\n<ul class=\"a-unordered-list a-nostyle a-vertical a-spacing-none detail-bullet-list\">\n<li><span class=\"a-list-item\"><span class=\"a-text-bold\">Idioma:\u00a0<\/span>Espa\u00f1ol<\/span><\/li>\n<li>ISBN: 978-84-18049-66-8<\/li>\n<li><span class=\"a-list-item\"><span class=\"a-text-bold\">Editorial : <\/span>Experimenta Libros<\/span><\/li>\n<li>Formato: EPUB con DRM<\/li>\n<li><span class=\"a-list-item\"><span class=\"a-text-bold\">Tipograf\u00eda mejorada : <\/span>Activado<\/span><\/li>\n<li>Interior: negro<\/li>\n<\/ul>\n","protected":false},"featured_media":59850,"comment_status":"open","ping_status":"closed","template":"","meta":[],"product_cat":[9892,9801,9898],"product_tag":[9764,9735,9638,9591,9823,9777,9766,9641,9707,9708,9714,9762,9771,9786,9778],"jetpack_sharing_enabled":true,"_links":{"self":[{"href":"https:\/\/www.experimenta.es\/tienda\/wp-json\/wp\/v2\/product\/59849"}],"collection":[{"href":"https:\/\/www.experimenta.es\/tienda\/wp-json\/wp\/v2\/product"}],"about":[{"href":"https:\/\/www.experimenta.es\/tienda\/wp-json\/wp\/v2\/types\/product"}],"replies":[{"embeddable":true,"href":"https:\/\/www.experimenta.es\/tienda\/wp-json\/wp\/v2\/comments?post=59849"}],"wp:featuredmedia":[{"embeddable":true,"href":"https:\/\/www.experimenta.es\/tienda\/wp-json\/wp\/v2\/media\/59850"}],"wp:attachment":[{"href":"https:\/\/www.experimenta.es\/tienda\/wp-json\/wp\/v2\/media?parent=59849"}],"wp:term":[{"taxonomy":"product_cat","embeddable":true,"href":"https:\/\/www.experimenta.es\/tienda\/wp-json\/wp\/v2\/product_cat?post=59849"},{"taxonomy":"product_tag","embeddable":true,"href":"https:\/\/www.experimenta.es\/tienda\/wp-json\/wp\/v2\/product_tag?post=59849"}],"curies":[{"name":"wp","href":"https:\/\/api.w.org\/{rel}","templated":true}]}}