{"id":59873,"date":"2022-01-31T11:14:13","date_gmt":"2022-01-31T10:14:13","guid":{"rendered":"https:\/\/www.experimenta.es\/tienda\/?post_type=product&#038;p=59873"},"modified":"2024-10-14T21:04:33","modified_gmt":"2024-10-14T19:04:33","slug":"mentes-creativas-como-pasar-de-lo-ordinario-a-lo-extraordinario","status":"publish","type":"product","link":"https:\/\/www.experimenta.es\/tienda\/producto\/mentes-creativas-como-pasar-de-lo-ordinario-a-lo-extraordinario\/","title":{"rendered":"Mentes creativas"},"content":{"rendered":"<p>\u00bfCu\u00e1ntas veces te has preguntado de d\u00f3nde salen las ideas extraordinarias de personas como <strong>Ferran Adri\u00e0, Andoni Luis Aduriz, Toni Segarra, M\u00f3nica Moro, Carlos Latre o DJ Nano<\/strong>? \u00bfC\u00f3mo conviven con el riesgo de lanzar una idea que se sale de lo establecido? \u00bfEn qu\u00e9 se inspiran para tener esas ideas? \u00bfQu\u00e9 nos ocurrir\u00eda como pa\u00eds si realmente crey\u00e9ramos m\u00e1s en nosotros mismos y, con ello, en nuestra creatividad? Estas y otras muchas preguntas por fin tienen respuesta.<\/p>\n<p>En<strong><em> Mentes Creativas. C\u00f3mo pasar de lo ordinario en extraordinario<\/em><\/strong>, editado por Experimenta Libros, David Asensio <strong>re\u00fane por primera vez los pensamientos y claves de las mentes creativas m\u00e1s brillantes del pa\u00eds.<\/strong> En este libro encontraremos un estudio detallado de la influencia de la creatividad en todos los \u00e1mbitos de la sociedad a trav\u00e9s de las conversaciones mantenidas con ellas.<br \/>\nEl autor expone que Espa\u00f1a es uno de los pa\u00edses m\u00e1s creativos del mundo, l\u00edderes indiscutibles en muchos \u00e1mbitos; pero diversas circunstancias, desde el sistema educativo al miedo al fracaso o al qu\u00e9 dir\u00e1n, conllevan que creamos m\u00e1s en una moda venida de fuera que en una idea nacida dentro de nuestras fronteras.<\/p>\n<p>Transgresor, visionario, incisivo y creativo, <strong><em>Mentes Creativas. C\u00f3mo pasar de lo ordinario en extraordinario<\/em><\/strong> quiere convertirse en el estandarte de todo aquel que quiera liderar el futuro con la convicci\u00f3n de que para alcanzar lo extraordinario tendr\u00e1 que seguir su instinto en lugar de repetir lo que hacen los dem\u00e1s.<\/p>\n<p><span class=\"Apple-converted-space\">SOBRE EL AUTOR<br \/>\n<\/span><\/p>\n<p><strong>David Asensio Garc\u00eda<\/strong> es el fundador de Chocolate Rojo Consulting, consultora que promulga la importancia de la creatividad tanto en las culturas empresariales como en la sociedad. Adem\u00e1s es conferenciante, colaborador en medios de comunicaci\u00f3n y uno de los bloggers de referencia en management. Con sus portales <em>El principio de un comienzo<\/em> y <em>Walk into a business<\/em> ha alcanzado la cifra de m\u00e1s de tres millones de visitas en todo el mundo.<br \/>\nEs autor de los libros <em>Liderazgo canalla. Libera tu lado m\u00e1s rebelde<\/em>, en el que estimula a los lectores a sacar su lado m\u00e1s aut\u00e9ntico; as\u00ed como tambi\u00e9n de <em>Mofeta branding: C\u00f3mo son las marcas que transforman el mundo<\/em>, en el que nos presenta las claves de las marcas m\u00e1s disruptivas y nos explica c\u00f3mo ser una de ellas; y su m\u00e1s reciente libro<em><a href=\"https:\/\/www.experimenta.es\/tienda\/producto\/creatividad-contra-el-caos-y-la-incertidumbre-2\/\"> Creatividad. Contra el caos y la incertidumbre<\/a>, de Azimut \/ Experimenta Libros.\u00a0<\/em><\/p>\n","protected":false},"excerpt":{"rendered":"<p><span style=\"color: #ff0000;\"><span style=\"color: #000000;\">Autor:<\/span> David Asensio<br \/>\n<span style=\"color: #000000;\">Pr\u00f3logos de <strong>Andoni Luis Aduriz<\/strong> y <strong>Toni Segarra<\/strong><\/span><br \/>\n<\/span><\/p>\n<p>\u00bfCu\u00e1ntas veces te has preguntado de d\u00f3nde salen las ideas extraordinarias de personas como <strong>Ferran Adri\u00e0, Andoni Luis Aduriz, Toni Segarra, M\u00f3nica Moro, Carlos Latre o DJ Nano<\/strong>? \u00bfC\u00f3mo conviven con el riesgo de lanzar una idea que se sale de lo establecido? \u00bfEn qu\u00e9 se inspiran para tener esas ideas? \u00bfQu\u00e9 nos ocurrir\u00eda como pa\u00eds si realmente crey\u00e9ramos m\u00e1s en nosotros mismos y, con ello, en nuestra creatividad? Estas y otras muchas preguntas por fin tienen respuesta.<\/p>\n<p>En<em> Mentes Creativas. C\u00f3mo transformar lo ordinario en extraordinario<\/em>, David Asensio <strong>re\u00fane por primera vez los pensamientos y claves de las mentes creativas m\u00e1s brillantes del pa\u00eds.<\/strong> En este libro encontraremos un estudio detallado de la influencia de la creatividad en todos los \u00e1mbitos de la sociedad a trav\u00e9s de las conversaciones mantenidas con ellas.<br \/>\nEl autor expone que Espa\u00f1a es uno de los pa\u00edses m\u00e1s creativos del mundo, l\u00edderes indiscutibles en muchos \u00e1mbitos; pero diversas circunstancias, desde el sistema educativo al miedo al fracaso o al qu\u00e9 dir\u00e1n, conllevan que creamos m\u00e1s en una moda venida de fuera que en una idea nacida dentro de nuestras fronteras.<\/p>\n<ul class=\"a-unordered-list a-nostyle a-vertical a-spacing-none detail-bullet-list\">\n<li>ISBN: 978-84-18049-78-1<\/li>\n<li>Medidas: 16 x 23 cm<\/li>\n<li>P\u00e1ginas: 214<\/li>\n<li>Encuadernaci\u00f3n: R\u00fastica<\/li>\n<li>Impresi\u00f3n interior: Negro (con im\u00e1genes a color)<\/li>\n<li>Edici\u00f3n: Experimenta Libros<\/li>\n<\/ul>\n","protected":false},"featured_media":59880,"comment_status":"open","ping_status":"closed","template":"","meta":[],"product_cat":[9895,9896,7313],"product_tag":[9732,9730,9873,9764,9766,9641,9770,9714,9733,9771,9761,9786,9778],"jetpack_sharing_enabled":true,"_links":{"self":[{"href":"https:\/\/www.experimenta.es\/tienda\/wp-json\/wp\/v2\/product\/59873"}],"collection":[{"href":"https:\/\/www.experimenta.es\/tienda\/wp-json\/wp\/v2\/product"}],"about":[{"href":"https:\/\/www.experimenta.es\/tienda\/wp-json\/wp\/v2\/types\/product"}],"replies":[{"embeddable":true,"href":"https:\/\/www.experimenta.es\/tienda\/wp-json\/wp\/v2\/comments?post=59873"}],"wp:featuredmedia":[{"embeddable":true,"href":"https:\/\/www.experimenta.es\/tienda\/wp-json\/wp\/v2\/media\/59880"}],"wp:attachment":[{"href":"https:\/\/www.experimenta.es\/tienda\/wp-json\/wp\/v2\/media?parent=59873"}],"wp:term":[{"taxonomy":"product_cat","embeddable":true,"href":"https:\/\/www.experimenta.es\/tienda\/wp-json\/wp\/v2\/product_cat?post=59873"},{"taxonomy":"product_tag","embeddable":true,"href":"https:\/\/www.experimenta.es\/tienda\/wp-json\/wp\/v2\/product_tag?post=59873"}],"curies":[{"name":"wp","href":"https:\/\/api.w.org\/{rel}","templated":true}]}}