{"id":59874,"date":"2022-01-31T11:33:48","date_gmt":"2022-01-31T10:33:48","guid":{"rendered":"https:\/\/www.experimenta.es\/tienda\/?post_type=product&#038;p=59874"},"modified":"2024-10-14T21:04:50","modified_gmt":"2024-10-14T19:04:50","slug":"cronica-del-siglo-de-la-peste-pandemias-discapacidad-y-diseno","status":"publish","type":"product","link":"https:\/\/www.experimenta.es\/tienda\/producto\/cronica-del-siglo-de-la-peste-pandemias-discapacidad-y-diseno\/","title":{"rendered":"Cr\u00f3nica del siglo de la peste. Pandemias, discapacidad y dise\u00f1o."},"content":{"rendered":"<p>La crisis sanitaria provocada por el SARS-CoV-2 ha <strong>puesto de manifiesto el complejo v\u00ednculo entre enfermedad y dise\u00f1o<\/strong>, una relaci\u00f3n que no es nueva: hace un siglo, la gripe espa\u00f1ola y la tuberculosis impulsaron el desarrollo de la arquitectura moderna; m\u00e1s tarde, la poliomielitis y las guerras hicieron visibles las dificultades de integraci\u00f3n de quienes padec\u00edan sus secuelas; y en los a\u00f1os ochenta del pasado siglo, el sida se convirti\u00f3 en un fen\u00f3meno medi\u00e1tico.<\/p>\n<p><em>Cr\u00f3nica del siglo de la peste. Pandemias, discapacidad y dise\u00f1o<\/em> se ocupa del impacto <strong>de las enfermedades infecciosas en los \u00faltimos cien a\u00f1os y de la capacidad del del dise\u00f1o para paliar sus consecuencias y minimizar la marginaci\u00f3n de quienes las sufren.<\/strong><\/p>\n<p>El rechazo de la cultura moderna a la discapacidad y los principios eugen\u00e9sicos que dieron forma al Movimiento Moderno llevaron a la arquitectura y al dise\u00f1o a ensalzar los valores raciales de una cultura industrial. Si la sociedad de la opulencia propici\u00f3 una pr\u00e1ctica competitiva inspirada en la selecci\u00f3n natural, la sociedad del futuro debe impulsar la solidaridad y la cooperaci\u00f3n. El objetivo del dise\u00f1o no puede ser otro que contribuir a mejorar la vida de la gente y ayudar a construir una sociedad m\u00e1s justa.<\/p>\n<p>Un libro que detalla los momentos m\u00e1s relevantes de las diferentes crisis sanitarias de los \u00faltimos cien a\u00f1os y c\u00f3mo el dise\u00f1o ha sido un factor fundamental para su resoluci\u00f3n. <strong>Incluye 280 im\u00e1genes que ilustran el contenido de esta fant\u00e1stica obra.<\/strong><\/p>\n<p><span class=\"Apple-converted-space\">SOBRE EL AUTOR<br \/>\n<\/span><\/p>\n<p><strong>Eugenio Vega<\/strong> es doctor en Bellas Artes y doctor en Ciencias de la Informaci\u00f3n por la Universidad Complutense de Madrid. Durante m\u00e1s de veinticinco a\u00f1os ha ejercido la docencia en la Escuela de Arte 10 de Madrid y en la Facultad de Bellas Artes de la Universidad Complutense. Ha impartido numerosos cursos de postgrado en las universidades de Madrid y A Coru\u00f1a, y ha dirigido varias tesis doctorales sobre dise\u00f1o y comunicaci\u00f3n visual. Entre 2004 a 2012 fue director de la Escuela de Arte 10 y \u00a0particip\u00f3 en el desarrollo normativo de la ense\u00f1anza del dise\u00f1o tras la incorporaci\u00f3n de Espa\u00f1a al EEES. Ha sido evaluador de los t\u00edtulos de postgrado de las ense\u00f1anzas art\u00edsticas superiores en ANECA y otras agencias auton\u00f3micas.<\/p>\n<p>En la actualidad preside la Confederaci\u00f3n de Escuelas de Artes Pl\u00e1sticas y Dise\u00f1o. Es tambi\u00e9n responsable de investigaci\u00f3n de Experimenta, donde colabora en la redacci\u00f3n de contenidos y en la traducci\u00f3n de libros sobre historia y metodolog\u00eda del dise\u00f1o. Ha publicado diversos estudios sobre la compleja relaci\u00f3n entre dise\u00f1o, educaci\u00f3n y pol\u00edtica, entre los que cabe destacar <em>Tiempos modernos, tiempos dif\u00edciles<\/em> (2013) y <a href=\"https:\/\/www.experimenta.es\/tienda\/producto\/de-weimar-a-ulm-mito-y-realidad-de-la-bauhaus-1919-1972\/\"><em>De Weimar a Ulm. Mito y realidad de la Bauhaus<\/em><\/a> (2019).<\/p>\n","protected":false},"excerpt":{"rendered":"<p><span style=\"color: #ff0000;\"><span style=\"color: #000000;\">Autor:<\/span> Eugenio Vega<br \/>\n<\/span><\/p>\n<p>La crisis sanitaria provocada por el SARS-CoV-2 ha <strong>puesto de manifiesto el complejo v\u00ednculo entre enfermedad y dise\u00f1o<\/strong>, una relaci\u00f3n que no es nueva: hace un siglo, la gripe espa\u00f1ola y la tuberculosis impulsaron el desarrollo de la arquitectura moderna; m\u00e1s tarde, la poliomielitis y las guerras hicieron visibles las dificultades de integraci\u00f3n de quienes padec\u00edan sus secuelas; y en los a\u00f1os ochenta del pasado siglo, el sida se convirti\u00f3 en un fen\u00f3meno medi\u00e1tico.<\/p>\n<p><em>Cr\u00f3nica del siglo de la peste. Pandemias, discapacidad y dise\u00f1o<\/em> se ocupa del impacto <strong>de las enfermedades infecciosas en los \u00faltimos cien a\u00f1os y de la capacidad del del dise\u00f1o para paliar sus consecuencias y minimizar la marginaci\u00f3n de quienes las sufren.<\/strong><\/p>\n<ul class=\"a-unordered-list a-nostyle a-vertical a-spacing-none detail-bullet-list\">\n<li>ISBN: 978-84-18049-73-6<\/li>\n<li>Medidas: 16 x 23 cm<\/li>\n<li>P\u00e1ginas: 304<\/li>\n<li>Encuadernaci\u00f3n: R\u00fastica<\/li>\n<li>Impresi\u00f3n interior: Negro (con 280 im\u00e1genes)<\/li>\n<li>Edici\u00f3n: Experimenta Libros \/ Colecci\u00f3n Theoria<\/li>\n<\/ul>\n","protected":false},"featured_media":59879,"comment_status":"open","ping_status":"closed","template":"","meta":[],"product_cat":[9894,9892,9898,7313],"product_tag":[9730,9859,9823,9641,9763,9714,9786,9778],"jetpack_sharing_enabled":true,"_links":{"self":[{"href":"https:\/\/www.experimenta.es\/tienda\/wp-json\/wp\/v2\/product\/59874"}],"collection":[{"href":"https:\/\/www.experimenta.es\/tienda\/wp-json\/wp\/v2\/product"}],"about":[{"href":"https:\/\/www.experimenta.es\/tienda\/wp-json\/wp\/v2\/types\/product"}],"replies":[{"embeddable":true,"href":"https:\/\/www.experimenta.es\/tienda\/wp-json\/wp\/v2\/comments?post=59874"}],"wp:featuredmedia":[{"embeddable":true,"href":"https:\/\/www.experimenta.es\/tienda\/wp-json\/wp\/v2\/media\/59879"}],"wp:attachment":[{"href":"https:\/\/www.experimenta.es\/tienda\/wp-json\/wp\/v2\/media?parent=59874"}],"wp:term":[{"taxonomy":"product_cat","embeddable":true,"href":"https:\/\/www.experimenta.es\/tienda\/wp-json\/wp\/v2\/product_cat?post=59874"},{"taxonomy":"product_tag","embeddable":true,"href":"https:\/\/www.experimenta.es\/tienda\/wp-json\/wp\/v2\/product_tag?post=59874"}],"curies":[{"name":"wp","href":"https:\/\/api.w.org\/{rel}","templated":true}]}}