{"id":60063,"date":"2022-04-01T11:02:10","date_gmt":"2022-04-01T09:02:10","guid":{"rendered":"https:\/\/www.experimenta.es\/tienda\/?post_type=product&#038;p=60063"},"modified":"2023-10-02T12:38:44","modified_gmt":"2023-10-02T10:38:44","slug":"revista-experimenta-92","status":"publish","type":"product","link":"https:\/\/www.experimenta.es\/tienda\/producto\/revista-experimenta-92\/","title":{"rendered":"Revista Experimenta 92"},"content":{"rendered":"<div>\n<p>Estrategia y dise\u00f1o est\u00e1n \u00edntimamente relacionados, y de su equilibro -en ocasiones inestable- depende el \u00e9xito o el fracaso de un proyecto. Como en el Yin y el Yang tao\u00edsta construyen un v\u00ednculo dual entre estas dos fuerzas -aparentemente- opuestas y complementarias que se encuentran en todas las cosas.<\/p>\n<p>Una dualidad a la que refieren <strong>Maite del Mundo<\/strong> y <strong>Cristina Latorre<\/strong> -Creatique- en su art\u00edculo de esta edici\u00f3n al afirmar que <i>\u201cestrategia y dise\u00f1o forman un binomio decisivo que se debe trabajar desde el inicio e incide sobre los resultados de nuestro trabajo\u201d<\/i>.<span class=\"gmail-Apple-converted-space\">\u00a0<\/span><\/p>\n<p>La visi\u00f3n estrat\u00e9gica permite superar la instancia de entender al dise\u00f1o como complemento de las etapas finales del proceso productivo, que alimenta \u201c<i>la tradicional imagen del dise\u00f1ador dando forma a un artefacto del mismo modo que un escultor da forma a su obra, lo que impide comprender el verdadero papel del dise\u00f1o en la sociedad<\/i>\u201d-<strong>Eugenio Vega<\/strong>, <i>\u201cLos inicios de la gesti\u00f3n del dise\u00f1o\u201d<\/i>&#8211; para posicionarlo en el eje central de la gesti\u00f3n.<\/p>\n<p>Pero, claro est\u00e1, que esta visi\u00f3n ha ido evolucionando. Como afirma\u00a0<strong>Rodrigo Mart\u00ednez<\/strong> en su art\u00edculo <i>\u201cEl dise\u00f1o al servicio del negocio\u201d<\/i>, la disciplina del dise\u00f1o <i>\u201cha ido tomando, progresiva y simult\u00e1neamente, un papel cada vez m\u00e1s importante en el plano estrat\u00e9gico de empresas y organizaciones. Sin embargo, este rol estrat\u00e9gico no es un enfoque estrictamente novedoso, ya que a lo largo de la historia, grandes referentes del dise\u00f1o han sido para sus clientes mucho m\u00e1s que meros configuradores de soluciones\u201d<\/i>.<\/p>\n<p>Algo que tambi\u00e9n expresa <b>Norberto Chaves<\/b> en su art\u00edculo <i>\u201cDesign Management: una grieta que no termina de cerrarse\u201d<\/i> al decir que <i>\u201cla complejidad de la Gesti\u00f3n del Dise\u00f1o se multiplica si consideramos la cobertura, pr\u00e1cticamente universal, del dise\u00f1o sobre la producci\u00f3n: no hay organizaci\u00f3n que no necesite insumir alg\u00fan tipo de servicio de dise\u00f1o\u201d<\/i>.<\/p>\n<p>Para continuar profundizando en la relaci\u00f3n entre gesti\u00f3n y dise\u00f1o, conversamos con <strong>Ver\u00f2nica Fuerte<\/strong>, toda una referencia dentro del panorama del dise\u00f1o gr\u00e1fico espa\u00f1ol con proyecci\u00f3n internacional y quien es, al mismo tiempo, una emprendedora que lleva adelante tanto Hey -su estudio- como su tienda Hey Shop y la creaci\u00f3n del podcast Women at Work. Una mujer que lidera con pasi\u00f3n una gesti\u00f3n compleja en diferentes \u00e1reas del negocio de la gr\u00e1fica y la comunicaci\u00f3n.<\/p>\n<p><strong>Felipe Taborda<\/strong> dialoga con <strong>Stefan Sagmeister<\/strong> -probablemente uno de los \u00faltimos <i>Rockstar <\/i>del dise\u00f1o- sobre la relaci\u00f3n existente entre arte y dise\u00f1o; y con <strong>Juli\u00e1n Naranjo<\/strong>, uno de los m\u00e1s destacados dise\u00f1adores chilenos, autor de proyectos ic\u00f3nicos.<\/p>\n<p><strong>GAIN<\/strong>, la Agencia Gallega de Innovaci\u00f3n, nos introduce en <strong>Diferenza<\/strong>, un proyecto sostenible de innovaci\u00f3n y dise\u00f1o estrat\u00e9gico para la transformaci\u00f3n social y econ\u00f3mica de Galicia.<\/p>\n<p>Tambi\u00e9n, como es habitual en Experimenta, est\u00e1n presentes nuestras secciones ZUM -dedicada a proyectos minimalistas-, Foco -con un homenaje al arquitecto <strong>Ricardo Bofill<\/strong>-, 5Libros y Deseo. Y, por supuesto, mucho m\u00e1s sobre arquitectura, interiorismo, digital, dise\u00f1o gr\u00e1fico, dise\u00f1o de producto e industrial.<\/p>\n<p>Una nueva edici\u00f3n de nuestra revista que explora esta din\u00e1mica de relaciones cruzadas en las que analizamos c\u00f3mo a partir de gestionar el dise\u00f1o, podemos proponer dise\u00f1ar un nuevo modelo de gesti\u00f3n. Un modelo integrador, transformador y \u00fatil para toda la sociedad.<\/p>\n<p><strong>\u00a1Bienvenidos a Experimenta 92!<\/strong><\/p>\n<\/div>\n","protected":false},"excerpt":{"rendered":"<p><b>Gestionar el dise\u00f1o para dise\u00f1ar la gesti\u00f3n. <\/b>Equilibrio inestable, campos imprecisos.<\/p>\n<p>Como dise\u00f1adores siempre hemos entendido nuestro hacer m\u00e1s all\u00e1 del objeto resultante. Y a la gesti\u00f3n del dise\u00f1o como una herramienta eficaz para mejorar condiciones y procesos en cualquier \u00e1mbito de la cultura, la econom\u00eda y la sociedad.<\/p>\n<p>El campo impreciso de la definici\u00f3n profesional y sus incumbencias configuran as\u00ed una difusa percepci\u00f3n alrededor de las implicancias positivas que conlleva la gesti\u00f3n del dise\u00f1o y sus m\u00faltiples aplicaciones.<\/p>\n<p>En Experimenta 92, los invitamos a gestionar el dise\u00f1o para dise\u00f1ar la gesti\u00f3n.<\/p>\n<div class=\"page\" title=\"Page 4\">\n<div class=\"layoutArea\">\n<div class=\"column\">\n<p>\u00b7 Edici\u00f3n: Primavera 2022<br \/>\n\u00b7 ISBN: 978-84-18049-79-8<br \/>\n\u00b7 Medidas: 23 x 26,5 cm<br \/>\n\u00b7 P\u00e1ginas: 120<\/p>\n<\/div>\n<\/div>\n<\/div>\n","protected":false},"featured_media":60068,"comment_status":"open","ping_status":"closed","template":"","meta":[],"product_cat":[7311],"product_tag":[9713,9732,9730,9735,9638,9591,9777,9766,9748,9770,9707,9708,9714,9762,9778],"jetpack_sharing_enabled":true,"_links":{"self":[{"href":"https:\/\/www.experimenta.es\/tienda\/wp-json\/wp\/v2\/product\/60063"}],"collection":[{"href":"https:\/\/www.experimenta.es\/tienda\/wp-json\/wp\/v2\/product"}],"about":[{"href":"https:\/\/www.experimenta.es\/tienda\/wp-json\/wp\/v2\/types\/product"}],"replies":[{"embeddable":true,"href":"https:\/\/www.experimenta.es\/tienda\/wp-json\/wp\/v2\/comments?post=60063"}],"wp:featuredmedia":[{"embeddable":true,"href":"https:\/\/www.experimenta.es\/tienda\/wp-json\/wp\/v2\/media\/60068"}],"wp:attachment":[{"href":"https:\/\/www.experimenta.es\/tienda\/wp-json\/wp\/v2\/media?parent=60063"}],"wp:term":[{"taxonomy":"product_cat","embeddable":true,"href":"https:\/\/www.experimenta.es\/tienda\/wp-json\/wp\/v2\/product_cat?post=60063"},{"taxonomy":"product_tag","embeddable":true,"href":"https:\/\/www.experimenta.es\/tienda\/wp-json\/wp\/v2\/product_tag?post=60063"}],"curies":[{"name":"wp","href":"https:\/\/api.w.org\/{rel}","templated":true}]}}