{"id":60128,"date":"2022-04-06T10:07:19","date_gmt":"2022-04-06T08:07:19","guid":{"rendered":"https:\/\/www.experimenta.es\/tienda\/?post_type=product&#038;p=60128"},"modified":"2024-10-14T21:05:56","modified_gmt":"2024-10-14T19:05:56","slug":"utop-ia-fabulas-sobre-humanos-y-otras-maquinas-de-vending","status":"publish","type":"product","link":"https:\/\/www.experimenta.es\/tienda\/producto\/utop-ia-fabulas-sobre-humanos-y-otras-maquinas-de-vending\/","title":{"rendered":"Utop.IA. F\u00e1bulas sobre humanos y otras m\u00e1quinas de vending"},"content":{"rendered":"<p>\u00bfDeber\u00edan las m\u00e1quinas tomar decisiones morales? \u00bfDeber\u00eda un robot decidir sobre la vida y la muerte de los humanos? \u00bfDeber\u00eda una m\u00e1quina sustituir el vientre materno? \u00bfDeber\u00eda el humano ser mejorado por la ingenier\u00eda gen\u00e9tica? \u00bfQu\u00e9 significa \u00abmejorar al humano\u00bb?<\/p>\n<p>Dec\u00eda Voltaire que el presente est\u00e1 pre\u00f1ado del futuro. Que en el presente que hoy vivimos est\u00e1n las semillas desde las que germinar\u00e1 el futuro. Si esto es as\u00ed, ese futuro se levantar\u00e1 a partir de las tecnolog\u00edas que hoy dise\u00f1amos. Y si queremos que ese futuro sea el que deseamos no podemos eludir plantearnos hoy los problemas \u00e9ticos, pol\u00edticos y sociales que ya nos plantea la tecnolog\u00eda. Utop.IA es una colecci\u00f3n de relatos breves de ciencia ficci\u00f3n, escenarios de ese futuro que est\u00e1 por venir cuya intenci\u00f3n es plasmar esas preguntas.<\/p>\n<p>Para animar al lector a buscar sus propias soluciones. Para contribuir a un debate p\u00fablico ineludible. Para alimentarlo.<\/p>\n<p>Utop.IA, es un compendio de los cuentos publicados en la p\u00e1gina web de la revista Experimenta y a\u00fan otros in\u00e9ditos, nacidos como material para animar el debate en clases de \u00e9tica de la tecnolog\u00eda, explora tecnolog\u00edas y dise\u00f1os como la ingenier\u00eda gen\u00e9tica en humanos, los implantes bi\u00f3nicos y la promesa del c\u00edborg, las m\u00e1quinas capaces de tomar decisiones \u00e9ticas y de imponerlas, la modificaci\u00f3n farmac\u00e9utica de nuestros procesos cognitivos, la intervenci\u00f3n qu\u00edmica en nuestros afectos, etc.<\/p>\n<p>Porque si queremos un futuro mejor tenemos que empezar a pensarlo ya.<\/p>\n<p>&nbsp;<\/p>\n<p><span class=\"Apple-converted-space\">SOBRE EL AUTOR<br \/>\n<\/span><\/p>\n<p><strong>Luis Montero<\/strong>\u00a0naci\u00f3 en el 65. Estudi\u00f3 Publicidad y Filosof\u00eda y Letras. Ha vivido en Madrid, Nueva York, Londres, Fr\u00e1ncfort, Marrakech, Benar\u00e9s y ahora en Palma. Trabaj\u00f3 como Director Creativo en Tiempo\/BBDO, como Director de Planificaci\u00f3n Estrat\u00e9gica y Director de Usabilidad en Teknoland, fund\u00f3 The Cocktail y fue Chief Philosophy Officer en Soulsight. Con clientes como Movistar, Vodaphone, Santander, BBVA, Sabadell, Bankinter, Campofr\u00edo, Sodexo, Viesgo, Engie, IKEA, Mahou, AXA, etc. en proyectos en Espa\u00f1a, UE, UK, USA y Am\u00e9rica Latina e India.<\/p>\n<p>Particip\u00f3 en la primera antolog\u00eda sobre el futuro de las interfaces en castellano. Public\u00f3 los ensayos <em>Las pol\u00edticas del dise\u00f1o<\/em> y <em>Sobre eso que hoy llaman educaci\u00f3n<\/em>. Y las novelas sobre la construcci\u00f3n de la identidad: <em>Artr\u00f3podos, Feliz<\/em> <em>A\u00f1o Nuevo<\/em> y <em>Clon<\/em>. Ha escrito los tratados de ontotecnolog\u00eda <em>Mundo-hecho<\/em> y <em>Dejad que las m\u00e1quinas se acerquen a m\u00ed<\/em>. Ha dictado cursos sobre \u00e9tica, dise\u00f1o y tecnolog\u00eda en Instituto de Empresa, Miami Ad School, Tracor, Madrid Speculative Futures e Instituto Tramontana. Adem\u00e1s, es co-promotor de la iniciativa Tamagotchi, espacio de reflexi\u00f3n sobre el futuro mediado por la tecnolog\u00eda. Y ha colaborado en medios como El Pa\u00eds, El Economista o la revista El Estado Mental reflexionando sobre econom\u00eda pol\u00edtica y tecnolog\u00eda. Y, a veces, da charlas, \u00faltimamente sobre dos temas relacionados: el impacto de la tecnolog\u00eda en la sociedad y \u00c9tica, dise\u00f1o y tecnolog\u00eda.<\/p>\n<p>Es autor del libro <em>El dise\u00f1o de nosotros mismos<\/em> una introducci\u00f3n a la relaci\u00f3n entre filosof\u00eda y dise\u00f1o, editado por Experimenta Libros.<\/p>\n","protected":false},"excerpt":{"rendered":"<p><span style=\"color: #ff0000;\"><span style=\"color: #000000;\">Autor:<\/span> Luis Montero<\/span><\/p>\n<div id=\":jd\" class=\"Ar Au Ao\">\n<div id=\":j9\" class=\"Am Al editable LW-avf tS-tW tS-tY\" tabindex=\"1\" role=\"textbox\" contenteditable=\"true\" spellcheck=\"false\" aria-label=\"Cuerpo del mensaje\" aria-multiline=\"true\">\n<p>\u00bfDeber\u00edan las m\u00e1quinas tomar decisiones morales? \u00bfDeber\u00eda un robot decidir sobre la vida y la muerte de los humanos? \u00bfDeber\u00eda una m\u00e1quina sustituir el vientre materno? \u00bfDeber\u00eda el humano ser mejorado por la ingenier\u00eda gen\u00e9tica? \u00bfQu\u00e9 significa \u00abmejorar al humano\u00bb?<\/p>\n<p>Utop.IA es una colecci\u00f3n de relatos breves de ciencia ficci\u00f3n, escenarios de ese futuro que est\u00e1 por venir cuya intenci\u00f3n es plasmar esas preguntas.<\/p>\n<p>Para animar al lector a buscar sus propias soluciones. Para contribuir a un debate p\u00fablico ineludible. Para alimentarlo.<\/p>\n<p>&nbsp;<\/p>\n<\/div>\n<\/div>\n<ul class=\"a-unordered-list a-nostyle a-vertical a-spacing-none detail-bullet-list\">\n<li>ISBN: 978-84-18049-81-1<\/li>\n<li>Medidas: 16 x 23 cm<\/li>\n<li>P\u00e1ginas: 184<\/li>\n<li>Encuadernaci\u00f3n: R\u00fastica<\/li>\n<li>Impresi\u00f3n interior: Negro<\/li>\n<li>Edici\u00f3n: Experimenta Libros<\/li>\n<\/ul>\n","protected":false},"featured_media":60133,"comment_status":"open","ping_status":"closed","template":"","meta":[],"product_cat":[9898,7313],"product_tag":[9881,9730,9883,9641,9794,9770,9714,9882,9786,9778],"jetpack_sharing_enabled":true,"_links":{"self":[{"href":"https:\/\/www.experimenta.es\/tienda\/wp-json\/wp\/v2\/product\/60128"}],"collection":[{"href":"https:\/\/www.experimenta.es\/tienda\/wp-json\/wp\/v2\/product"}],"about":[{"href":"https:\/\/www.experimenta.es\/tienda\/wp-json\/wp\/v2\/types\/product"}],"replies":[{"embeddable":true,"href":"https:\/\/www.experimenta.es\/tienda\/wp-json\/wp\/v2\/comments?post=60128"}],"wp:featuredmedia":[{"embeddable":true,"href":"https:\/\/www.experimenta.es\/tienda\/wp-json\/wp\/v2\/media\/60133"}],"wp:attachment":[{"href":"https:\/\/www.experimenta.es\/tienda\/wp-json\/wp\/v2\/media?parent=60128"}],"wp:term":[{"taxonomy":"product_cat","embeddable":true,"href":"https:\/\/www.experimenta.es\/tienda\/wp-json\/wp\/v2\/product_cat?post=60128"},{"taxonomy":"product_tag","embeddable":true,"href":"https:\/\/www.experimenta.es\/tienda\/wp-json\/wp\/v2\/product_tag?post=60128"}],"curies":[{"name":"wp","href":"https:\/\/api.w.org\/{rel}","templated":true}]}}