{"id":60560,"date":"2022-07-27T17:32:50","date_gmt":"2022-07-27T15:32:50","guid":{"rendered":"https:\/\/www.experimenta.es\/tienda\/?post_type=product&#038;p=60560"},"modified":"2024-11-06T09:41:58","modified_gmt":"2024-11-06T08:41:58","slug":"la-marca-compostela-memoria-grafica-de-un-simbolo","status":"publish","type":"product","link":"https:\/\/www.experimenta.es\/tienda\/producto\/la-marca-compostela-memoria-grafica-de-un-simbolo\/","title":{"rendered":"La marca Compostela. Memoria gr\u00e1fica de un s\u00edmbolo."},"content":{"rendered":"<p>Este libro nace del proyecto \u00abLa marca Compostela\u00bb que se inici\u00f3 en 2008 y <strong>es una recopilaci\u00f3n de m\u00e1s de ciento diez s\u00edmbolos<\/strong> extra\u00eddos de logotipos, carteles, im\u00e1genes de congresos, eventos comerciales, publicidad, rotulaci\u00f3n, etc. que utilizan o utilizaron la vieira, s\u00edmbolo del Camino del Ap\u00f3stol y v\u00ednculo indiscutible con Galicia y con su capital, Santiago de Compostela.<\/p>\n<p>La intenci\u00f3n es ense\u00f1ar la variedad de formas con las que se puede representar la vieira, algunas muy similares pero no iguales y otras muy originales.<\/p>\n<p>&nbsp;<\/p>\n<p><span class=\"Apple-converted-space\">SOBRE El AUTOR<br \/>\n<\/span><\/p>\n<p><strong>Alberto R. Rodr\u00edguez P\u00e9rez<\/strong> estudi\u00f3 dibujo publicitario, dise\u00f1o gr\u00e1fico e interiores a mediados de los 80. Se termin\u00f3 de formar trabajando en el mundo de las artes gr\u00e1ficas \u2013imprentas, rotativas, agencias, estudios, etc.\u2013\u00a0desde finales de los 80 hasta la fecha. Lleg\u00f3 a Galicia, la tierra de sus padres, desde su Montevideo natal en 2001. Del otro lado del mar llev\u00f3 adelante la creaci\u00f3n de productos, dise\u00f1o de marcas gr\u00e1ficas y fue maquetador de peri\u00f3dicos y prensa digital; en Galicia cuenta en su haber con el dise\u00f1o de m\u00e1s de doscientas publicaciones, numerosas im\u00e1genes y marcas. Desde hace no mucho, con profesionalidad, humor y excelente trato, asesora e imparte diferentes cursos.<\/p>\n","protected":false},"excerpt":{"rendered":"<p><span style=\"color: #ff0000;\"><span style=\"color: #000000;\">Autor:<\/span> Alberto R. Rodr\u00edguez P\u00e9rez<br \/>\n<\/span><\/p>\n<div>\n<p>Este libro nace del proyecto \u00abLa marca Compostela\u00bb que se inici\u00f3 en 2008 y es una recopilaci\u00f3n de m\u00e1s de ciento diez s\u00edmbolos extra\u00eddos de logotipos, carteles, im\u00e1genes de congresos, eventos comerciales, publicidad, rotulaci\u00f3n, etc. que utilizan o utilizaron la vieira, s\u00edmbolo del Camino del Ap\u00f3stol y v\u00ednculo indiscutible con Galicia y con su capital, Santiago de Compostela.<\/p>\n<\/div>\n<p>&nbsp;<\/p>\n<ul>\n<li>ISBN: 978-84-941488-5-9<\/li>\n<li>Medidas: 14 x 18 cm<\/li>\n<li>P\u00e1ginas: 128<\/li>\n<li>Encuadernaci\u00f3n: R\u00fastica<\/li>\n<li>Impresi\u00f3n interior: Color<\/li>\n<li>Edici\u00f3n: Asociaci\u00f3n Cultural Rocamadour<\/li>\n<\/ul>\n","protected":false},"featured_media":60565,"comment_status":"open","ping_status":"closed","template":"","meta":[],"product_cat":[9897,9892,7313],"product_tag":[9888,9859,9641,9762,9861,9887,9860],"jetpack_sharing_enabled":true,"_links":{"self":[{"href":"https:\/\/www.experimenta.es\/tienda\/wp-json\/wp\/v2\/product\/60560"}],"collection":[{"href":"https:\/\/www.experimenta.es\/tienda\/wp-json\/wp\/v2\/product"}],"about":[{"href":"https:\/\/www.experimenta.es\/tienda\/wp-json\/wp\/v2\/types\/product"}],"replies":[{"embeddable":true,"href":"https:\/\/www.experimenta.es\/tienda\/wp-json\/wp\/v2\/comments?post=60560"}],"wp:featuredmedia":[{"embeddable":true,"href":"https:\/\/www.experimenta.es\/tienda\/wp-json\/wp\/v2\/media\/60565"}],"wp:attachment":[{"href":"https:\/\/www.experimenta.es\/tienda\/wp-json\/wp\/v2\/media?parent=60560"}],"wp:term":[{"taxonomy":"product_cat","embeddable":true,"href":"https:\/\/www.experimenta.es\/tienda\/wp-json\/wp\/v2\/product_cat?post=60560"},{"taxonomy":"product_tag","embeddable":true,"href":"https:\/\/www.experimenta.es\/tienda\/wp-json\/wp\/v2\/product_tag?post=60560"}],"curies":[{"name":"wp","href":"https:\/\/api.w.org\/{rel}","templated":true}]}}