{"id":60658,"date":"2022-09-09T17:54:26","date_gmt":"2022-09-09T15:54:26","guid":{"rendered":"https:\/\/www.experimenta.es\/tienda\/?post_type=product&#038;p=60658"},"modified":"2025-11-08T06:25:59","modified_gmt":"2025-11-08T05:25:59","slug":"coleccion-persuasion-trilogia-de-norberto-chaves","status":"publish","type":"product","link":"https:\/\/www.experimenta.es\/tienda\/producto\/coleccion-persuasion-trilogia-de-norberto-chaves\/","title":{"rendered":"Colecci\u00f3n Persuasi\u00f3n: Trilog\u00eda de Norberto Chaves"},"content":{"rendered":"<p><span class=\"Apple-converted-space\">SOBRE EL AUTOR<br \/>\n<\/span><\/p>\n<p><strong>Norberto Chaves<\/strong> (Argentina, 1942) se desempe\u00f1a profesionalmente en el \u00e1mbito de la comunicaci\u00f3n institucional como asesor y director de programas de identificaci\u00f3n para entidades de todo tipo, desde instituciones p\u00fablicas hasta cadenas de consumo masivo, en Espa\u00f1a y Argentina.<br \/>\nSu actividad docente y su producci\u00f3n literaria est\u00e1n relacionadas, por un lado, con su experiencia profesional (La imagen corporativa; Marca, los significados de un signo identificador; \u00a0La marca corporativa -este \u00faltimo escrito junto a Ra\u00fal Belluccia-; Marca Gr\u00e1fica, Mercurio Gr\u00e1fico) y, por otro lado, con su vocaci\u00f3n cr\u00edtica en lo social y lo cultural (El oficio de dise\u00f1ar; El dise\u00f1o invisible; Ser posmoderno; T\u00f3nico Chaves; Inadaptado). Desde el a\u00f1o 2004 investiga la tem\u00e1tica del dise\u00f1o de la marca-pa\u00eds y dirige tesis de grado en ese campo. Fue miembro de la Comisi\u00f3n Interministerial para la creaci\u00f3n de la marca-Espa\u00f1a y ha dirigido el programa de dise\u00f1o de la marca-Cuba.<\/p>\n","protected":false},"excerpt":{"rendered":"<p><span style=\"color: #ff0000;\"><span style=\"color: #000000;\">Contiene:<\/span><br \/>\n<\/span><\/p>\n<div><\/div>\n<ul>\n<li><a href=\"https:\/\/www.experimenta.es\/tienda\/producto\/marca-grafica-corporativa-institucional-y-de-lugar\/\"><strong>Marca Gr\u00e1fica.<\/strong> Corporativa, institucional y de lugar.<\/a><\/li>\n<li><a href=\"https:\/\/www.experimenta.es\/tienda\/producto\/mercurio-grafico-interprete-y-mensajero-de-los-demas\/\"><strong>Mercurio Gr\u00e1fico.<\/strong> Int\u00e9rprete y mensajero de los dem\u00e1s.<\/a><\/li>\n<li><a href=\"https:\/\/www.experimenta.es\/tienda\/producto\/tipologias-marcarias-parametros-clasificatorios-de-logotipos-simbolos-y-fondos-graficos\/\"><strong>Tipolog\u00edas Marcarias.<\/strong> Par\u00e1metros clasificatorios de logotipos, s\u00edmbolos y fondos gr\u00e1ficos.<\/a> <em>Norberto Chaves y Arnulfo Espinosa.<\/em><\/li>\n<\/ul>\n","protected":false},"featured_media":60659,"comment_status":"open","ping_status":"closed","template":"","meta":[],"product_cat":[9893,7313],"product_tag":[9730,9859,9735,9642,9591,9641,9707,9762,9861,9860,9778],"jetpack_sharing_enabled":true,"_links":{"self":[{"href":"https:\/\/www.experimenta.es\/tienda\/wp-json\/wp\/v2\/product\/60658"}],"collection":[{"href":"https:\/\/www.experimenta.es\/tienda\/wp-json\/wp\/v2\/product"}],"about":[{"href":"https:\/\/www.experimenta.es\/tienda\/wp-json\/wp\/v2\/types\/product"}],"replies":[{"embeddable":true,"href":"https:\/\/www.experimenta.es\/tienda\/wp-json\/wp\/v2\/comments?post=60658"}],"wp:featuredmedia":[{"embeddable":true,"href":"https:\/\/www.experimenta.es\/tienda\/wp-json\/wp\/v2\/media\/60659"}],"wp:attachment":[{"href":"https:\/\/www.experimenta.es\/tienda\/wp-json\/wp\/v2\/media?parent=60658"}],"wp:term":[{"taxonomy":"product_cat","embeddable":true,"href":"https:\/\/www.experimenta.es\/tienda\/wp-json\/wp\/v2\/product_cat?post=60658"},{"taxonomy":"product_tag","embeddable":true,"href":"https:\/\/www.experimenta.es\/tienda\/wp-json\/wp\/v2\/product_tag?post=60658"}],"curies":[{"name":"wp","href":"https:\/\/api.w.org\/{rel}","templated":true}]}}