{"id":60664,"date":"2022-09-09T18:32:52","date_gmt":"2022-09-09T16:32:52","guid":{"rendered":"https:\/\/www.experimenta.es\/tienda\/?post_type=product&#038;p=60664"},"modified":"2025-07-21T20:37:06","modified_gmt":"2025-07-21T18:37:06","slug":"coleccion-pensamiento-lateral","status":"publish","type":"product","link":"https:\/\/www.experimenta.es\/tienda\/producto\/coleccion-pensamiento-lateral\/","title":{"rendered":"Colecci\u00f3n Pensamiento Lateral"},"content":{"rendered":"<p><span class=\"Apple-converted-space\">SOBRE LOS AUTORES<br \/>\n<\/span><\/p>\n<div>\n<p><strong>David Asensio Garc\u00eda<\/strong> es el fundador de Chocolate Rojo Consulting, consultora que promulga la importancia de la creatividad tanto en las culturas empresariales como en la sociedad. Adem\u00e1s es conferenciante, colaborador en medios de comunicaci\u00f3n y uno de los bloggers de referencia en management. Con sus portales El principio de un comienzo y Walk into a business ha alcanzado la cifra de m\u00e1s de tres millones de visitas en todo el mundo.<br \/>\nEs autor del libro <em>Liderazgo canalla. Libera tu lado m\u00e1s rebelde<\/em>, en el que estimula a los lectores a sacar su lado m\u00e1s aut\u00e9ntico, as\u00ed como tambi\u00e9n de <em>Mofeta branding<\/em>. C\u00f3mo son las marcas que transforman el mundo, en el que nos presenta las claves de las marcas m\u00e1s disruptivas y nos explica c\u00f3mo ser una de ellas.<\/p>\n<p>&nbsp;<\/p>\n<\/div>\n<p><strong>Fran Cherny<\/strong> (Buenos Aires, 1978) es un emprendedor y facilitador de procesos de transformaci\u00f3n cultural en organizaciones.<br \/>\nEs socio director de Axialent Global, consultora internacional pionera en promover el cambio consciente en las organizaciones. Su trabajo junto a l\u00edderes de compa\u00f1\u00edas multinacionales y sus equipos es reconocido por generar pr\u00e1cticas efectivas que permiten resolver desaf\u00edos complejos de forma sostenible y escalable.<\/p>\n<p>&nbsp;<\/p>\n<p><strong>Paco Egea Mart\u00ednez<\/strong> es un profesional de la comunicaci\u00f3n que ha desarrollado su carrera en agencias de publicidad de tama\u00f1o medio, casi siempre en Madrid, lo que le ha convertido en un superviviente multidisciplinar y autodidacta. Estudioso del oficio, ha procurado dotar de un marco te\u00f3rico-t\u00e9cnico a su actividad experiencial, vocaci\u00f3n que le llev\u00f3 a crear e impartir el curso \u00abPublicidad B\u00e1sica\u00bb en varias ediciones del M\u00e1ster de Turismo organizado por la Escuela Universitaria de Turismo de Murcia y de participar como ponente en numerosas jornadas y encuentros en universidades, entidades y fundaciones.<\/p>\n<p>Paco Egea se ha movido en el \u00e1rea de gesti\u00f3n y direcci\u00f3n de cuentas, con especial acento en el dise\u00f1o de estrategias de comunicaci\u00f3n para empresas y clientes; una actividad que ha pretendido dignificar a base de hacerse muchas preguntas y encontrar algunas respuestas.<\/p>\n<p>&nbsp;<\/p>\n","protected":false},"excerpt":{"rendered":"<p><span style=\"color: #ff0000;\"><span style=\"color: #000000;\">Contiene:<\/span><\/span><\/p>\n<ul>\n<li><a href=\"https:\/\/www.experimenta.es\/tienda\/producto\/creatividad-contra-el-caos-y-la-incertidumbre\/\"><strong>Creatividad.<\/strong> Contra el caos y la incertidumbre.<\/a><\/li>\n<li><a href=\"https:\/\/www.experimenta.es\/tienda\/producto\/ser-el-cambio-el-arte-de-transformarnos-en-un-proyecto-de-innovacion\/\"><strong>Ser el cambio.<\/strong> El arte de transformarnos en un proyecto de innovaci\u00f3n.<\/a><\/li>\n<li><a href=\"https:\/\/www.experimenta.es\/tienda\/producto\/tu-comunicas-los-secretos-de-la-comunicacion-a-tu-alcance\/\"><strong>T\u00fa Comunicas.<\/strong> Los secretos de la comunicaci\u00f3n a tu alcance.<\/a><\/li>\n<\/ul>\n","protected":false},"featured_media":60665,"comment_status":"open","ping_status":"closed","template":"","meta":[],"product_cat":[9893,7313],"product_tag":[9732,9730,9859,9735,9642,9591,9641,9770,9707,9762,9733,9861,9860,9778],"jetpack_sharing_enabled":true,"_links":{"self":[{"href":"https:\/\/www.experimenta.es\/tienda\/wp-json\/wp\/v2\/product\/60664"}],"collection":[{"href":"https:\/\/www.experimenta.es\/tienda\/wp-json\/wp\/v2\/product"}],"about":[{"href":"https:\/\/www.experimenta.es\/tienda\/wp-json\/wp\/v2\/types\/product"}],"replies":[{"embeddable":true,"href":"https:\/\/www.experimenta.es\/tienda\/wp-json\/wp\/v2\/comments?post=60664"}],"wp:featuredmedia":[{"embeddable":true,"href":"https:\/\/www.experimenta.es\/tienda\/wp-json\/wp\/v2\/media\/60665"}],"wp:attachment":[{"href":"https:\/\/www.experimenta.es\/tienda\/wp-json\/wp\/v2\/media?parent=60664"}],"wp:term":[{"taxonomy":"product_cat","embeddable":true,"href":"https:\/\/www.experimenta.es\/tienda\/wp-json\/wp\/v2\/product_cat?post=60664"},{"taxonomy":"product_tag","embeddable":true,"href":"https:\/\/www.experimenta.es\/tienda\/wp-json\/wp\/v2\/product_tag?post=60664"}],"curies":[{"name":"wp","href":"https:\/\/api.w.org\/{rel}","templated":true}]}}