{"id":60673,"date":"2022-09-09T19:39:37","date_gmt":"2022-09-09T17:39:37","guid":{"rendered":"https:\/\/www.experimenta.es\/tienda\/?post_type=product&#038;p=60673"},"modified":"2023-10-02T12:38:47","modified_gmt":"2023-10-02T10:38:47","slug":"pack-monograficos-experimenta","status":"publish","type":"product","link":"https:\/\/www.experimenta.es\/tienda\/producto\/pack-monograficos-experimenta\/","title":{"rendered":"Pack Monogr\u00e1ficos Experimenta"},"content":{"rendered":"","protected":false},"excerpt":{"rendered":"<p><span style=\"color: #000000;\"><strong>Contiene:<\/strong><\/span><\/p>\n<ul>\n<li><a href=\"https:\/\/www.experimenta.es\/tienda\/producto\/experimenta-66\/\">Revista Experimenta 66 \u2013 <strong>Monogr\u00e1fico Do it Yourself.<\/strong><\/a>\u00a0Edici\u00f3n b<span style=\"color: #000000;\">iling\u00fce (Espa\u00f1ol\/Ingl\u00e9s) + complemento de letras troqueladas.<\/span><\/li>\n<li><span style=\"color: #000000;\"><a href=\"https:\/\/www.experimenta.es\/tienda\/producto\/experimenta-67-68\/\">Revista Experimenta 67\/68 \u2013 <strong>Monogr\u00e1fico Food Design. Edici\u00f3n doble<\/strong><\/a> (324 page + poster Mapa del proceso creativo y de la innovaci\u00f3n gastron\u00f3mica) biling\u00fce (Espa\u00f1ol\/Ingl\u00e9s).<\/span><\/li>\n<li><a href=\"https:\/\/www.experimenta.es\/tienda\/producto\/experimenta-69\/\">Revista Experimenta 69 \u2013 <strong>Monogr\u00e1fico Holanda. <\/strong><\/a>Edici\u00f3n b<span style=\"color: #000000;\">iling\u00fce (Espa\u00f1ol\/Ingl\u00e9s).<\/span><\/li>\n<\/ul>\n","protected":false},"featured_media":60674,"comment_status":"open","ping_status":"closed","template":"","meta":[],"product_cat":[9893,7311],"product_tag":[],"jetpack_sharing_enabled":true,"_links":{"self":[{"href":"https:\/\/www.experimenta.es\/tienda\/wp-json\/wp\/v2\/product\/60673"}],"collection":[{"href":"https:\/\/www.experimenta.es\/tienda\/wp-json\/wp\/v2\/product"}],"about":[{"href":"https:\/\/www.experimenta.es\/tienda\/wp-json\/wp\/v2\/types\/product"}],"replies":[{"embeddable":true,"href":"https:\/\/www.experimenta.es\/tienda\/wp-json\/wp\/v2\/comments?post=60673"}],"wp:featuredmedia":[{"embeddable":true,"href":"https:\/\/www.experimenta.es\/tienda\/wp-json\/wp\/v2\/media\/60674"}],"wp:attachment":[{"href":"https:\/\/www.experimenta.es\/tienda\/wp-json\/wp\/v2\/media?parent=60673"}],"wp:term":[{"taxonomy":"product_cat","embeddable":true,"href":"https:\/\/www.experimenta.es\/tienda\/wp-json\/wp\/v2\/product_cat?post=60673"},{"taxonomy":"product_tag","embeddable":true,"href":"https:\/\/www.experimenta.es\/tienda\/wp-json\/wp\/v2\/product_tag?post=60673"}],"curies":[{"name":"wp","href":"https:\/\/api.w.org\/{rel}","templated":true}]}}