{"id":60832,"date":"2022-12-05T14:28:45","date_gmt":"2022-12-05T13:28:45","guid":{"rendered":"https:\/\/www.experimenta.es\/tienda\/?post_type=product&#038;p=60832"},"modified":"2026-05-01T14:25:40","modified_gmt":"2026-05-01T12:25:40","slug":"economias-del-diseno","status":"publish","type":"product","link":"https:\/\/www.experimenta.es\/tienda\/producto\/economias-del-diseno\/","title":{"rendered":"Econom\u00edas del dise\u00f1o."},"content":{"rendered":"<p><strong>Desde siempre, el dise\u00f1o ha mostrado su capacidad de agregar valor a los productos y a los servicios con los que se relaciona.<\/strong> Pero, en el capitalismo moderno, el dise\u00f1o <strong>ha asumido un papel central y m\u00e1s complejo hasta el punto de dar forma a los sistemas econ\u00f3micos y a asumir la influencia de la econom\u00eda en su propia pr\u00e1ctica<\/strong>. En <em>Econom\u00edas del dise\u00f1o<\/em>, Guy Julier analiza la relaci\u00f3n del dise\u00f1o con el neoliberalismo y la manera en que su pr\u00e1ctica cambia el modo en que actuamos como seres econ\u00f3micos. <strong>Con un estilo ameno y riguroso<\/strong>, el autor explica los procesos econ\u00f3micos en los que se ve involucrado el dise\u00f1o, explora su relaci\u00f3n con la propiedad intelectual y analiza su papel en el sector p\u00fablico. En definitiva, da vida a una compleja teor\u00eda a partir de casos concretos como las mejoras en el hogar, la moda r\u00e1pida o los centros comerciales, asuntos aparentemente banales. pero de gran importancia para la interacci\u00f3n econ\u00f3mica en la sociedad moderna.<\/p>\n<p><strong>A partir en una gran variedad de ejemplos, su autor revela las m\u00faltiples circunstancias en que el dise\u00f1o se ha convertido en un elemento imprescindible para los sistemas econ\u00f3micos neoliberales<\/strong>. Su papel se ha vuelto esencial en procesos tan diversos como las estrategias urbanas, los desarrollos comerciales y las pol\u00edticas gubernamentales. Pero el libro no se limita a analizar esa presencia del dise\u00f1o en las econom\u00edas convencionales y dedica un espacio destacado a las econom\u00edas alternativas, donde la relaci\u00f3n de la industria con la propiedad intelectual adquiere una dimensi\u00f3n bien diferente. <em>Econom\u00edas del dise\u00f1o<\/em> ofrece, en definitiva, <strong>una nueva forma de entender los significados del dise\u00f1o en el capitalismo moderno que invita a una meditada reflexi\u00f3n.<\/strong><\/p>\n<p>SOBRE EL AUTOR<\/p>\n<p><strong>Guy Julier <\/strong>ha desarrollado una importante trayectoria como docente e investigador. En la actualidad es catedr\u00e1tico de la Universidad Alvar Aalto de Helsinki y profesor en la Universidad del Sur de Dinamarca en Kolding. Su actividad como investigador se centra en las relaciones de los objetos y en la cultura material e inmaterial que caracteriza las relaciones sociales.<br \/>\nSu inter\u00e9s por Espa\u00f1a, surgido en la segunda mitad los a\u00f1os ochenta, se plasm\u00f3 en su libro New Spanish Design (Nuevo Dise\u00f1o Espa\u00f1ol, Destino, 1988), un texto de gran relevancia para comprender el papel del dise\u00f1o en la transici\u00f3n pol\u00edtica y econ\u00f3mica que vivi\u00f3 nuestro pa\u00eds en aquellos a\u00f1os. Entre sus obras m\u00e1s destacadas cabe se\u00f1alar The Thames &amp; Hudson Dictionary of Design Since 1900 (Thames &amp; Hudson, 1993), Culture of Design (Sage, 2000), Design and Creativity: Policy, Management and Practice (Berg, 2009) y Economies of Design, de la que Experimenta Libros presenta ahora su edici\u00f3n espa\u00f1ola. A estas aportaciones, hay que a\u00f1adir su participaci\u00f3n en el consejo editorial de publicaciones tan relevantes en la investigaci\u00f3n sobre dise\u00f1o como Journal of Visual Culture y Design and Culture .<br \/>\nEn su condici\u00f3n de especialista en dise\u00f1o social y en innovaci\u00f3n para el sector p\u00fablico, Julier ha desarrollado programas de investigaci\u00f3n que vinculan los museos, la universidad y los profesionales de las industrias creativas. Asimismo, ha puesto en marcha DesignLeeds, una unidad de consultor\u00eda e investigaci\u00f3n interdisciplinar especializada en el dise\u00f1o social.<\/p>\n<p>&nbsp;<\/p>\n<p><strong>\u00cdNDICE<\/strong><br \/>\n<strong>1. Introducci\u00f3n: El capitalismo moderno y el auge del dise\u00f1o<\/strong><br \/>\nEl auge del dise\u00f1o: cantidad y calidad<br \/>\nNeoliberalizaci\u00f3n<br \/>\nDesregulaci\u00f3n, nueva econom\u00eda, financiarizaci\u00f3n y austeridad.<br \/>\nObjetos de dise\u00f1o en el capitalismo moderno<br \/>\nLas econom\u00edas del dise\u00f1o: estructura y planteamiento<br \/>\n<strong>2. La cultura del dise\u00f1o y el objeto neoliberal<\/strong><br \/>\nPosmodernidad y posfordismo<br \/>\nLondres, 1986<br \/>\nObjetos, movimiento intensificado, medici\u00f3n epis\u00f3dica<br \/>\nLa interacci\u00f3n entre los seres humanos y las m\u00e1quinas<br \/>\nLa sensibilidad neoliberal<br \/>\nBudapest, 1996<br \/>\nConclusi\u00f3n<br \/>\n<strong>3. El trabajo de los dise\u00f1adores<\/strong><br \/>\nDise\u00f1o, educaci\u00f3n art\u00edstica y autonom\u00eda creativa<br \/>\nLas industrias creativas y el dise\u00f1o<br \/>\nEl conocimiento para la pr\u00e1ctica del dise\u00f1o<br \/>\nCreatividad, trabajo de dise\u00f1o y performatividad<br \/>\nEl dise\u00f1ador en su estudio<br \/>\nLa actividad del dise\u00f1o y las fluctuaciones econ\u00f3micas<br \/>\nEl trabajo precario en el dise\u00f1o<br \/>\nLa acumulaci\u00f3n flexible y el papel simb\u00f3lico del trabajo de dise\u00f1o<br \/>\nRedes sociales y geograf\u00edas econ\u00f3micas del dise\u00f1o<br \/>\nEl precariado del Uber Design y el capitalismo de plataforma<br \/>\nConclusi\u00f3n<br \/>\n<strong>4. Comercio global y movilidad<\/strong><br \/>\nLa verdadera dimensi\u00f3n del comercio global<br \/>\nLa nueva econom\u00eda, la globalizaci\u00f3n y la segunda desagregaci\u00f3n<br \/>\nFast fashion y deslocalizaci\u00f3n<br \/>\nServicio completo: suministro y relocalizaci\u00f3n en Turqu\u00eda<br \/>\nRelocalizaci\u00f3n global: slow cities, transition towns y espacios de creaci\u00f3n<br \/>\nUn mundo en movimiento<br \/>\nMigraci\u00f3n e intensidades del dise\u00f1o<br \/>\nMigraci\u00f3n, mcdonalizaci\u00f3n y extensiones de dise\u00f1o<br \/>\nEntornos de objetos m\u00f3viles<br \/>\nConclusi\u00f3n<br \/>\n<strong>5. Financiarizaci\u00f3n y bienes inmuebles<\/strong><br \/>\nLa casa como escaparate: propiedad y especulaci\u00f3n<br \/>\nUn necesario cambio de imagen<br \/>\nCiudades cl\u00f3nicas, ciudades anodinas<br \/>\nExperiencias convincentes: desarrollos minoristas y empresas inmobiliarias<br \/>\nPlanificaci\u00f3n y dise\u00f1o de espacios comerciales<br \/>\nAlquileres, inversi\u00f3n y marcas minoristas<br \/>\nLa soluci\u00f3n espacial<br \/>\nConclusi\u00f3n<br \/>\n<strong>6. Propiedad intelectual<\/strong><br \/>\nEconom\u00eda pol\u00edtica y propiedad intelectual<br \/>\nLa competencia de los monopolios<br \/>\nUn solo clic pero muchas patentes: las compa\u00f1\u00edas multinacionales<br \/>\nLos metadatos en la industria del entretenimiento<br \/>\nEl dise\u00f1o de las franquicias<br \/>\nDise\u00f1adores y propiedad intelectual<br \/>\nEl peculiar universo de la moda y el mobiliario<br \/>\n\u00ab\u00a1No se puede hacer fotos!\u00bb, ferias y ciclos de innovaci\u00f3n de dise\u00f1o<br \/>\nConclusi\u00f3n<br \/>\n<strong>7. Econom\u00edas informales y alternativas<\/strong><br \/>\nDefiniciones necesarias<br \/>\nShanzhai como pr\u00e1ctica empresarial y como movimiento cultura<br \/>\nLa escala y las operaciones de shanzhai<br \/>\nDe shanzhai a la econom\u00eda dominante<br \/>\nCreatividad y pol\u00edtica en China<br \/>\nJugaad y la innovaci\u00f3n frugal en India<br \/>\nLos l\u00edmites de jugaad<br \/>\nHorizontalidad: crisis econ\u00f3mica y autoorganizaci\u00f3n<br \/>\nDise\u00f1o y activismo en la crisis econ\u00f3mica argentina<br \/>\nBanco de tiempo para actividades creativas<br \/>\nConclusi\u00f3n<br \/>\n<strong>8. Innovaci\u00f3n en el sector p\u00fablico<\/strong><br \/>\nNuevos objetos de dise\u00f1o para la innovaci\u00f3n del sector p\u00fablico<br \/>\nInnovaci\u00f3n del sector p\u00fablico impulsada por consultores y Gobiernos<br \/>\nNueva gesti\u00f3n p\u00fablica<br \/>\nComercializaci\u00f3n del sector p\u00fablico y consumo<br \/>\nReacciones a la nueva gesti\u00f3n p\u00fablica<br \/>\nAusteridad e innovaci\u00f3n<br \/>\nHacia una gobernanza en red<br \/>\nDise\u00f1o y gobernanza en red<br \/>\nVirtualidad<br \/>\nDise\u00f1o y cambio de conducta<br \/>\nCiudadan\u00eda del dise\u00f1o<br \/>\nConclusi\u00f3n<br \/>\n<strong>9. C\u00f3mo estudiar las econom\u00edas del dise\u00f1o<\/strong><br \/>\nM\u00e1s all\u00e1 de la gesti\u00f3n del dise\u00f1o<br \/>\nLa investigaci\u00f3n sobre cultura del dise\u00f1o<br \/>\nSociolog\u00eda econ\u00f3mica<br \/>\nDise\u00f1o y neoliberalismo<br \/>\nEconom\u00edas de cualidades<br \/>\nMaterializaci\u00f3n y finanzas<br \/>\nObservaciones finales<br \/>\nReferencias<\/p>\n","protected":false},"excerpt":{"rendered":"<p><span style=\"color: #ff0000;\"><span style=\"color: #000000;\">Autor:<\/span> Guy Julier<\/span><\/p>\n<div>El dise\u00f1o se ha convertido en un elemento imprescindible para los sistemas econ\u00f3micos.<\/div>\n<div>En <em><strong>Econom\u00edas del dise\u00f1o<\/strong><\/em>, editado por <strong>Experimenta Libros<\/strong>, Guy Julier ofrece una nueva forma de entender los significados del dise\u00f1o en el capitalismo moderno que invita a una meditada reflexi\u00f3n.<\/div>\n<p>&nbsp;<\/p>\n<p>\u00b7 ISBN: 978-84-18049-94-1<br \/>\n\u00b7 Medidas: 16 x 23 cm<br \/>\n\u00b7 P\u00e1ginas: 318<br \/>\n\u00b7 Impresi\u00f3n interior: B\/N<br \/>\n\u00b7 Experimenta Libros \/ Colecci\u00f3n Theoria<\/p>\n","protected":false},"featured_media":60858,"comment_status":"open","ping_status":"closed","template":"","meta":[],"product_cat":[9892,9896,9898,7313],"product_tag":[9732,9730,9859,9906,9766,9641,9770,9790,9771],"jetpack_sharing_enabled":true,"_links":{"self":[{"href":"https:\/\/www.experimenta.es\/tienda\/wp-json\/wp\/v2\/product\/60832"}],"collection":[{"href":"https:\/\/www.experimenta.es\/tienda\/wp-json\/wp\/v2\/product"}],"about":[{"href":"https:\/\/www.experimenta.es\/tienda\/wp-json\/wp\/v2\/types\/product"}],"replies":[{"embeddable":true,"href":"https:\/\/www.experimenta.es\/tienda\/wp-json\/wp\/v2\/comments?post=60832"}],"wp:featuredmedia":[{"embeddable":true,"href":"https:\/\/www.experimenta.es\/tienda\/wp-json\/wp\/v2\/media\/60858"}],"wp:attachment":[{"href":"https:\/\/www.experimenta.es\/tienda\/wp-json\/wp\/v2\/media?parent=60832"}],"wp:term":[{"taxonomy":"product_cat","embeddable":true,"href":"https:\/\/www.experimenta.es\/tienda\/wp-json\/wp\/v2\/product_cat?post=60832"},{"taxonomy":"product_tag","embeddable":true,"href":"https:\/\/www.experimenta.es\/tienda\/wp-json\/wp\/v2\/product_tag?post=60832"}],"curies":[{"name":"wp","href":"https:\/\/api.w.org\/{rel}","templated":true}]}}