{"id":60848,"date":"2022-12-11T12:47:56","date_gmt":"2022-12-11T11:47:56","guid":{"rendered":"https:\/\/www.experimenta.es\/tienda\/?post_type=product&#038;p=60848"},"modified":"2024-11-10T06:58:14","modified_gmt":"2024-11-10T05:58:14","slug":"adi-book-2022","status":"publish","type":"product","link":"https:\/\/www.experimenta.es\/tienda\/producto\/adi-book-2022\/","title":{"rendered":"ADI Book 2022"},"content":{"rendered":"<p><strong>La Asociaci\u00f3n de Dise\u00f1o Industrial ADI-FAD<\/strong> organiza los Premios ADI 2022, que aglutina tres reconocimientos en diferentes \u00e1mbitos del dise\u00f1o: los Premios Delta para profesionales y empresas de dise\u00f1o industrial, otorgados desde 1961, las Medallas ADI para estudiantes de dise\u00f1o de producto, que se conceden desde 1976, y los Premios ADI Cultura a proyectos que ponen en valor la cultura del dise\u00f1o, desde 2016.<\/p>\n<p>Esta edici\u00f3n incluye adem\u00e1s los Premios Delta, unos galardones que celebran su 41\u00aa convocatoria al mejor dise\u00f1o de producto, y que tienen como objetivo promover el reconocimiento p\u00fablico de aquellos productos innovadores que proponen una renovaci\u00f3n conceptual, aportan una preocupaci\u00f3n medioambiental y son a la vez un ejemplo de dise\u00f1o y calidad de fabricaci\u00f3n.<br \/>\nDivididos en ocho categor\u00edas, los Premios Delta, tienen el objetivo de poner en valor la gran variedad y diferencia de productos que se presentan en cada edici\u00f3n, comercializados en el mercado nacional e internacional: Movilidad, Equipamiento exterior, Equipamiento interior, Iluminaci\u00f3n, Dise\u00f1o para el cuerpo, Dispositivos digitales y Packaging. Y que para esta convocatoria ha incluido una nueva categor\u00eda, Dise\u00f1o para la alimentaci\u00f3n, que integra todos los productos relacionados con los alimentos y que se suma al resto de categor\u00edas.<\/p>\n<p><strong>ADI-FAD<\/strong> es la Asociaci\u00f3n de Dise\u00f1o Industrial del FAD., organismo que act\u00faa como interlocutor de la comunidad de profesionales, estudiantes y empresas que participan de esta disciplina. Vela por el buen dise\u00f1o y busca la mejora del entorno material para el bienestar de las personas y el equilibrio con la naturaleza. Su misi\u00f3n: difundir en la sociedad la importancia de la profesi\u00f3n. Fundada en 1960, la ADI-FAD trabaja ininterrumpidamente por la excelencia en las pr\u00e1cticas del dise\u00f1o de producto y por la difusi\u00f3n de la cultura del dise\u00f1o. Desde 1976 premia los mejores proyectos de fin de carrera en el \u00e1mbito del dise\u00f1o industrial con las Medallas ADI. En 2016 lanza la primera convocatoria de los premios ADI Cultura. Hoy, los tres galardones est\u00e1n reunidos bajo el concepto Premios ADI. La ADI-FAD es la asociaci\u00f3n de referencia del dise\u00f1o de producto en Espa\u00f1a y es miembro de pleno derecho del International Council of Societies of Industrial Design (ICSID) desde 1961.<\/p>\n","protected":false},"excerpt":{"rendered":"<p><span style=\"color: #ff0000;\"><span style=\"color: #000000;\">Autor: <span style=\"color: #ff0000;\">ADI-FAD<\/span><\/span>\u00a0\/ VVAA<\/span><\/p>\n<p><span style=\"color: #ff0000;\"><strong><span style=\"color: #000000;\">Una obra que recoge todos los premiados y que se complementa con diferentes art\u00edculos de reflexi\u00f3n acerca del dise\u00f1o, su impacto social, su desarrollo profesional y contexto acad\u00e9mico.<\/span><\/strong><br \/>\n<\/span><\/p>\n<p>\u00b7 ISBN: 978-84-18049-93-4<br \/>\n\u00b7 Edici\u00f3n 2022. Experimenta Libros<br \/>\n\u00b7 Medidas: 22 x 30 cm<br \/>\n\u00b7 P\u00e1ginas: 400<br \/>\n\u00b7 Impresi\u00f3n interior: color<br \/>\n\u00b7 Encuadernaci\u00f3n: r\u00fastica, cosida.<\/p>\n","protected":false},"featured_media":60878,"comment_status":"open","ping_status":"closed","template":"","meta":[],"product_cat":[9892,7313],"product_tag":[9730,9764,9735,9638,9642,9591,9641,9707,9708,9762,9765,9771,9778],"jetpack_sharing_enabled":true,"_links":{"self":[{"href":"https:\/\/www.experimenta.es\/tienda\/wp-json\/wp\/v2\/product\/60848"}],"collection":[{"href":"https:\/\/www.experimenta.es\/tienda\/wp-json\/wp\/v2\/product"}],"about":[{"href":"https:\/\/www.experimenta.es\/tienda\/wp-json\/wp\/v2\/types\/product"}],"replies":[{"embeddable":true,"href":"https:\/\/www.experimenta.es\/tienda\/wp-json\/wp\/v2\/comments?post=60848"}],"wp:featuredmedia":[{"embeddable":true,"href":"https:\/\/www.experimenta.es\/tienda\/wp-json\/wp\/v2\/media\/60878"}],"wp:attachment":[{"href":"https:\/\/www.experimenta.es\/tienda\/wp-json\/wp\/v2\/media?parent=60848"}],"wp:term":[{"taxonomy":"product_cat","embeddable":true,"href":"https:\/\/www.experimenta.es\/tienda\/wp-json\/wp\/v2\/product_cat?post=60848"},{"taxonomy":"product_tag","embeddable":true,"href":"https:\/\/www.experimenta.es\/tienda\/wp-json\/wp\/v2\/product_tag?post=60848"}],"curies":[{"name":"wp","href":"https:\/\/api.w.org\/{rel}","templated":true}]}}