{"id":61037,"date":"2023-03-06T13:04:17","date_gmt":"2023-03-06T12:04:17","guid":{"rendered":"https:\/\/www.experimenta.es\/tienda\/?post_type=product&#038;p=61037"},"modified":"2024-10-14T21:09:28","modified_gmt":"2024-10-14T19:09:28","slug":"icono-y-palabra-escritos-para-glosar-obras-ajenas-edicion-especial-tapa-dura","status":"publish","type":"product","link":"https:\/\/www.experimenta.es\/tienda\/producto\/icono-y-palabra-escritos-para-glosar-obras-ajenas-edicion-especial-tapa-dura\/","title":{"rendered":"Icono y palabra (Edici\u00f3n especial tapa dura)"},"content":{"rendered":"<div>\n<p><span style=\"color: #000000;\">En <strong><em>Icono y palabra. Escritos para glosar obras ajenas<\/em><\/strong> editado por <strong>Experimenta Libros<\/strong>, <strong>Norberto Chaves nos invita a compartir un\u00a0<\/strong><\/span><strong>viaje personal que reconstruye historia<\/strong>s \u2013podr\u00eda decir \u00bfpor qu\u00e9\u00a0no? SU propia historia\u2013 detr\u00e1s de formas y objetos que son\u00a0expresi\u00f3n viva de la cultura que nos rodea. En su recorrido, nos\u00a0desvela tanto los secretos de la gr\u00e1fica popular como las claves\u00a0del pensamiento te\u00f3rico, con la misma pasi\u00f3n con la <strong>que rinde\u00a0merecido homenaje a colegas y amigos \u2013dise\u00f1adores y artistas\u2013\u00a0<span style=\"color: #000000;\">en palabras que se expresan, en ocasiones, con una enorme\u00a0<\/span>carga po\u00e9tica.<\/strong><\/p>\n<p><span style=\"color: #000000;\">Una selecci\u00f3n de obras fant\u00e1sticas en las que descubrimos un\u00a0<\/span>bagaje oculto de significados, la esencia de lo no visto pero s\u00ed\u00a0percibido. Sensibilidad y racionalidad, en la subjetiva objetividad\u00a0de quien se despoja de lo obvio y aparente, para ingresar a los\u00a0diferentes mundos que habitan en cada obra. Incluye obras de Juan Berrio, Alejandro Ros, Am\u00e9rica S\u00e1nchez, Mar\u00eda Espeus, Daniel Rold\u00e1n, Silvia Alcoba, Pablo Bernasconi, Andr\u00e9 Ricard, Yves Zimmermann, entre otros.<\/p>\n<p>Puede que resulte parad\u00f3jico tildar de personal a una serie de\u00a0textos destinados a glosar obras ajenas. Pero <em>Icono y palabra<\/em> es\u00a0un texto \u00edntimo que subyace detr\u00e1s de objetos, grafismos e\u00a0ilustraciones que nacieron con un fin diferente al que los re\u00fane\u00a0en esta obra y que, sin embargo, conviven en una narrativa\u00a0arm\u00f3nica que los vincula a trav\u00e9s del ojo l\u00facido y sensible del\u00a0autor. Un ejercicio cr\u00edtico y a la vez did\u00e1ctico, que nos permite no\u00a0solo descubrir a los protagonistas en su esencia, sino tambi\u00e9n al\u00a0verdadero Chaves.<\/p>\n<\/div>\n<p>&nbsp;<\/p>\n<p><span class=\"Apple-converted-space\">SOBRE EL AUTOR<br \/>\n<\/span><strong>Norberto Chaves<\/strong> (Argentina, 1942)\u00a0<span style=\"color: #000000;\">se desempe\u00f1a\u00a0<\/span>profesionalmente en el \u00e1mbito de la\u00a0comunicaci\u00f3n institucional como\u00a0<span style=\"color: #000000;\">asesor y director de programas de\u00a0<\/span>identificaci\u00f3n para entidades de todo\u00a0tipo, desde instituciones p\u00fablicas hasta\u00a0cadenas de consumo masivo, en\u00a0Espa\u00f1a y Argentina.<\/p>\n<div>\n<p><span style=\"color: #000000;\">Su actividad docente y su producci\u00f3n\u00a0<\/span>literaria est\u00e1n relacionadas, por un lado,\u00a0con su experiencia profesional (La\u00a0imagen corporativa; Marca, los\u00a0significados de un signo identificador;\u00a0La marca corporativa -este \u00faltimo\u00a0escrito junto a Ra\u00fal Belluccia-) y, por\u00a0otro lado, con su vocaci\u00f3n cr\u00edtica en lo\u00a0social y lo cultural (El oficio de dise\u00f1ar;\u00a0El dise\u00f1o invisible; Ser posmoderno;\u00a0T\u00f3nico Chaves; Inadaptado).<\/p>\n<p><span style=\"color: #000000;\">Es autor, adem\u00e1s, de los libros \u00ab<a href=\"https:\/\/www.experimenta.es\/tienda\/producto\/marca-grafica-corporativa-institucional-y-de-lugar\/\">Marca\u00a0<\/a><\/span>Gr\u00e1fica\u00bb, \u00ab<a href=\"https:\/\/www.experimenta.es\/tienda\/producto\/mercurio-grafico-interprete-y-mensajero-de-los-demas\/\">Mercurio Gr\u00e1fico<\/a>\u00bb y\u00a0\u00a8<a href=\"https:\/\/www.experimenta.es\/tienda\/producto\/tipologias-marcarias-parametros-clasificatorios-de-logotipos-simbolos-y-fondos-graficos\/\">Tipolog\u00edas marcarias<\/a>\u00bb (este \u00faltimo\u00a0junto a Arnulfo Espinosa) editados por\u00a0Experimenta Libros.<\/p>\n<p><span style=\"color: #000000;\">Desde el a\u00f1o 2004 investiga la tem\u00e1tica\u00a0<\/span>del dise\u00f1o de la marca-pa\u00eds y dirige\u00a0tesis de grado en ese campo.\u00a0Fue miembro de la Comisi\u00f3n\u00a0Interministerial para la creaci\u00f3n de la\u00a0marca-Espa\u00f1a y ha dirigido el programa\u00a0de dise\u00f1o de la marca-Cuba.<\/p>\n<\/div>\n<p>&nbsp;<\/p>\n<p><strong>\u00cdndice<\/strong><\/p>\n<p>1. Enso\u00f1aci\u00f3n y memoria. Ricardo Paz.<br \/>\n2. El dibujo, la mano y el alma. Am\u00e9rica S\u00e1nchez.<br \/>\n3. La Barcelona gr\u00e1fica de Am\u00e9rica S\u00e1nchez. Am\u00e9rica S\u00e1nchez.<br \/>\n4. \u00a1Dibuja! Am\u00e9rica S\u00e1nchez.<br \/>\n5. \u00c9l ilustr\u00f3 las frases ejemplares del ilustre pedagogo. Juan Berrio.<br \/>\n6. Impacto inmediato con efecto secundario. Alejandro Ros.<br \/>\n7. M\u00e1s que mil palabras. Alejandro Ros.<br \/>\n8. Como el lenguaje mismo. Daniel Rold\u00e1n.<br \/>\n9. Ilustrar la servidumbre. Silvia Alcoba. 84<br \/>\n10. Apolog\u00eda. Pablo Bernasconi.<br \/>\n11. Dibuixar. Ignasi Morat\u00f3.<br \/>\n12. Copiaba del natural. Ignasi Morat\u00f3.<br \/>\n13. Variaciones. Ignasi Morat\u00f3.<br \/>\n14. Desplazamientos. Joan Cruspinera.<br \/>\n15. Sentido. Joan Cruspinera.<br \/>\n16. Hallazgos. Guillem Vidal.<br \/>\n17. Lo real y lo ausente. Ferran Freixa.<br \/>\n18. Mar\u00eda Espeus y la realidad. Mar\u00eda Espeus.<br \/>\n19. El otro. Mar\u00eda Espeus.<br \/>\n20. Ilusi\u00f3n, pr\u00f3tesis y cultura. Mar\u00eda Espeus.<br \/>\n21. Marcas. Am\u00e9rica S\u00e1nchez.<br \/>\n22. Los carteles de Am\u00e9rica S\u00e1nchez. Am\u00e9rica S\u00e1nchez.<br \/>\n23. Signos. Am\u00e9rica S\u00e1nchez.<br \/>\n24. Nadar y guardar la ropa. Joaqu\u00edn Gallego.<br \/>\n25. Tres reflexiones sobre el dise\u00f1o gr\u00e1fico. Yves Zimmermann.<br \/>\n26. Exprimir racionalmente. Andr\u00e9 Ricard.<br \/>\n27. De las artes m\u00e1gicas y el tiempo. Alberto Lievore y Jorge Pensi.<br \/>\n28. Un mueble para guardar. Alberto Lievore y Jorge Pensi.<br \/>\n29. Re-presentaciones. Alberto Lievore.<br \/>\n30. Innovaci\u00f3n, naturalidad y vigencia. Alberto Lievore.<\/p>\n","protected":false},"excerpt":{"rendered":"<p><span style=\"color: #ff0000;\"><span style=\"color: #000000;\">Autor:<\/span> Norberto Chaves<\/span><\/p>\n<p><strong><span style=\"color: #000000;\">En <em>Icono y Palabra<\/em>, Norberto Chaves nos invita a compartir un\u00a0<\/span>viaje personal que reconstruye historias<\/strong> \u2013podr\u00eda decir \u00bfpor qu\u00e9\u00a0no? SU propia historia\u2013 detr\u00e1s de formas y objetos que son\u00a0expresi\u00f3n viva de la cultura que nos rodea. En su recorrido, nos\u00a0desvela tanto los secretos de la gr\u00e1fica popular como las claves\u00a0del pensamiento te\u00f3rico, con la misma pasi\u00f3n con la que rinde\u00a0merecido homenaje a colegas y amigos \u2013dise\u00f1adores y artistas\u2013\u00a0<span style=\"color: #000000;\">en palabras que se expresan, en ocasiones, con una enorme\u00a0<\/span>carga po\u00e9tica.<\/p>\n<p><span style=\"color: #000000;\">Una selecci\u00f3n de obras fant\u00e1sticas en las que descubrimos un\u00a0<\/span>bagaje oculto de significados, la esencia de lo no visto pero s\u00ed\u00a0percibido. Sensibilidad y racionalidad, en la subjetiva objetividad\u00a0de quien se despoja de lo obvio y aparente, para ingresar a los\u00a0diferentes mundos que habitan en cada obra.<\/p>\n<p>\u00b7 ISBN: 978-84-18049-96-5<br \/>\n\u00b7 Medidas: 16 x 23 cm<br \/>\n\u00b7 P\u00e1ginas: 228<br \/>\n\u00b7 Encuadernaci\u00f3n: Tapa dura, cosido hilo.<br \/>\n\u00b7 Impresi\u00f3n interior: Negro con im\u00e1genes a color.<br \/>\n\u00b7 Edici\u00f3n: Experimenta Libros. Colecci\u00f3n Theoria.<\/p>\n","protected":false},"featured_media":61044,"comment_status":"open","ping_status":"closed","template":"","meta":[],"product_cat":[9897,9892,9898,7313],"product_tag":[9908,9730,9764,9735,9591,9777,9641,9707,9762,9733,9786,9778],"jetpack_sharing_enabled":true,"_links":{"self":[{"href":"https:\/\/www.experimenta.es\/tienda\/wp-json\/wp\/v2\/product\/61037"}],"collection":[{"href":"https:\/\/www.experimenta.es\/tienda\/wp-json\/wp\/v2\/product"}],"about":[{"href":"https:\/\/www.experimenta.es\/tienda\/wp-json\/wp\/v2\/types\/product"}],"replies":[{"embeddable":true,"href":"https:\/\/www.experimenta.es\/tienda\/wp-json\/wp\/v2\/comments?post=61037"}],"wp:featuredmedia":[{"embeddable":true,"href":"https:\/\/www.experimenta.es\/tienda\/wp-json\/wp\/v2\/media\/61044"}],"wp:attachment":[{"href":"https:\/\/www.experimenta.es\/tienda\/wp-json\/wp\/v2\/media?parent=61037"}],"wp:term":[{"taxonomy":"product_cat","embeddable":true,"href":"https:\/\/www.experimenta.es\/tienda\/wp-json\/wp\/v2\/product_cat?post=61037"},{"taxonomy":"product_tag","embeddable":true,"href":"https:\/\/www.experimenta.es\/tienda\/wp-json\/wp\/v2\/product_tag?post=61037"}],"curies":[{"name":"wp","href":"https:\/\/api.w.org\/{rel}","templated":true}]}}