{"id":61151,"date":"2023-05-01T12:57:24","date_gmt":"2023-05-01T10:57:24","guid":{"rendered":"https:\/\/www.experimenta.es\/tienda\/?post_type=product&#038;p=61151"},"modified":"2024-10-14T21:10:10","modified_gmt":"2024-10-14T19:10:10","slug":"quebracho-ricardo-rousselot","status":"publish","type":"product","link":"https:\/\/www.experimenta.es\/tienda\/producto\/quebracho-ricardo-rousselot\/","title":{"rendered":"Quebracho. Ricardo Rousselot."},"content":{"rendered":"<div>\n<p>\u201cLa vida de Ricardo Rousselot es una epopeya. La historia de un hijo de la tierra; de la tierra salvaje, que llega, naturalmente, a dejar huellas imborrables en la cultura gr\u00e1fica internacional.<br \/>\nLa naturaleza lo ha hecho a su imagen y semejanza. Rodeado de quebrachos, nacido en el quebrachal, el hombre se hizo resistente. Se hizo templado. A prueba de hachazos.<br \/>\n<strong>La selva le ha ofrendado \u00abla m\u00e1gica mano pensante\u00bb capaz de trazar l\u00edneas y curvas con la sutileza \u00fanica que inspira la vida. <\/strong><\/p>\n<p>La obra de Ricardo Rousselot es tan extensa que cualquier intento de exposici\u00f3n resulta en un cat\u00e1logo. Afortunadamente su bibliograf\u00eda nos permite ver muestras de su trabajo. Su obra es tangible, accesible, se exhiben sus originales y podemos ver su reproducci\u00f3n en la calle; es de dominio p\u00fablico.<\/p>\n<p><strong>Este libro busca reflejar la esencia de Rousselot<\/strong> y dar algunas pistas sobre las cualidades de su obra, la fortaleza de su persistencia y sutileza, como visitar la pasi\u00f3n en su compromiso con la belleza, roja sangre, como el quebracho.\u201d<\/p>\n<p><em>Felipe Ib\u00e1\u00f1ez, editor.<\/em><\/p>\n<\/div>\n<p>&nbsp;<\/p>\n<p><span class=\"Apple-converted-space\">SOBRE EL AUTOR<br \/>\n<\/span><strong>Ricardo Rousselot<\/strong> (Argentina, 1936). Cal\u00edgrafo y dise\u00f1ador gr\u00e1fico. Forma parte de una generaci\u00f3n de dise\u00f1adores argentinos que se instalaron en Barcelona durante la d\u00e9cada de los 70 y contribuyeron decisivamente a la renovaci\u00f3n del dise\u00f1o en Catalu\u00f1a y Espa\u00f1a.<br \/>\nRousselot es considerado uno de los grandes maestros de la caligraf\u00eda de finales del siglo XX y es un dise\u00f1ador gr\u00e1fico de reconocido prestigio internacional. Ha sido invitado por numerosas Universidades a impartir clases, talleres y conferencias, y es autor de art\u00edculos sobre dise\u00f1o, tipograf\u00eda y caligraf\u00eda. En los a\u00f1os 2001 y 2003 fue nominado a los \u201cPremios Nacionales de Dise\u00f1o\u201d que reconocen aquellas trayectorias profesionales que han sobresalido en el campo del dise\u00f1o en Espa\u00f1a.<br \/>\nRousselot se sinti\u00f3 fuertemente atra\u00eddo por el dibujo y la caligraf\u00eda desde joven. Despu\u00e9s de trabajar en los mejores estudios y agencias de Buenos Aires a principios de 1962 se traslada con su familia a Chicago donde permanecer\u00e1 hasta el 1969. All\u00ed trabaja para Ficho &amp; Corley Inc. donde profundiza sus conocimiento sobre caligraf\u00eda y tipograf\u00eda con el maestro Carl Corley, disc\u00edpulo de Oswald Cooper y Frederic Goudy, colabora en el dise\u00f1o de publicaciones -como Playboy- y realiza varias campa\u00f1as publicitarias para agencias l\u00edderes como JWThompson, Young &amp; Rubicam y con profesionales como Michael Gournoe y Donald Moravick.<br \/>\nEn 1975, la trayectoria profesional de Ricardo Rousselot hace un nuevo giro al decidir establecerse en Barcelona. Al principio colabora con el estudio de Carlos Rolando y, poco despu\u00e9s con el de Albert Chust. Tambi\u00e9n trabaj\u00f3 como Director de Arte para agencias como MMLB \u2013 Moline consulting, RCP, Bassat &amp; Asociados, Viceversa, Cotrapunto BBDO, etc. Hasta que en 1978, Rousselot crea su propia agencia de dise\u00f1o para responder a los encargos de las grandes marcas de la industria catalana y espa\u00f1ola.<br \/>\nRicardo Rousselot es el creador de la identidad visual de marcas como El Corte Ingl\u00e9s, La Casera, Smoking, Borges, Casa Tarradellas, Juv\u00e9 &amp; Camps, Casa Claramunt, Panrico, Marcilla, Spanair, Reckit Benckiser, Bic Iberia, Dom Perignon, Joselito o Nike. Crea tambi\u00e9n la imagen de diferentes productos de Tabacalera Espa\u00f1ola, S.A. como Ducados, Fortuna, Farias o Bisonte y se responsabiliza del \u201c Dise\u00f1o en Arquitectura\u201d en las placas para el premio D\u00e9cada de Oscar Tusquets Blanca y la Fundaci\u00f3n Gala-Dal\u00ed y de la se\u00f1al\u00e9tica de las Olimpiadas Barcelona\u201992.<br \/>\nRicardo ha sido miembro de \u201cDesign for the World\u201d, es miembro de BCD (Barcelona Centro de Dise\u00f1o), de la ADG \/ FAD y socio de honor del Colegio de Dise\u00f1adores Gr\u00e1ficos de Catalu\u00f1a.<\/p>\n<p>&nbsp;<\/p>\n<p><strong>\u00cdndice<\/strong><\/p>\n<p>Pr\u00f3logo de Oscar Tusquets<br \/>\nIntroducci\u00f3n de Felipe Ib\u00e1\u00f1ez<br \/>\nRese\u00f1a de Norberto Chaves<\/p>\n<p>AUTOBIOGRAF\u00cdA DE RICARDO ROUSSELOT<\/p>\n<p>CHACO<br \/>\nBUENOS AIRES<br \/>\nCHICAGO<br \/>\nBARCELONA<\/p>\n<p>COMPENDIO<\/p>\n<p>Biograf\u00edas<br \/>\n&#8211; por Raquel Pelta<br \/>\n&#8211; por Jos\u00e9 Luis Mart\u00edn Montesinos<br \/>\n&#8211; por Montse Mas Hurtuna<\/p>\n<p>EDY RAM\u00cdREZ por Ricardo Rousselot<\/p>\n","protected":false},"excerpt":{"rendered":"<p><span style=\"color: #ff0000;\"><span style=\"color: #000000;\">Autor:<\/span> Ricardo Rousselt<\/span><\/p>\n<p><span style=\"color: #ff0000;\"><span style=\"color: #000000;\">Editado por: Felipe Ib\u00e1\u00f1ez<\/span><\/span><\/p>\n<p><strong>La historia de Ricardo Rousselot<\/strong> (del quebrachal al mundo) <strong>es una aventura apasionante<\/strong> que develan estas inusitadas memorias <strong>editadas por Felipe Ib\u00e1\u00f1ez sobre textos originales del autor<\/strong>.<br \/>\nEl <strong>pr\u00f3logo de Oscar Tusquets<\/strong> resume la gran reflexi\u00f3n sobre la mente que crea, a mano, tan insondable obra.<\/p>\n<p>Con biograf\u00edas de Norberto Chaves, Luis Montesinos, Raquel Pelta y Montse Mas; im\u00e1genes in\u00e9ditas y documentos exclusivos.<\/p>\n<p>\u00b7 ISBN: 978-98-78287-21-8<br \/>\n\u00b7 Medidas: 17 x 23 cm<br \/>\n\u00b7 P\u00e1ginas: 242<br \/>\n\u00b7 Encuadernaci\u00f3n: R\u00fastica<br \/>\n\u00b7 Impresi\u00f3n interior: color<br \/>\n\u00b7 Co-Edici\u00f3n Experimenta Libros \/ Felipe Ib\u00e1\u00f1ez<\/p>\n","protected":false},"featured_media":61157,"comment_status":"open","ping_status":"closed","template":"","meta":[],"product_cat":[9897,9892,9898,7313],"product_tag":[9908,9910,9862,9730,9764,9735,9591,9777,9641,9707,9763,9733,9778,9863],"jetpack_sharing_enabled":true,"_links":{"self":[{"href":"https:\/\/www.experimenta.es\/tienda\/wp-json\/wp\/v2\/product\/61151"}],"collection":[{"href":"https:\/\/www.experimenta.es\/tienda\/wp-json\/wp\/v2\/product"}],"about":[{"href":"https:\/\/www.experimenta.es\/tienda\/wp-json\/wp\/v2\/types\/product"}],"replies":[{"embeddable":true,"href":"https:\/\/www.experimenta.es\/tienda\/wp-json\/wp\/v2\/comments?post=61151"}],"wp:featuredmedia":[{"embeddable":true,"href":"https:\/\/www.experimenta.es\/tienda\/wp-json\/wp\/v2\/media\/61157"}],"wp:attachment":[{"href":"https:\/\/www.experimenta.es\/tienda\/wp-json\/wp\/v2\/media?parent=61151"}],"wp:term":[{"taxonomy":"product_cat","embeddable":true,"href":"https:\/\/www.experimenta.es\/tienda\/wp-json\/wp\/v2\/product_cat?post=61151"},{"taxonomy":"product_tag","embeddable":true,"href":"https:\/\/www.experimenta.es\/tienda\/wp-json\/wp\/v2\/product_tag?post=61151"}],"curies":[{"name":"wp","href":"https:\/\/api.w.org\/{rel}","templated":true}]}}