{"id":61153,"date":"2023-05-01T15:30:09","date_gmt":"2023-05-01T13:30:09","guid":{"rendered":"https:\/\/www.experimenta.es\/tienda\/?post_type=product&#038;p=61153"},"modified":"2024-11-10T13:28:54","modified_gmt":"2024-11-10T12:28:54","slug":"habitar-la-proximidad","status":"publish","type":"product","link":"https:\/\/www.experimenta.es\/tienda\/producto\/habitar-la-proximidad\/","title":{"rendered":"Habitar la proximidad"},"content":{"rendered":"<div>\n<p><strong>Este libro de Ezio Manzini editado por Experimenta Libros es un aporte a la conversaci\u00f3n social sobre la ciudad y su futuro.<\/strong><\/p>\n<p>En \u00e9l revive una idea que viene de lejos y a la que se ha ido prestando una creciente atenci\u00f3n en los \u00faltimos a\u00f1os: la de una ciudad de la proximidad en la que todo lo que se necesita a diario est\u00e1 a pocos minutos a pie del lugar en el que uno vive. Y no s\u00f3lo eso. Una ciudad en la que la proximidad funcional se encuentra acompa\u00f1ada de una proximidad relacional, gracias a la que las personas tienen muchas m\u00e1s oportunidades de conocerse, sostenerse, apoyarse mutuamente, cuidar el medio ambiente y trabajar juntas para alcanzar objetivos. En definitiva, se trata de una ciudad construida a partir de la vida concreta de los ciudadanos y de una idea de proximidad habitable en la que pueden encontrar todo lo que necesitan para vivir, junto a los dem\u00e1s.<\/p>\n<p>La ciudad de las proximidades, o \u00abde los 15 minutos\u00bb m\u00e1s recientemente conocida, propone una visi\u00f3n sencilla y clara de la direcci\u00f3n hacia la que se desea avanzar. Y justo aqu\u00ed, nos parece, reside su fuerza. Pero, para esto, necesitamos un profundo cambio cultural y una fuerte voluntad pol\u00edtica: se requiere una ruptura definitiva con la imagen de una ciudad dividida en partes especializadas y, en consecuencia, una reorganizaci\u00f3n radical de las infraestructuras y de las formas de gobierno existentes. Sobre todo, es indispensable combatir las desigualdades que caracterizan a la sociedad y, por ende, a las ciudades contempor\u00e1neas. <strong>Lo que propone la ciudad de las proximidades no puede ser patrimonio de pocos barrios privilegiados, sino que debe extenderse a toda la ciudad. Es decir, debe ser un derecho de cada uno de sus ciudadanos.<\/strong><\/p>\n<p>Muchas ciudades del mundo, incluidas Par\u00eds, Barcelona, \u00a0 Mil\u00e1n, se han comprometido y est\u00e1n dando pasos en esta direcci\u00f3n. Al hacerlo, nos muestran anticipaciones concretas de lo que podr\u00eda ser esta ciudad de proximidad: una ciudad en la que la innovaci\u00f3n social, los bienes comunes, las comunidades locales, el cuidado y el trabajo del cuidado se convierten en palabras clave de una planificaci\u00f3n que, gracias a infraestructuras coherentes, acorta distancias, entrelazando construcci\u00f3n y regeneraci\u00f3n.<\/p>\n<p><strong>La ciudad de proximidad es un escenario de dise\u00f1o, no una propuesta ut\u00f3pica.<\/strong><\/p>\n<\/div>\n<p>&nbsp;<\/p>\n<p><span class=\"Apple-converted-space\">SOBRE EL AUTOR<br \/>\n<\/span><strong>Ezio Manzini<\/strong> es un pensador l\u00edder en dise\u00f1o para la sustentabilidad y fundador de DESIS, una red internacional sobre dise\u00f1o para la innovaci\u00f3n social y la sustentabilidad. Actualmente, es Profesor Honorario en el Politecnico di Milano. Ha impartido clases en varias escuelas internacionales, como Elisava (Barcelona), University of the Arts (Londres), Parsons (NYC), Tongji University (Shanghai).<br \/>\nSus libros m\u00e1s recientes incluyen \u201cCuando todos dise\u00f1an. Una Introducci\u00f3n al Dise\u00f1o para la Innovaci\u00f3n Social\u201d (2015) \u2013Editado por Experimenta Libros en espa\u00f1ol\u2013 y \u201cPol\u00edticas de lo Cotidiano\u201d (2018).<\/p>\n<p>&nbsp;<\/p>\n<p><strong>\u00cdndice<\/strong><br \/>\n<strong>Introducci\u00f3n<\/strong><\/p>\n<p><strong>1- Trayectorias de la proximidad<\/strong><\/p>\n<p>1.1 Qu\u00e9 es la proximidad<br \/>\n1.2 Proximidad funcional y proximidad relacional<br \/>\n1.3 Proximidad diversificada y proximidad especializada<br \/>\n1.4 Innovaci\u00f3n t\u00e9cnica y proximidad h\u00edbrida<br \/>\n1.5 Innovaci\u00f3n social y proximidad relacional<br \/>\n1.6 Innovaci\u00f3n cultural y proximidad m\u00e1s-que-humana<br \/>\n1.7 Proximidad habitable<\/p>\n<p><strong>2- La ciudad de las proximidades<\/strong><br \/>\n2.1 Bienes comunes y proximidad<br \/>\n2.2 La ciudad de las distancias y su crisis<br \/>\n2.3 Escenarios enfrentados<br \/>\n2.4 Todo en menos de 15 minutos, pero no solo eso<br \/>\n2.5 Proximidad funcional y \u00abunidades ecol\u00f3gicas m\u00ednimas\u00bb<br \/>\n2.6 Proximidad relacional, redes locales y cosmopolitismo<br \/>\n2.7 El doble v\u00ednculo entre proximidad funcional y relacional<br \/>\n2.8. Reuniones, lugares de encuentro y dimensi\u00f3n molecular de la ciudad<br \/>\n2.9 Comunidades locales, proximidad diversificada y resiliencia<br \/>\n2.10 Calles, plazas, bienes comunes y proximidad<\/p>\n<p><strong>3- La ciudad que cuida<\/strong><br \/>\n3.1 Cuidado y proximidad \/ Cuidado es proximidad<br \/>\n3.2 El cuidado es tambi\u00e9n un trabajo<br \/>\n3.3 La ciudad sin cuidado<br \/>\n3.4 Servicios que ayudan a colaborar<br \/>\n3.5 Comunidad de cuidado<br \/>\n3.6 La proximidad que cuida<br \/>\n3.7 Cuidado, comunidad y proximidades h\u00edbridas<br \/>\n3.8 Redistribuci\u00f3n del trabajo de cuidado<br \/>\n3.9. Una nueva ecolog\u00eda del tiempo<br \/>\n3.10 Densidad y econom\u00edas de proximidad<\/p>\n<p><strong>4- Dise\u00f1ar para acercar<\/strong><br \/>\n4.1 Las infraestructuras t\u00e9cnicas y sociales como plataformas de oportunidades<br \/>\n4.2 De la ciudad de las distancias a la ciudad de las proximidades<br \/>\n4.3. Est\u00edmulos y atractores de la conversaci\u00f3n social<br \/>\n4.4 Comunidad de lugar como red de proyectos<br \/>\n4.5 Construcci\u00f3n y regeneraci\u00f3n<br \/>\n4.6 De la fase heroica a la normalidad transformadora<br \/>\n4.7 Dise\u00f1ar en proximidad y para la proximidad<br \/>\n4.8 Comunidad, proximidad, proyectualidad<\/p>\n<p><strong>El futuro cercano. Ciudad de las proximidades y plataformas digitales &#8211; por Ivana Pais<\/strong><br \/>\n&#8211; Para una definici\u00f3n de plataforma digital<br \/>\n&#8211; Plataformas de proximidad habitable y cuestiones de gobernanza<br \/>\n<em>\u00b7 El nuevo minicipalismo<\/em><br \/>\n&#8211; La dimensi\u00f3n relacional (y no solo) de las plataformas digitales<br \/>\n<em>\u00b7 La econom\u00eda colaborativa<\/em><br \/>\n&#8211; Plataformas urbanas y arraigo local<br \/>\n<em>\u00b7 Las Sharing Cities<\/em><br \/>\n&#8211; Futuro pr\u00f3ximo: \u00bfplataformas como nuevos \u00abbienes colectivos locales\u00bb?<\/p>\n","protected":false},"excerpt":{"rendered":"<p><span style=\"color: #ff0000;\"><span style=\"color: #000000;\">Habitar la proximidad. Ideas para la ciudad de los 15 minutos.<\/span><\/span><strong><span style=\"color: #ff0000;\"><span style=\"color: #000000;\"><br \/>\n<\/span><\/span><\/strong><span style=\"color: #ff0000;\"><span style=\"color: #000000;\">Autor:<\/span> Ezio Manzini<\/span><\/p>\n<p><strong>Este libro es un aporte a la conversaci\u00f3n social sobre la ciudad y su futuro.<\/strong><\/p>\n<p>En \u00e9l revive una idea que viene de lejos y a la que se ha ido prestando una creciente atenci\u00f3n en los \u00faltimos a\u00f1os: la de una ciudad de la proximidad en la que todo lo que se necesita a diario est\u00e1 a pocos minutos a pie del lugar en el que uno vive.<\/p>\n<p><strong>La ciudad de proximidad es un escenario de dise\u00f1o, no una propuesta ut\u00f3pica.<\/strong><\/p>\n<p>\u00b7 ISBN: 978-84-18049-97-2<br \/>\n\u00b7 Medidas: 16 x 23 cm<br \/>\n\u00b7 P\u00e1ginas: 186<br \/>\n\u00b7 Encuadernaci\u00f3n: R\u00fastica<br \/>\n\u00b7 Impresi\u00f3n interior: Negro<br \/>\n\u00b7 Edici\u00f3n: Experimenta Libros. Colecci\u00f3n Theoria.<\/p>\n","protected":false},"featured_media":61158,"comment_status":"open","ping_status":"closed","template":"","meta":[],"product_cat":[9894,9895,9892,9898,7313],"product_tag":[9908,9730,9764,9735,9591,9777,9864,9641,9707,9762,9733,9786,9778],"jetpack_sharing_enabled":true,"_links":{"self":[{"href":"https:\/\/www.experimenta.es\/tienda\/wp-json\/wp\/v2\/product\/61153"}],"collection":[{"href":"https:\/\/www.experimenta.es\/tienda\/wp-json\/wp\/v2\/product"}],"about":[{"href":"https:\/\/www.experimenta.es\/tienda\/wp-json\/wp\/v2\/types\/product"}],"replies":[{"embeddable":true,"href":"https:\/\/www.experimenta.es\/tienda\/wp-json\/wp\/v2\/comments?post=61153"}],"wp:featuredmedia":[{"embeddable":true,"href":"https:\/\/www.experimenta.es\/tienda\/wp-json\/wp\/v2\/media\/61158"}],"wp:attachment":[{"href":"https:\/\/www.experimenta.es\/tienda\/wp-json\/wp\/v2\/media?parent=61153"}],"wp:term":[{"taxonomy":"product_cat","embeddable":true,"href":"https:\/\/www.experimenta.es\/tienda\/wp-json\/wp\/v2\/product_cat?post=61153"},{"taxonomy":"product_tag","embeddable":true,"href":"https:\/\/www.experimenta.es\/tienda\/wp-json\/wp\/v2\/product_tag?post=61153"}],"curies":[{"name":"wp","href":"https:\/\/api.w.org\/{rel}","templated":true}]}}