{"id":61251,"date":"2023-07-04T20:34:33","date_gmt":"2023-07-04T18:34:33","guid":{"rendered":"https:\/\/www.experimenta.es\/tienda\/?post_type=product&#038;p=61251"},"modified":"2024-10-14T21:12:51","modified_gmt":"2024-10-14T19:12:51","slug":"a-mi-si-me-pagan-por-pensar","status":"publish","type":"product","link":"https:\/\/www.experimenta.es\/tienda\/producto\/a-mi-si-me-pagan-por-pensar\/","title":{"rendered":"A m\u00ed s\u00ed me pagan por pensar"},"content":{"rendered":"<p>\u00bfC\u00f3mo pretendemos ser un pa\u00eds innovador si no creemos en la creatividad ni en su potencial dentro de las empresas? \u00bfNo deber\u00edamos desarrollar en todas las empresas la creatividad, la confianza en ella, para luego producir esa innovaci\u00f3n? \u00bfTenemos un liderazgo dentro de las empresas que acepta y provoca la creatividad? \u00bfToda empresa puede ser considerada como una empresa creativa a pesar de no pertenecer al mundo de las agencias de publicidad o del marketing?<\/p>\n<p>Una y otra vez, vemos en los medios de comunicaci\u00f3n que se habla de la necesidad de ser innovadores. Y que quienes no desarrollen la innovaci\u00f3n dentro de sus empresas, estar\u00e1n destinados a la muerte empresarial. Pero antes de la innovaci\u00f3n, nos hemos saltado un paso imprescindible: la creatividad. Un pa\u00eds que considera solamente los \u00e1mbitos profesionales de la publicidad y el marketing como empresas creativas, \u00bfc\u00f3mo puede ser innovador?<\/p>\n<p><span class=\"Apple-converted-space\">SOBRE EL AUTOR<br \/>\n<\/span><\/p>\n<p><strong>David Asensio Garc\u00eda<\/strong> es el fundador de Chocolate Rojo Consulting, consultora que promulga la importancia de la creatividad tanto en las culturas empresariales como en la sociedad. Es conferenciante, colaborador en medios de comunicaci\u00f3n y considerado como una de las referencias espa\u00f1olas en creatividad y management. Con sus portales El principio de un comienzo, as\u00ed como Walk into a business ha alcanzado la cifra de m\u00e1s de cuatro millones de visitas en todo el mundo.<\/p>\n<p>Es autor de los libros, <em>Liderazgo canalla. Libera tu lado m\u00e1s rebelde<\/em>, as\u00ed como tambi\u00e9n de <em>Mofeta Branding. C\u00f3mo son las marcas que transforman el mundo<\/em>, ambos de Edi. Versos y Reversos. Con <strong>Experimenta Libros<\/strong> ha publicado un tratado sobre la creatividad, titulado <a href=\"https:\/\/www.experimenta.es\/tienda\/producto\/creatividad-contra-el-caos-y-la-incertidumbre\/\">Creatividad. Contra el caos y la incertidumbre<\/a>, as\u00ed como el libro <a href=\"https:\/\/www.experimenta.es\/tienda\/producto\/mentes-creativas-como-pasar-de-lo-ordinario-a-lo-extraordinario\/\">Mentes creativas. C\u00f3mo pasar de lo ordinario a lo extraordinario<\/a> que junto a <strong><em>A m\u00ed s\u00ed me pagan por pensar<\/em><\/strong> conforman una trilog\u00eda indispensable para entender el impacto que tiene la creatividad en el mundo empresarial.<em>\u00a0<\/em><\/p>\n<p>&nbsp;<\/p>\n<p><strong>\u00cdndice<\/strong><br \/>\n<strong>Pr\u00f3logo de \u00c1ngel Le\u00f3n<\/strong><br \/>\n<strong>Pr\u00f3logo del coronel Pedro Ba\u00f1os<\/strong><br \/>\n<strong>1. Introducci\u00f3n: La creatividad, el caballo de Troya que necesitamos para transformar empresas y sociedad<\/strong><br \/>\n<strong>2. \u00bfDe d\u00f3nde venimos?<\/strong><br \/>\n2.1. La creatividad en el pa\u00eds de la picaresca y el tupper<br \/>\n2.2. Hemos despreciado a nuestra clase creativa y su fuerza<br \/>\n2.3. El management nunca ha querido a la creatividad<br \/>\n2.4. No creamos nada, solo seguimos modas<br \/>\n<strong>3. \u00bfPor d\u00f3nde empezamos?<\/strong><br \/>\n3.1. Es hora de pasar de producir a crear, \u00bfte sumas o mueres?<br \/>\n3.2. Si quieres creatividad, rebaja la burocracia<br \/>\n3.3. No pongas excusas, perm\u00edtete experimentar<br \/>\n3.4. No se trata de acumular creatividad,<br \/>\nsino de preguntarse d\u00f3nde est\u00e1<br \/>\n3.5. Singularidad se escribe con p de personas<br \/>\n<strong>4. Metodolog\u00eda Troya<\/strong><br \/>\n<strong>5. \u00bfHacia d\u00f3nde vamos?<\/strong><br \/>\n5.1. Todos somos directores creativos<br \/>\nde nuestro puesto de trabajo<br \/>\n5.2. Creatividad, el motor de cambio de un pa\u00eds<br \/>\n<strong>Ep\u00edlogo de Xavier Marcet, consultor de innovaci\u00f3n estrat\u00e9gica y presidente de LTC<\/strong><br \/>\n<strong>Ep\u00edlogo de Javier Garc\u00eda, editor de Sintetia.com<\/strong><br \/>\n<strong>Bibliograf\u00eda<\/strong><br \/>\n<strong>Ap\u00e9ndice<\/strong><br \/>\n<strong>Agradecimientos<\/strong><\/p>\n","protected":false},"excerpt":{"rendered":"<p><span style=\"color: #ff0000;\"><span style=\"color: #000000;\">Autor:<\/span> David Asensio<br \/>\n<span style=\"color: #000000;\">Pr\u00f3logos de <strong>\u00c1ngel Le\u00f3n<\/strong> y <strong>Pedro Ba\u00f1os<br \/>\n<\/strong>Ep\u00edlogos de <strong>Xavier Marcet <\/strong>y<strong> Javier Garc\u00eda<br \/>\n<\/strong><\/span><\/span><\/p>\n<p>\u00bfC\u00f3mo pretendemos ser un pa\u00eds innovador si no creemos en la creatividad ni en su potencial dentro de las empresas?<br \/>\n<em><strong>A m\u00ed s\u00ed me pagan por pensar. Hacia una cultura empresarial creativa,<\/strong><\/em>\u00a0editado por Experimenta Libros, nos muestra que toda empresa es y puede ser creativa, as\u00ed como tambi\u00e9n nos propone la forma de llevarla hacia una cultura empresarial creativa. <strong>Este es, casi con seguridad, el primer libro escrito en Espa\u00f1a que nos muestra c\u00f3mo toda empresa puede y debe adoptar la creatividad como forma de liderazgo y visi\u00f3n empresarial.<\/strong><\/p>\n<ul class=\"a-unordered-list a-nostyle a-vertical a-spacing-none detail-bullet-list\">\n<li>ISBN: 978- 84-18049-98-9<\/li>\n<li>Medidas: 16 x 23 cm<\/li>\n<li>P\u00e1ginas: 200<\/li>\n<li>Encuadernaci\u00f3n: R\u00fastica<\/li>\n<li>Impresi\u00f3n interior: Negro<\/li>\n<li>Edici\u00f3n: Experimenta Libros<\/li>\n<\/ul>\n","protected":false},"featured_media":61252,"comment_status":"open","ping_status":"closed","template":"","meta":[],"product_cat":[9895,9896,7313],"product_tag":[9732,9730,9873,9764,9766,9641,9770,9714,9733,9771,9761,9786,9778],"jetpack_sharing_enabled":true,"_links":{"self":[{"href":"https:\/\/www.experimenta.es\/tienda\/wp-json\/wp\/v2\/product\/61251"}],"collection":[{"href":"https:\/\/www.experimenta.es\/tienda\/wp-json\/wp\/v2\/product"}],"about":[{"href":"https:\/\/www.experimenta.es\/tienda\/wp-json\/wp\/v2\/types\/product"}],"replies":[{"embeddable":true,"href":"https:\/\/www.experimenta.es\/tienda\/wp-json\/wp\/v2\/comments?post=61251"}],"wp:featuredmedia":[{"embeddable":true,"href":"https:\/\/www.experimenta.es\/tienda\/wp-json\/wp\/v2\/media\/61252"}],"wp:attachment":[{"href":"https:\/\/www.experimenta.es\/tienda\/wp-json\/wp\/v2\/media?parent=61251"}],"wp:term":[{"taxonomy":"product_cat","embeddable":true,"href":"https:\/\/www.experimenta.es\/tienda\/wp-json\/wp\/v2\/product_cat?post=61251"},{"taxonomy":"product_tag","embeddable":true,"href":"https:\/\/www.experimenta.es\/tienda\/wp-json\/wp\/v2\/product_tag?post=61251"}],"curies":[{"name":"wp","href":"https:\/\/api.w.org\/{rel}","templated":true}]}}