{"id":61276,"date":"2023-07-17T17:40:44","date_gmt":"2023-07-17T15:40:44","guid":{"rendered":"https:\/\/www.experimenta.es\/tienda\/?post_type=product&#038;p=61276"},"modified":"2026-05-02T02:01:19","modified_gmt":"2026-05-02T00:01:19","slug":"revista-experimenta-96","status":"publish","type":"product","link":"https:\/\/www.experimenta.es\/tienda\/producto\/revista-experimenta-96\/","title":{"rendered":"Revista Experimenta 96"},"content":{"rendered":"<p>En las llamadas industrias creativas, las condiciones de contrataci\u00f3n lejos est\u00e1n a\u00fan de ser las ideales. Aspectos como la falta de comprensi\u00f3n sobre su valor, las dudas acerca del retorno de la inversi\u00f3n realizada, las expectativas poco realistas en muchas ocasiones por parte de quienes contratan, la casi ausente transparencia presupuestaria al momento de buscar un profesional del sector, o el desconocimiento de lo que implica el proceso de desarrollo de un proyecto de dise\u00f1o, son s\u00f3lo algunos de los innumerables escollos que aparecen en el camino y que hacen a la ausencia de condiciones justas para todos.<\/p>\n<p>Algo que se manifiesta muchas veces en la falta de comprensi\u00f3n mutua, que aleja la posibilidad de que ambas partes act\u00faen como socios estrat\u00e9gicos que se retroalimentan con un fin espec\u00edfico.<span class=\"Apple-converted-space\">\u00a0<\/span><\/p>\n<p>Pero no se trata de exhibir un panorama desolador \u2013ni de resignaci\u00f3n\u2013 pensando en que \u201cesto siempre ha sido as\u00ed, y as\u00ed seguir\u00e1\u201d: desde diferentes espacios nos llegan se\u00f1ales alentadoras de que se ha tomado nota de la situaci\u00f3n y se est\u00e1 trabajando para cambiarla.<\/p>\n<p>Porque estamos convencidos de que esto es una tarea que nos involucra a todos y que \u201cel dise\u00f1o es di\u00e1logo y su gesti\u00f3n permite llegar a puntos de encuentro entre las dos partes. La imposici\u00f3n-sometimiento de cualquiera de las dos partes, suele ser garant\u00eda de fracaso\u201d, apropi\u00e1ndonos de las palabras de Mercedes Laso, Gerente de Expormim, en nuestro art\u00edculo central.<span class=\"Apple-converted-space\">\u00a0<\/span><\/p>\n<p><strong>Contenidos Generales<\/strong><\/p>\n<p>Esta edici\u00f3n de Experimenta est\u00e1 dedicada a reflexionar y poner en debate qu\u00e9 significa contratar dise\u00f1o y dise\u00f1adores. Para esto <strong>hemos convocado a m\u00e1s de 40 profesionales, editoras de dise\u00f1o, agencias de contrataci\u00f3n y organizaciones<\/strong> para que nos compartan su visi\u00f3n sobre el tema. Adem\u00e1s incluye entrevistas a <strong>Guy Julier,<span class=\"Apple-converted-space\">\u00a0 <\/span>Cris Busquets, Aranda Agency y Amy Fitzgerald.<\/strong><span class=\"Apple-converted-space\">\u00a0<\/span><\/p>\n<p><strong>Felipe Taborda<\/strong> nos comparte su di\u00e1logo con <strong>Liz\u00e1 D\u00e9fossez Ramalho<\/strong> y <strong>Artur Rebelo<\/strong> del fant\u00e1stico estudio portugu\u00e9s <strong>R2<\/strong>; y con el dise\u00f1ador mexicano <strong>Germ\u00e1n Montalvo Durante<\/strong>, quien por m\u00e1s de 50 a\u00f1os con su obra gr\u00e1fica ha estado presente en la vida cultural y pol\u00edtica de su pa\u00eds.<\/p>\n<p><strong>Luj\u00e1n Cambariere<\/strong> nos lleva de Madrid a Nueva York, con una recorrida personal sobre dos grandes eventos que marcan el calendario de las llamadas \u201csemanas del dise\u00f1o\u201d: el <strong>Madrid Design Festival<\/strong> y la <strong>Semana del dise\u00f1o en Nueva York<\/strong>, que incluye dos de las ferias m\u00e1s importantes \u2013la ICFF y Wanted Design- junto a la actividad de los museos m\u00e1s representativos del dise\u00f1o y la artesan\u00eda. <strong>Lucas L\u00f3pez<\/strong> nos lleva a visitar la muestra <strong>Pura Gr\u00e1fica<\/strong> en Argentina, y <strong>la Fundaci\u00f3n IDA<\/strong> nos sumerge en la historia con su art\u00edculo \u201cCartograf\u00edas del dise\u00f1o moderno latinoamericano 1940-1950\u201d.<\/p>\n<p>Como siempre, nuestras secciones <strong>Deseo, 5Libros y ZUM<\/strong>, dedicado al dise\u00f1o de tipograf\u00edas para el ecosistema digital.<\/p>\n<p><strong>\u00a1Bienvenidos a Experimenta 96!<\/strong><\/p>\n","protected":false},"excerpt":{"rendered":"<p><b>Contratar dise\u00f1o <\/b>(y dise\u00f1adores)<\/p>\n<p>Confianza, respeto y colaboraci\u00f3n.<br \/>\nLa relaci\u00f3n entre quien contrata y quien es contratado, sin importar a qu\u00e9 tipo de actividad remunerada hagamos referencia, incluye no s\u00f3lo el intercambio de una cantidad de dinero -u otro tipo de beneficio- que se da por un trabajo o servicio: es, ante todo, el marco de un acuerdo que se establece entre dos partes basado en la confianza, el respeto y la colaboraci\u00f3n.<\/p>\n<p><strong>Una edici\u00f3n dedicada a reflexionar y poner en debate qu\u00e9 significa contratar dise\u00f1o y dise\u00f1adores.<\/strong> Para esto hemos convocado a m\u00e1s de 40 profesionales, editoras de dise\u00f1o, agencias de contrataci\u00f3n y organizaciones para que nos compartan su visi\u00f3n sobre el tema.<\/p>\n<p><strong>Con la compra de Experimenta 96 en nuestra tienda online, recibir\u00e1s gratis el n\u00famero cero de Margen-Margin.<\/strong> Una nueva publicaci\u00f3n que busca crear novedosos \u00e1mbitos de encuentro entre distintas generaciones, y que apadrinamos en todo su proceso de creaci\u00f3n.<span class=\"Apple-converted-space\">\u00a0<\/span><\/p>\n<div class=\"page\" title=\"Page 4\">\n<div class=\"layoutArea\">\n<div class=\"column\">\n<p>\u00b7 Edici\u00f3n: Verano 2023<br \/>\n\u00b7 ISBN: 978-84-19555-00-7<br \/>\n\u00b7 Medidas: 23 x 26,5 cm<br \/>\n\u00b7 P\u00e1ginas: 136<\/p>\n<\/div>\n<\/div>\n<\/div>\n","protected":false},"featured_media":61297,"comment_status":"open","ping_status":"closed","template":"","meta":[],"product_cat":[9715,7311],"product_tag":[9713,9732,9730,9735,9638,9591,9903,9777,9766,9748,9889,9770,9707,9708,9714,9762,9778],"jetpack_sharing_enabled":true,"_links":{"self":[{"href":"https:\/\/www.experimenta.es\/tienda\/wp-json\/wp\/v2\/product\/61276"}],"collection":[{"href":"https:\/\/www.experimenta.es\/tienda\/wp-json\/wp\/v2\/product"}],"about":[{"href":"https:\/\/www.experimenta.es\/tienda\/wp-json\/wp\/v2\/types\/product"}],"replies":[{"embeddable":true,"href":"https:\/\/www.experimenta.es\/tienda\/wp-json\/wp\/v2\/comments?post=61276"}],"wp:featuredmedia":[{"embeddable":true,"href":"https:\/\/www.experimenta.es\/tienda\/wp-json\/wp\/v2\/media\/61297"}],"wp:attachment":[{"href":"https:\/\/www.experimenta.es\/tienda\/wp-json\/wp\/v2\/media?parent=61276"}],"wp:term":[{"taxonomy":"product_cat","embeddable":true,"href":"https:\/\/www.experimenta.es\/tienda\/wp-json\/wp\/v2\/product_cat?post=61276"},{"taxonomy":"product_tag","embeddable":true,"href":"https:\/\/www.experimenta.es\/tienda\/wp-json\/wp\/v2\/product_tag?post=61276"}],"curies":[{"name":"wp","href":"https:\/\/api.w.org\/{rel}","templated":true}]}}