{"id":61315,"date":"2023-08-01T11:26:43","date_gmt":"2023-08-01T09:26:43","guid":{"rendered":"https:\/\/www.experimenta.es\/tienda\/?post_type=product&#038;p=61315"},"modified":"2024-10-14T21:12:33","modified_gmt":"2024-10-14T19:12:33","slug":"leer-libros-disenar-portadas","status":"publish","type":"product","link":"https:\/\/www.experimenta.es\/tienda\/producto\/leer-libros-disenar-portadas\/","title":{"rendered":"Leer libros, dise\u00f1ar portadas"},"content":{"rendered":"<p>Este peque\u00f1o libro sobre libros, o sobre lo que los libros inspiran para tender puentes con los lectores, es s\u00f3lo un muestrario, muy reducido, de lo que el dise\u00f1o puede aportar a la lectura.<\/p>\n<p>En la intensa entrevista que da t\u00edtulo a este volumen, Leer libros, dise\u00f1ar portadas, Juan Cruz, maestro de conversadores y editores, trata de poner a Manuel Estrada contra las cuerdas, arrancarle secretos, confidencias, certezas.<\/p>\n<p>Pero todo vuelve a la imagen, a la lectura en im\u00e1genes y a la celebraci\u00f3n de un encuentro afortunado: la simbiosis entre las portadas y las obras que las portadas cubren y ofrecen al lector, el milagro del viaje de un lenguaje a otro y un enriquecimiento mutuo. Tras unos breves textos de presentaci\u00f3n en la primera parte, la segunda est\u00e1 dedicada a la entrevista -m\u00e1s bien larga conversaci\u00f3n- entre Manuel Estrada y Juan Cruz; en la tercera se propone un juego entre los bocetos que precedieron a las portadas, los comentarios de Manuel Estrada sobre esos mismos bocetos, las portadas a las que dieron lugar y un breve extracto donde escuchamos, junto a la voz de Estrada, la voz de los textos. Finalmente, cierra el volumen una amplia secci\u00f3n donde se reproducen portadas seleccionadas entre las que Manuel Estrada considera m\u00e1s logradas y que tambi\u00e9n habr\u00e1n podido verse durante algunos meses en la exposici\u00f3n organizada en la Biblioteca Provincial de Madrid \u00abJoaqu\u00edn Leguina\u00bb y que ha servido de punto de partida para este libro.<\/p>\n<p>&nbsp;<\/p>\n<p><strong>Sobre el Autor<\/strong><\/p>\n<p><strong>Manuel Estrada<\/strong> es Premio Nacional de Dise\u00f1o 2017. El Ministerio de Econom\u00eda, Industria y Competitividad destac\u00f3, en la concesi\u00f3n del galard\u00f3n, \u00absu extraordinaria capacidad para el desarrollo de diferentes l\u00edneas proyectuales\u00bb, subrayando \u00absu capacidad para conectar eficazmente la cultura con el tejido empresarial, contribuyendo de manera significativa a profesionalizar el mundo del dise\u00f1o\u00bb y valorando especialmente el \u00abcompromiso con el papel y la imagen de Espa\u00f1a en el mundo\u00bb. Su trabajo ha sido expuesto en galer\u00edas de Nueva York, Chicago, Helsinki, Berl\u00edn,\u00a0Lisboa o varias ciudades espa\u00f1olas como Bilbao,\u00a0Madrid, Zaragoza, Segovia o M\u00e1laga. Ha recibido reconocimiento nacional e internacional con prestigiosos premios como el Premio Nacional de Dise\u00f1o 2017, el Diploma del Art&#8217;s Directors Club of Europe, el Laus, el de la AEDP (Asociaci\u00f3n de Profesionales del Dise\u00f1o de Espa\u00f1a) en varias ocasiones; el Premio Excelencia al a! Dise\u00f1o de M\u00e9xico; Le Cordon Bleu World de los Food Media Awards autralianos; o el prestigioso Good Design Award del Chicago Atheneum Museum\u00a0of Architecture and Design.<\/p>\n","protected":false},"excerpt":{"rendered":"<p><span style=\"color: #ff0000;\"><span style=\"color: #000000;\">Autor:<\/span> Manuel Estrada<br \/>\n<span style=\"color: #000000;\"><strong><br \/>\n<\/strong><\/span><\/span><\/p>\n<p>Este peque\u00f1o libro sobre libros, o sobre lo que los libros inspiran para tender puentes con los lectores, es s\u00f3lo un muestrario, muy reducido, de lo que el dise\u00f1o puede aportar a la lectura.<\/p>\n<ul class=\"a-unordered-list a-nostyle a-vertical a-spacing-none detail-bullet-list\">\n<li>ISBN: 978-84-1148-244-8<\/li>\n<li>Medidas: 15,5 x 23 cm<\/li>\n<li>P\u00e1ginas: 256<\/li>\n<li>Encuadernaci\u00f3n: R\u00fastica<\/li>\n<li>Impresi\u00f3n interior: Color con im\u00e1genes<\/li>\n<li>Edici\u00f3n: Alianza Editorial<\/li>\n<\/ul>\n","protected":false},"featured_media":61316,"comment_status":"open","ping_status":"closed","template":"","meta":[],"product_cat":[9897,9892,7313],"product_tag":[9908,9730,9873,9764,9859,9591,9707,9765,9786],"jetpack_sharing_enabled":true,"_links":{"self":[{"href":"https:\/\/www.experimenta.es\/tienda\/wp-json\/wp\/v2\/product\/61315"}],"collection":[{"href":"https:\/\/www.experimenta.es\/tienda\/wp-json\/wp\/v2\/product"}],"about":[{"href":"https:\/\/www.experimenta.es\/tienda\/wp-json\/wp\/v2\/types\/product"}],"replies":[{"embeddable":true,"href":"https:\/\/www.experimenta.es\/tienda\/wp-json\/wp\/v2\/comments?post=61315"}],"wp:featuredmedia":[{"embeddable":true,"href":"https:\/\/www.experimenta.es\/tienda\/wp-json\/wp\/v2\/media\/61316"}],"wp:attachment":[{"href":"https:\/\/www.experimenta.es\/tienda\/wp-json\/wp\/v2\/media?parent=61315"}],"wp:term":[{"taxonomy":"product_cat","embeddable":true,"href":"https:\/\/www.experimenta.es\/tienda\/wp-json\/wp\/v2\/product_cat?post=61315"},{"taxonomy":"product_tag","embeddable":true,"href":"https:\/\/www.experimenta.es\/tienda\/wp-json\/wp\/v2\/product_tag?post=61315"}],"curies":[{"name":"wp","href":"https:\/\/api.w.org\/{rel}","templated":true}]}}