{"id":61584,"date":"2023-11-14T17:40:26","date_gmt":"2023-11-14T16:40:26","guid":{"rendered":"https:\/\/www.experimenta.es\/tienda\/?post_type=product&#038;p=61584"},"modified":"2026-04-08T22:10:20","modified_gmt":"2026-04-08T20:10:20","slug":"historia-de-una-silla","status":"publish","type":"product","link":"https:\/\/www.experimenta.es\/tienda\/producto\/historia-de-una-silla\/","title":{"rendered":"Historia de una silla (libro+p\u00f3ster)"},"content":{"rendered":"<p><span class=\"Apple-converted-space\">SOBRE El AUTOR<br \/>\n<\/span><strong>Samuel L\u00f3pez-Lago<\/strong> (M\u00e9rida -Espa\u00f1a-, 1991). Dise\u00f1ador estrat\u00e9gico y l\u00edder de proyectos con vocaci\u00f3n global. Docente, facilitador y mentor en programas de ense\u00f1anza internacionales. Funcionario en las instituciones europeas, trabajando actualmente como Oficial de Proyectos en la Direcci\u00f3n General de Comunicaci\u00f3n de la Comisi\u00f3n Europea.<br \/>\nMiembro Asociado electo de la World Academy of Art and Science, una organizaci\u00f3n cient\u00edfica encargada de promover el liderazgo en el pensamiento que conduzca a la acci\u00f3n, y de la que en su d\u00eda formaron parte intelectuales como Albert Einstein o Bertrand Russell.<br \/>\nMiembro del grupo de trabajo de Dise\u00f1o y Administraci\u00f3n P\u00fablica del Ministerio de Ciencia e Innovaci\u00f3n del Gobierno de Espa\u00f1a.<br \/>\nSeleccionado como uno de los 300 l\u00edderes espa\u00f1oles en Innovaci\u00f3n Tecnol\u00f3gica y Econom\u00eda Circular por la Advanced Leadership Foundation (USA), como l\u00edder de opini\u00f3n en Harvard Business Review Ascend Select y como miembro del Consejo Asesor de Harvard Business Review (Opt-in Research Community of Professionals).<br \/>\nFinalista en los Premios Nacionales de Artesan\u00eda de 2016 (junto a Terracota M\u00e9rida), su obra pl\u00e1stica como dise\u00f1ador se encuentra a la venta en el Museo Nacional Centro de Arte Reina Sof\u00eda. Master Certificate en Dise\u00f1o de Sistemas y Liderazgo de Proyectos (Cornell University), Professional Program en Liderazgo y Transformaci\u00f3n Digital (Massachusetts Institute of Technology), Professional Program en Estrategias de Dise\u00f1o (Massachusetts Institute of Technology).<br \/>\nEs autor de los libros Vadem\u00e9cum de m\u00e9todos de dise\u00f1o y Clayfulness. Modela el silencio de tu mente, editados por Experimenta Libros.<\/p>\n","protected":false},"excerpt":{"rendered":"<p><span style=\"color: #ff0000;\"><span style=\"color: #000000;\">Autor:<\/span>\u00a0Samuel L\u00f3pez-Lago<br \/>\n<span style=\"color: #000000;\">Ilustraciones:<\/span> T. Yogi<br \/>\n<\/span><\/p>\n<p><strong>Una silla narra su historia, que es la historia de todas las sillas.<\/strong> Y en su narrativa, propone a los peque\u00f1os lectores un recorrido por aquellos dise\u00f1os y dise\u00f1adores que nos han legado piezas ic\u00f3nicas que forman parte de nuestra cultura.<\/p>\n<p><strong>Pero no s\u00f3lo se trata de un recorrido por la historia de este objeto cotidiano: es un recordatorio para los ni\u00f1os y las ni\u00f1as que la esencia de lo que eres es lo m\u00e1s importante y que la diversidad es un valor fundamental.<\/strong><\/p>\n<p><strong>Incluye P\u00f3ster color (36&#215;47 cm).<\/strong><\/p>\n<p>\u00b7 ISBN: 978-84-19555-06-9<br \/>\n\u00b7 Medidas: 19,5 x 25 cm<br \/>\n\u00b7 P\u00e1ginas: 68<br \/>\n\u00b7 Encuadernaci\u00f3n: r\u00fastica, cosida en cuadernillos, con esquinas redondeadas<br \/>\n\u00b7 Impresi\u00f3n interior: Color<br \/>\n\u00b7 Edici\u00f3n: Experimenta Libros<\/p>\n<p><strong>Este libro tambi\u00e9n est\u00e1 disponible en &gt;&gt; <span style=\"color: #ff0000;\"><a style=\"color: #ff0000;\" href=\"https:\/\/www.experimenta.es\/tienda\/producto\/a-tale-of-a-chair-bookposter\/\">ingl\u00e9s<\/a><\/span><\/strong><\/p>\n","protected":false},"featured_media":61585,"comment_status":"open","ping_status":"closed","template":"","meta":[],"product_cat":[9892,7313],"product_tag":[9954,9859,9641,9953,9765],"jetpack_sharing_enabled":true,"_links":{"self":[{"href":"https:\/\/www.experimenta.es\/tienda\/wp-json\/wp\/v2\/product\/61584"}],"collection":[{"href":"https:\/\/www.experimenta.es\/tienda\/wp-json\/wp\/v2\/product"}],"about":[{"href":"https:\/\/www.experimenta.es\/tienda\/wp-json\/wp\/v2\/types\/product"}],"replies":[{"embeddable":true,"href":"https:\/\/www.experimenta.es\/tienda\/wp-json\/wp\/v2\/comments?post=61584"}],"wp:featuredmedia":[{"embeddable":true,"href":"https:\/\/www.experimenta.es\/tienda\/wp-json\/wp\/v2\/media\/61585"}],"wp:attachment":[{"href":"https:\/\/www.experimenta.es\/tienda\/wp-json\/wp\/v2\/media?parent=61584"}],"wp:term":[{"taxonomy":"product_cat","embeddable":true,"href":"https:\/\/www.experimenta.es\/tienda\/wp-json\/wp\/v2\/product_cat?post=61584"},{"taxonomy":"product_tag","embeddable":true,"href":"https:\/\/www.experimenta.es\/tienda\/wp-json\/wp\/v2\/product_tag?post=61584"}],"curies":[{"name":"wp","href":"https:\/\/api.w.org\/{rel}","templated":true}]}}