{"id":61678,"date":"2023-12-18T12:31:49","date_gmt":"2023-12-18T11:31:49","guid":{"rendered":"https:\/\/www.experimenta.es\/tienda\/?post_type=product&#038;p=61678"},"modified":"2024-11-26T19:29:04","modified_gmt":"2024-11-26T18:29:04","slug":"calendario-2024-coleccion-de-flores-de-espana","status":"publish","type":"product","link":"https:\/\/www.experimenta.es\/tienda\/producto\/calendario-2024-coleccion-de-flores-de-espana\/","title":{"rendered":"Calendario 2024 &#8211; Colecci\u00f3n de flores de Espa\u00f1a"},"content":{"rendered":"","protected":false},"excerpt":{"rendered":"<p>Calendario 2024 &#8211; Colecci\u00f3n de flores de Espa\u00f1a<\/p>\n<p>Calendario mensual, 12 l\u00e1minas color impresas en papel ecol\u00f3gico Fedrigoni de 160grs. + tapas en cartulina estucada de 300grs.<\/p>\n<p>Medidas: A3 (42 x 29,7 cm)<br \/>\nEncuadernaci\u00f3n Wire-o con colgador<\/p>\n<p>&nbsp;<\/p>\n<p>&nbsp;<\/p>\n","protected":false},"featured_media":61679,"comment_status":"open","ping_status":"closed","template":"","meta":[],"product_cat":[9706],"product_tag":[],"jetpack_sharing_enabled":true,"_links":{"self":[{"href":"https:\/\/www.experimenta.es\/tienda\/wp-json\/wp\/v2\/product\/61678"}],"collection":[{"href":"https:\/\/www.experimenta.es\/tienda\/wp-json\/wp\/v2\/product"}],"about":[{"href":"https:\/\/www.experimenta.es\/tienda\/wp-json\/wp\/v2\/types\/product"}],"replies":[{"embeddable":true,"href":"https:\/\/www.experimenta.es\/tienda\/wp-json\/wp\/v2\/comments?post=61678"}],"wp:featuredmedia":[{"embeddable":true,"href":"https:\/\/www.experimenta.es\/tienda\/wp-json\/wp\/v2\/media\/61679"}],"wp:attachment":[{"href":"https:\/\/www.experimenta.es\/tienda\/wp-json\/wp\/v2\/media?parent=61678"}],"wp:term":[{"taxonomy":"product_cat","embeddable":true,"href":"https:\/\/www.experimenta.es\/tienda\/wp-json\/wp\/v2\/product_cat?post=61678"},{"taxonomy":"product_tag","embeddable":true,"href":"https:\/\/www.experimenta.es\/tienda\/wp-json\/wp\/v2\/product_tag?post=61678"}],"curies":[{"name":"wp","href":"https:\/\/api.w.org\/{rel}","templated":true}]}}