{"id":61702,"date":"2023-12-26T16:37:16","date_gmt":"2023-12-26T15:37:16","guid":{"rendered":"https:\/\/www.experimenta.es\/tienda\/?post_type=product&#038;p=61702"},"modified":"2024-04-01T14:14:35","modified_gmt":"2024-04-01T12:14:35","slug":"senales-del-fin","status":"publish","type":"product","link":"https:\/\/www.experimenta.es\/tienda\/producto\/senales-del-fin\/","title":{"rendered":"Se\u00f1ales del fin"},"content":{"rendered":"<div>\n<p>Masificaci\u00f3n, econom\u00eda de escala, hegemon\u00eda de la distribuci\u00f3n sobre la producci\u00f3n, globalizaci\u00f3n, deculturaci\u00f3n, consumo compulsivo, sociedad del espect\u00e1culo, simulacro de la cultura y su mutaci\u00f3n en entretenimiento, disoluci\u00f3n del sujeto\u2026 forman parte del paradigma de la posmodernidad, la denominada \u201cl\u00f3gica cultural del capitalismo avanzado\u201d (Jameson).<span class=\"Apple-converted-space\">\u00a0<\/span><\/p>\n<p>Habiendo entrado en crisis todas las hip\u00f3tesis de las Filosof\u00edas de la Historia y las Teor\u00edas Sociales, la palabra ha quedado en manos de los arque\u00f3logos, \u00fanicos que pueden ofrecernos una visi\u00f3n transversal de la evoluci\u00f3n de la especie y, por lo tanto, aventurarse a una previsi\u00f3n de su desenlace. Es en los cataclismos cuando afloran los estratos m\u00e1s profundos de la condici\u00f3n humana, desmoronando las construcciones de una ingenua raz\u00f3n, que s\u00f3lo puede dar cuenta de hechos de superficie y de plazo corto.<\/p>\n<p><strong>La humanidad est\u00e1 llegando a un punto de no retorno. Nuestra forma de vida est\u00e1 conduciendo al mundo al l\u00edmite y s\u00f3lo tenemos dos opciones: o nos repensamos y nos humanizamos o nos extinguiremos.<\/strong> A\u00fan estamos a tiempo, pero no hay tiempo que perder y no ser\u00e1 posible sobrevivir sin hacer cambios profundos en la forma de pensar, de relacionarnos y de vivir. Este nuevo libro de Norberto Chaves nos hace diez propuestas para evolucionar como especie y poderlo conseguir, desde parar en seco la globalizaci\u00f3n de la especie hasta socializar la tecnolog\u00eda, pasando por conseguir una individualidad colectiva.<span class=\"Apple-converted-space\">\u00a0<\/span><\/p>\n<p><strong>Un libro imprescindible para reflexionar acerca de los problemas del presente y para vislumbrar el futuro que nos espera como sociedad humana si no cambiamos a tiempo.<\/strong><\/p>\n<\/div>\n<p>&nbsp;<\/p>\n<p><span class=\"Apple-converted-space\">SOBRE EL AUTOR<br \/>\n<\/span><strong>Norberto Chaves<\/strong> (Argentina, 1942)\u00a0<span style=\"color: #000000;\">se desempe\u00f1a\u00a0<\/span>profesionalmente en el \u00e1mbito de la\u00a0comunicaci\u00f3n institucional como\u00a0<span style=\"color: #000000;\">asesor y director de programas de\u00a0<\/span>identificaci\u00f3n para entidades de todo\u00a0tipo, desde instituciones p\u00fablicas hasta\u00a0cadenas de consumo masivo, en\u00a0Espa\u00f1a y Argentina.<\/p>\n<div>\n<p><span style=\"color: #000000;\">Su actividad docente y su producci\u00f3n\u00a0<\/span>literaria est\u00e1n relacionadas, por un lado,\u00a0con su experiencia profesional (La\u00a0imagen corporativa; Marca, los\u00a0significados de un signo identificador;\u00a0La marca corporativa -este \u00faltimo\u00a0escrito junto a Ra\u00fal Belluccia-) y, por\u00a0otro lado, con su vocaci\u00f3n cr\u00edtica en lo\u00a0social y lo cultural (El oficio de dise\u00f1ar;\u00a0El dise\u00f1o invisible; Ser posmoderno;\u00a0T\u00f3nico Chaves; Inadaptado).<\/p>\n<p><span style=\"color: #000000;\">Es autor, adem\u00e1s, de los libros \u00ab<a href=\"https:\/\/www.experimenta.es\/tienda\/producto\/marca-grafica-corporativa-institucional-y-de-lugar\/\">Marca\u00a0<\/a><\/span>Gr\u00e1fica\u00bb, \u00ab<a href=\"https:\/\/www.experimenta.es\/tienda\/producto\/mercurio-grafico-interprete-y-mensajero-de-los-demas\/\">Mercurio Gr\u00e1fico<\/a>\u00ab, \u00a8<a href=\"https:\/\/www.experimenta.es\/tienda\/producto\/tipologias-marcarias-parametros-clasificatorios-de-logotipos-simbolos-y-fondos-graficos\/\">Tipolog\u00edas marcarias<\/a>\u00bb (este \u00faltimo junto a Arnulfo Espinosa) e <a href=\"https:\/\/www.experimenta.es\/tienda\/producto\/icono-y-palabra-escritos-para-glosar-obras-ajenas\/\">\u00abIcono y palabra\u00bb<\/a> todos editados por Experimenta Libros dentro de la Colecci\u00f3n Norberto Chaves.<\/p>\n<p><span style=\"color: #000000;\">Desde el a\u00f1o 2004 investiga la tem\u00e1tica\u00a0<\/span>del dise\u00f1o de la marca-pa\u00eds y dirige\u00a0tesis de grado en ese campo.\u00a0Fue miembro de la Comisi\u00f3n\u00a0Interministerial para la creaci\u00f3n de la\u00a0marca-Espa\u00f1a y ha dirigido el programa\u00a0de dise\u00f1o de la marca-Cuba.<\/p>\n<\/div>\n<p>&nbsp;<\/p>\n<p><strong>\u00cdndice<\/strong><\/p>\n<p><b>ANTES DE HABLAR<span class=\"Apple-converted-space\"><br \/>\n<\/span><\/b><b>UN TESTIMONIO<span class=\"Apple-converted-space\"><br \/>\n<\/span><\/b><\/p>\n<p><b>I. CA\u00cdDA DE LO ALTO<span class=\"Apple-converted-space\"><br \/>\n<\/span><\/b>UN MANDATO CULTURAL<span class=\"Apple-converted-space\"><br \/>\n<\/span>EL CONSERVADURISMO DEL P\u00daBLICO<span class=\"Apple-converted-space\"><br \/>\n<\/span>ELITISMO<span class=\"Apple-converted-space\"><br \/>\n<\/span>ORFANDAD DE LA ALTA CULTURA<span class=\"Apple-converted-space\"><br \/>\n<\/span>LA FORMA DE LA CULTURA<span class=\"Apple-converted-space\">\u00a0<\/span><\/p>\n<p><b>II. UNIVERSALIDAD DE LO RELATIVO<span class=\"Apple-converted-space\"><br \/>\n<\/span><\/b>LOS SERES HUMANOS<span class=\"Apple-converted-space\"><br \/>\n<\/span>UN INSUPERABLE ETNOCENTRISMO<span class=\"Apple-converted-space\"><br \/>\n<\/span>COLONIALISMO Y GENOCIDIO<span class=\"Apple-converted-space\"><br \/>\n<\/span>INCONSCIENTE COLONIAL<span class=\"Apple-converted-space\"><br \/>\n<\/span>PATRIAS O MUERTE<span class=\"Apple-converted-space\"><br \/>\n<\/span>LA L\u00d3GICA DE LA DEMENCIA<span class=\"Apple-converted-space\">\u00a0<\/span><\/p>\n<p><b>III. MODERNO MITO DEL PROGRESO<span class=\"Apple-converted-space\"><br \/>\n<\/span><\/b>\u201cLOS J\u00d3VENES\u201d<span class=\"Apple-converted-space\"><br \/>\n<\/span>VANGUARDIAS<span class=\"Apple-converted-space\"><br \/>\n<\/span>DISPERSI\u00d3N ESTIL\u00cdSTICA Y CRIPTICISMO<span class=\"Apple-converted-space\"><br \/>\n<\/span>UNA VANGUARDIA ESTANCADA<span class=\"Apple-converted-space\"><br \/>\n<\/span>EL FRACASO DE LA RUPTURA<span class=\"Apple-converted-space\"><br \/>\n<\/span>LA HUELLA DE LA \u00c9POCA<span class=\"Apple-converted-space\"><br \/>\n<\/span>EL HORROR AL FUTURO<span class=\"Apple-converted-space\">\u00a0<\/span><\/p>\n<p><b>IV. EL SIMULACRO<span class=\"Apple-converted-space\"><br \/>\n<\/span><\/b>POSMODERNIDAD<span class=\"Apple-converted-space\"><br \/>\n<\/span>VENDEDORES DE ABALORIOS<span class=\"Apple-converted-space\"><br \/>\n<\/span>CONTINUIDADES Y CADUCIDADES<span class=\"Apple-converted-space\"><br \/>\n<\/span>CR\u00cdTICA Y CONSUMO<span class=\"Apple-converted-space\"><br \/>\n<\/span>CONSCIENCIA Y CONDUCTA<span class=\"Apple-converted-space\"><br \/>\n<\/span>DECULTURACI\u00d3N URBANA<span class=\"Apple-converted-space\"><br \/>\n<\/span>PURMAMARCA<span class=\"Apple-converted-space\">\u00a0<\/span><\/p>\n<p><b>V. LA P\u00c9RDIDA<span class=\"Apple-converted-space\"><br \/>\n<\/span><\/b>LA MUERTE DE LA CULTURA<span class=\"Apple-converted-space\"><br \/>\n<\/span>\u00bfPROMOVERLA?<span class=\"Apple-converted-space\"><br \/>\n<\/span>LOS SIOUX EST\u00c1N DESAPARECIENDO<span class=\"Apple-converted-space\"><br \/>\n<\/span>UNA HOJA EN LA TORMENTA<span class=\"Apple-converted-space\"><br \/>\n<\/span>RINOCERONTES<span class=\"Apple-converted-space\"><br \/>\n<\/span>DEMOGRAF\u00cdA + DECULTURACI\u00d3N = CAT\u00c1STROFE<span class=\"Apple-converted-space\"><br \/>\n<\/span>LO INEVITABLE DEL AUTORITARISMO<span class=\"Apple-converted-space\">\u00a0<\/span><\/p>\n<p><b>VI. CANTOS DE REDENCI\u00d3N<span class=\"Apple-converted-space\"><br \/>\n<\/span><\/b>LO POSITIVO Y LO NEGATIVO<span class=\"Apple-converted-space\"><br \/>\n<\/span>LA EXPANSI\u00d3N DE LA CULTURA<span class=\"Apple-converted-space\"><br \/>\n<\/span>UNA DOBLE CONQUISTA INTELECTUAL<span class=\"Apple-converted-space\"><br \/>\n<\/span>LA EXPERIENCIA ART\u00cdSTICA DE LA \u00c9POCA<span class=\"Apple-converted-space\"><br \/>\n<\/span>EL FEST\u00cdN<span class=\"Apple-converted-space\"><br \/>\n<\/span>UN R\u00cdO SUBTERR\u00c1NEO<span class=\"Apple-converted-space\">\u00a0<\/span><\/p>\n<p><b>EP\u00cdLOGO<span class=\"Apple-converted-space\">\u00a0<\/span><\/b><\/p>\n","protected":false},"excerpt":{"rendered":"<p><span style=\"color: #ff0000;\"><span style=\"color: #000000;\">Autor:<\/span> Norberto Chaves<\/span><\/p>\n<p><em><strong>Se\u00f1ales del fin. Acerca de la cultura y su posible extinci\u00f3n.<\/strong><\/em><\/p>\n<p>La humanidad est\u00e1 llegando a un punto de no retorno. Nuestra forma de vida est\u00e1 conduciendo al mundo al l\u00edmite y s\u00f3lo tenemos dos opciones: o nos repensamos y nos humanizamos o nos extinguiremos. A\u00fan estamos a tiempo, pero no hay tiempo que perder y no ser\u00e1 posible sobrevivir sin hacer cambios profundos en la forma de pensar, de relacionarnos y de vivir.<span class=\"Apple-converted-space\">\u00a0<\/span><\/p>\n<p><strong>Este nuevo libro de Norberto Chaves, Editado por Experimenta Libros, nos hace diez propuestas para evolucionar como especie y poderlo conseguir<\/strong>, desde parar en seco la globalizaci\u00f3n de la especie hasta socializar la tecnolog\u00eda, pasando por conseguir una individualidad colectiva.<\/p>\n<p><strong>Un libro imprescindible para reflexionar acerca de los problemas del presente y para vislumbrar el futuro que nos espera como sociedad humana si no cambiamos a tiempo.<\/strong><\/p>\n<p>\u00b7 ISBN: 978-84-18049-99-6<br \/>\n\u00b7 Medidas: 16 x 23 cm<br \/>\n\u00b7 P\u00e1ginas: 116<br \/>\n\u00b7 Encuadernaci\u00f3n: R\u00fastica<br \/>\n\u00b7 Impresi\u00f3n interior: Negro con p\u00e1ginas a color<br \/>\n\u00b7 Edici\u00f3n: Experimenta Libros. Colecci\u00f3n Norberto Chaves.<\/p>\n","protected":false},"featured_media":61719,"comment_status":"open","ping_status":"closed","template":"","meta":[],"product_cat":[9897,9892,9898,9715,7313],"product_tag":[9908,9956,9730,9764,9591,9777,9864,9641,9955,9762,9786,9778],"jetpack_sharing_enabled":true,"_links":{"self":[{"href":"https:\/\/www.experimenta.es\/tienda\/wp-json\/wp\/v2\/product\/61702"}],"collection":[{"href":"https:\/\/www.experimenta.es\/tienda\/wp-json\/wp\/v2\/product"}],"about":[{"href":"https:\/\/www.experimenta.es\/tienda\/wp-json\/wp\/v2\/types\/product"}],"replies":[{"embeddable":true,"href":"https:\/\/www.experimenta.es\/tienda\/wp-json\/wp\/v2\/comments?post=61702"}],"wp:featuredmedia":[{"embeddable":true,"href":"https:\/\/www.experimenta.es\/tienda\/wp-json\/wp\/v2\/media\/61719"}],"wp:attachment":[{"href":"https:\/\/www.experimenta.es\/tienda\/wp-json\/wp\/v2\/media?parent=61702"}],"wp:term":[{"taxonomy":"product_cat","embeddable":true,"href":"https:\/\/www.experimenta.es\/tienda\/wp-json\/wp\/v2\/product_cat?post=61702"},{"taxonomy":"product_tag","embeddable":true,"href":"https:\/\/www.experimenta.es\/tienda\/wp-json\/wp\/v2\/product_tag?post=61702"}],"curies":[{"name":"wp","href":"https:\/\/api.w.org\/{rel}","templated":true}]}}