{"id":61991,"date":"2024-04-15T10:54:53","date_gmt":"2024-04-15T08:54:53","guid":{"rendered":"https:\/\/www.experimenta.es\/tienda\/?post_type=product&#038;p=61991"},"modified":"2024-10-14T21:16:06","modified_gmt":"2024-10-14T19:16:06","slug":"tiempo-de-descuento","status":"publish","type":"product","link":"https:\/\/www.experimenta.es\/tienda\/producto\/tiempo-de-descuento\/","title":{"rendered":"Tiempo de descuento"},"content":{"rendered":"<div>Emilio Troya ejerce de m\u00e9dico. Acaba de pedir una excedencia para incorporarse a uno de los m\u00e1s grandes clubes de f\u00fatbol del mundo. No como m\u00e9dico, como jugador. Suena raro, s\u00ed, pero aqu\u00ed viene lo mejor: est\u00e1 a punto de cumplir 48 a\u00f1os. El director t\u00e9cnico del club tiene con \u00e9l una deuda de vida. Le prometi\u00f3 lo que pidiera y Troya pide un imposible. Cuando se realiza el fichaje, se produce una conmoci\u00f3n que afectar\u00e1 a jugadores, cuerpo t\u00e9cnico, prensa y opini\u00f3n p\u00fablica.<\/div>\n<div>As\u00ed arranca esta historia que nos presenta a un personaje que se siente empujado a completar una etapa inacabada de su vida. \u00bfQu\u00e9 le impulsa, ya en su madurez, a volar de nuevo? \u00bfPor qu\u00e9 empe\u00f1arse en la locura de jugar al f\u00fatbol en un equipo de primer nivel? Sabe que puede hacerlo, se da cuenta que est\u00e1 en su mano conseguirlo y siente algo que le arrastra a intentarlo. Emilio va a enfrentarse con los fantasmas de su pasado y con la incomprensi\u00f3n del presente, pero est\u00e1 dispuesto a recuperar parte de ese tiempo que se qued\u00f3 congelado con la seguridad de salir airoso. Su confianza, sus cualidades humanas y deportivas \u2014extraordinarias a una edad tard\u00eda\u2014, su empat\u00eda y saber estar causar\u00e1n sensaci\u00f3n a cuantos le rodean.<\/div>\n<div>El periplo vital del protagonista transcurre desde la d\u00e9cada de los sesenta hasta los primeros a\u00f1os del cambio de siglo, cuando tiene el privilegio de vivir ese <em>tiempo de descuento<\/em> que algunas veces hemos anhelado y pocas se nos ha concedido.<\/div>\n<div><em><br \/>\n\u201cLa vida y el f\u00fatbol recorren caminos paralelos. La vida, para todos nosotros, transcurre en un espacio y en un tiempo. En el f\u00fatbol, el espacio son las dimensiones del campo y el tiempo son los minutos de juego. En muchos partidos, por diferentes motivos, hay p\u00e9rdidas de tiempo. Para alcanzar el tiempo reglamentario de juego, el \u00e1rbitro a\u00f1ade, seg\u00fan su criterio, un tiempo adicional. En la vida puede suceder algo parecido. Muy pocos son conscientes de ello y saben aprovechar ese tiempo extra. Esta novela no trata de contar la vida de Emilio, su protagonista. Trata de contar la lucha de Emilio por vivir intensamente ese tiempo adicional, ese tiempo de descuento.\u201d<\/em> \u2013Carlos Blanco Mart\u00edn<\/div>\n<p>&nbsp;<\/p>\n<p><span class=\"Apple-converted-space\">SOBRE EL AUTOR<br \/>\n<\/span><\/p>\n<div><strong>Paco Egea Mart\u00ednez<\/strong> Profesional de la comunicaci\u00f3n desde hace cuatro d\u00e9cadas en agencias de publicidad y estudios de dise\u00f1o en el \u00e1rea de estrategia y servicios al cliente.<\/div>\n<div>Ha alternado su trabajo profesional con su vocaci\u00f3n de escritor, conferenciante y profesor en m\u00e1steres y seminarios para empresas, universidades, fundaciones y otras instituciones.<\/div>\n<div>Es autor de los libros <strong>T\u00fa Comunicas<\/strong> (2021, Experimenta Editoral), un ensayo divulgativo que acerca el lenguaje y los secretos de la comunicaci\u00f3n a los usos cotidianos y las relaciones personales y <strong>Dentro de la Marca<\/strong> (2022, Experimenta Editoral), que repasa las dimensiones de la gesti\u00f3n de la identidad empresarial y de marca, tanto gr\u00e1fica y visual, como estrat\u00e9gica y mental.<\/div>\n","protected":false},"excerpt":{"rendered":"<p><span style=\"color: #ff0000;\"><span style=\"color: #000000;\">Autor:<\/span> Paco Egea<\/span><\/p>\n<div id=\":jd\" class=\"Ar Au Ao\">\n<div id=\":j9\" class=\"Am Al editable LW-avf tS-tW tS-tY\" tabindex=\"1\" role=\"textbox\" contenteditable=\"true\" spellcheck=\"false\" aria-label=\"Cuerpo del mensaje\" aria-multiline=\"true\">\n<p>Emilio Troya ejerce de m\u00e9dico. Acaba de pedir una excedencia para incorporarse a uno de los m\u00e1s grandes clubes de f\u00fatbol del mundo. No como m\u00e9dico, como jugador. Suena raro, s\u00ed, pero aqu\u00ed viene lo mejor: est\u00e1 a punto de cumplir 48 a\u00f1os. El director t\u00e9cnico del club tiene con \u00e9l una deuda de vida. Le prometi\u00f3 lo que pidiera y Troya pide un imposible. Cuando se realiza el fichaje, se produce una conmoci\u00f3n que afectar\u00e1 a jugadores, cuerpo t\u00e9cnico, prensa y opini\u00f3n p\u00fablica.<\/p>\n<p>&nbsp;<\/p>\n<\/div>\n<\/div>\n<ul class=\"a-unordered-list a-nostyle a-vertical a-spacing-none detail-bullet-list\">\n<li>ISBN: 978-84-19555-17-5<\/li>\n<li>Medidas: 16 x 23 cm<\/li>\n<li>P\u00e1ginas: 352<\/li>\n<li>Encuadernaci\u00f3n: R\u00fastica<\/li>\n<li>Impresi\u00f3n interior: Negro<\/li>\n<li>Edici\u00f3n: Experimenta Libros \/ Experimenta Alterego<\/li>\n<\/ul>\n","protected":false},"featured_media":61993,"comment_status":"open","ping_status":"closed","template":"","meta":[],"product_cat":[9963,9715,7313],"product_tag":[9641,9964,9786],"jetpack_sharing_enabled":true,"_links":{"self":[{"href":"https:\/\/www.experimenta.es\/tienda\/wp-json\/wp\/v2\/product\/61991"}],"collection":[{"href":"https:\/\/www.experimenta.es\/tienda\/wp-json\/wp\/v2\/product"}],"about":[{"href":"https:\/\/www.experimenta.es\/tienda\/wp-json\/wp\/v2\/types\/product"}],"replies":[{"embeddable":true,"href":"https:\/\/www.experimenta.es\/tienda\/wp-json\/wp\/v2\/comments?post=61991"}],"wp:featuredmedia":[{"embeddable":true,"href":"https:\/\/www.experimenta.es\/tienda\/wp-json\/wp\/v2\/media\/61993"}],"wp:attachment":[{"href":"https:\/\/www.experimenta.es\/tienda\/wp-json\/wp\/v2\/media?parent=61991"}],"wp:term":[{"taxonomy":"product_cat","embeddable":true,"href":"https:\/\/www.experimenta.es\/tienda\/wp-json\/wp\/v2\/product_cat?post=61991"},{"taxonomy":"product_tag","embeddable":true,"href":"https:\/\/www.experimenta.es\/tienda\/wp-json\/wp\/v2\/product_tag?post=61991"}],"curies":[{"name":"wp","href":"https:\/\/api.w.org\/{rel}","templated":true}]}}