{"id":62064,"date":"2024-05-20T16:04:40","date_gmt":"2024-05-20T14:04:40","guid":{"rendered":"https:\/\/www.experimenta.es\/tienda\/?post_type=product&#038;p=62064"},"modified":"2024-10-14T20:58:01","modified_gmt":"2024-10-14T18:58:01","slug":"revista-experimenta-98","status":"publish","type":"product","link":"https:\/\/www.experimenta.es\/tienda\/producto\/revista-experimenta-98\/","title":{"rendered":"Revista Experimenta 98"},"content":{"rendered":"<p><i>\u201cNada est\u00e1 construido en piedra. Todo est\u00e1 construido sobre arena, pero debemos construir como si la arena fuera de piedra. <\/i><i>Somos nuestra memoria, somos ese quim\u00e9rico museo de formas inconstantes, ese mont\u00f3n de espejos rotos\u2026\u201d Jorge Luis Borges. <\/i><\/p>\n<p>Guardianes del patrimonio cultural humano para su preservaci\u00f3n y promoci\u00f3n, los museos en general se han convertido a trav\u00e9s de la historia en espacios de encuentro, inspiraci\u00f3n y educaci\u00f3n.Es en esta misma direcci\u00f3n, que los museos de dise\u00f1o han evolucionado en forma progresiva, desde hace algo m\u00e1s de cien a\u00f1os, como espacios de reserva patrimonial, de innovaci\u00f3n y de difusi\u00f3n de la disciplina.\u00a0Pero no se trata s\u00f3lo de centros de exhibici\u00f3n de objetos que incluyen desde muebles ic\u00f3nicos hasta innovaciones tecnol\u00f3gicas: los museos de dise\u00f1o se han ido transformado en agentes de cambio social y cultural. Algo que se hace evidente no s\u00f3lo en los grandes museos de renombre, sino \u2013muy especialmente\u2013 en los peque\u00f1os museos que nacen con la clara intenci\u00f3n de convertirse en un foco de integraci\u00f3n de las comunidades que los acogen, abordando problemas sociales, promoviendo la sostenibilidad y proponiendo soluciones para la mejora de la calidad de vida de las personas. Tal y como expresa Mateo Kries \u2013historiador, escritor y Director del Vitra Design Museum\u2013 al decir que \u201c<i>nuestra misi\u00f3n es transmitir que el dise\u00f1o es una poderosa herramienta para cambiar el mundo para mejor. Este es nuestro valor gu\u00eda en todas las actividades, ya sea en exposiciones, educaci\u00f3n o colecci\u00f3n<\/i>\u201d.<\/p>\n<p>Cierto es tambi\u00e9n que, en ocasiones, se tiende a percibir a los museos de dise\u00f1o como manifestaciones de ego por parte de sus fundadores, curadores o de aquellos que exhiben su trabajo en las diferentes salas; o como \u00e1mbitos que \u201cnacieron para recoger esos objetos que se denominan bienes culturales (entre los que tienen cabida muchos productos industriales) con prop\u00f3sitos tan complejos como la expresi\u00f3n del poder pol\u00edtico o la difusi\u00f3n del conocimiento\u201d como nos refiere <b>Eugenio Vega<\/b> en su art\u00edculo <i>El museo (imaginario) del dise\u00f1o<\/i>, para esta edici\u00f3n de Experimenta.<\/p>\n<p>Y aunque algo \u2013o mucho, seg\u00fan se mire\u2013 de cierto hay en estas percepciones, no son las que gu\u00edan la actividad de la inmensa mayor\u00eda de estos museos, que buscan reafirmar su verdadera esencia en ser la expresi\u00f3n del deseo humano de explorar, crear y compartir conocimiento. Y ser un testimonio de la capacidad del dise\u00f1o para enriquecer nuestras vidas y dar forma a nuestro entorno de manera significativa. Se trata de instituciones vitales, plenas de actividades participativas que estudian el pasado, dan forma al presente y ayudan a visualizar el futuro que nos espera.<\/p>\n<p>Los invitamos a recorrer el dise\u00f1o en el museo y la importancia que esto tienen para las actuales y futuras generaciones de dise\u00f1adores. Porque, como afirma en esta edici\u00f3n Mille Maria Steffen-Nielsen Smith \u2013Jefa de Comunicaciones del Designmuseum Danmark\u2013 \u201ces nuestro deber mostrar c\u00f3mo el buen dise\u00f1o puede cambiar el mundo, a peque\u00f1a o a gran escala. El dise\u00f1o est\u00e1 en todas partes y juega un papel importante en nuestra vida diaria, nuestro hogar, nuestro lugar de trabajo, nuestras ciudades, la tecnolog\u00eda y c\u00f3mo podemos tratar mejor a nuestro planeta\u201d.<\/p>\n<p><strong>\u00a1Bienvenidos a Experimenta 98!<\/strong><\/p>\n<p>&nbsp;<\/p>\n<p><strong>Contenidos Generales<\/strong><\/p>\n<p>En esta edici\u00f3n de Experimenta ponemos foco en visitar algunos de los principales museos de dise\u00f1o del mundo y conversamos con muchos de sus responsables para que nos compartan su visi\u00f3n sobre el presente y el futuro de estos museos. <b>Luj\u00e1n Cambariere<\/b> suma dos entrevistas en exclusiva a mujeres referentes en el universo de los museos de dise\u00f1o: la mexicana <b>Ana Elena Mallet<\/b>, curadora de una de las asignaturas pendientes de los museos importantes del mundo, como lo es comenzar a contar a Latinoam\u00e9rica, un territorio y cultura diversa y vast\u00edsima, con su muestra sobre modernismo de los a\u00f1os \u201840 a los \u201880 nada menos que en <i>Museo Moma<\/i>; y la colombiana radicada hace d\u00e9cadas en Estados Unidos, <b>Cristina Grajales<\/b>, una de las galeristas m\u00e1s importantes de dise\u00f1o contempor\u00e1neo del mundo, reina absoluta de la comercializaci\u00f3n con ventas de piezas por millones de d\u00f3lares, desde su galer\u00eda, situada tambi\u00e9n en la Gran Manzana.<\/p>\n<p>Y para seguir profundizando sobre qu\u00e9 significa la inclusi\u00f3n de los objetos de dise\u00f1o en el marco de los museos, <b>Marcelo Ghio<\/b> entrevist\u00f3 a <b>Wustavo Quiroga<\/b> con referencia a su destacada labor en la preservaci\u00f3n y activaci\u00f3n del patrimonio cultural latinoamericano y su participaci\u00f3n en el <i>Advisory Board<\/i> de la muestra<i> Crafting Modernity. Design in Latin America, 1940\u20131980<\/i> en el Museum of Modern Art (MoMA) de Nueva York. Del mismo modo que la <b>Fundaci\u00f3n IDA<\/b>, a trav\u00e9s de <b>Diego G\u00f3mez Acu\u00f1a<\/b> \u2014Coordinador de archivo de IDA\u2014, dialoga con el arquitecto, dibujante y grabador cordob\u00e9s <b>Lorenzo Amengual<\/b>. En esta conversaci\u00f3n, \u201cLolo\u201d Amengual desarrolla el impacto de las pol\u00edticas empresariales de IKA (Industrias Kaiser Argentina) en la escena cordobesa a trav\u00e9s de salones, bienales de arte y \u00f3rganos de difusi\u00f3n, espacios que formaron a una generaci\u00f3n de dise\u00f1adores.<\/p>\n<p><b>Felipe Taborda<\/b> nos trae desde Tokio la elegante sutileza de la obra de la ilustradora y dise\u00f1adora gr\u00e1fica <b>Shino Suefusa<\/b>; y desde Marruecos nos sorprende descubriendo el intenso, psicod\u00e9lico y poderoso arte de <b>Adali Fai\u00e7al<\/b>, artista nacido y criado en la ciudad de Casablanca. Mientras que <b>Lucas L\u00f3pez<\/b> nos introduce al encuentro en el cine y el dise\u00f1o de la mano del realizador ingl\u00e9s <b>Gary Hustwit.<\/b><\/p>\n<p>Como es habitual, tambi\u00e9n est\u00e1n presentes en Experimenta nuestras secciones <strong>Deseo, 5Libros y ZUM<\/strong>, cuyo tema central est\u00e1 dedicado al dise\u00f1o para muestras y museos.<\/p>\n","protected":false},"excerpt":{"rendered":"<p><b>El dise\u00f1o en el museo. <\/b>Patrimonio, productos, objetos y bienes culturales.<\/p>\n<p>Guardianes del patrimonio cultural humano para su preservaci\u00f3n y promoci\u00f3n, los museos en general se han convertido a trav\u00e9s de la historia en espacios de encuentro, inspiraci\u00f3n y educaci\u00f3n.<\/p>\n<p>Es en esta misma direcci\u00f3n, que los museos de dise\u00f1o han evolucionado en forma progresiva, desde hace algo m\u00e1s de cien a\u00f1os, como espacios de reserva patrimonial, de innovaci\u00f3n y de difusi\u00f3n de la disciplina.<span class=\"gmail-Apple-converted-space\">\u00a0<\/span><\/p>\n<div class=\"page\" title=\"Page 4\">\n<div class=\"layoutArea\">\n<div class=\"column\">\n<p>\u00b7 Edici\u00f3n: Primavera-Verano 2024<br \/>\n\u00b7 ISBN: 978-84-19555-18-2<br \/>\n\u00b7 Medidas: 23 x 26,5 cm<br \/>\n\u00b7 P\u00e1ginas: 136<\/p>\n<\/div>\n<\/div>\n<\/div>\n","protected":false},"featured_media":62083,"comment_status":"open","ping_status":"closed","template":"","meta":[],"product_cat":[9715,7311],"product_tag":[9713,9888,9732,9730,9735,9638,9591,9903,9777,9766,9748,9770,9707,9708,9714,9762,9778],"jetpack_sharing_enabled":true,"_links":{"self":[{"href":"https:\/\/www.experimenta.es\/tienda\/wp-json\/wp\/v2\/product\/62064"}],"collection":[{"href":"https:\/\/www.experimenta.es\/tienda\/wp-json\/wp\/v2\/product"}],"about":[{"href":"https:\/\/www.experimenta.es\/tienda\/wp-json\/wp\/v2\/types\/product"}],"replies":[{"embeddable":true,"href":"https:\/\/www.experimenta.es\/tienda\/wp-json\/wp\/v2\/comments?post=62064"}],"wp:featuredmedia":[{"embeddable":true,"href":"https:\/\/www.experimenta.es\/tienda\/wp-json\/wp\/v2\/media\/62083"}],"wp:attachment":[{"href":"https:\/\/www.experimenta.es\/tienda\/wp-json\/wp\/v2\/media?parent=62064"}],"wp:term":[{"taxonomy":"product_cat","embeddable":true,"href":"https:\/\/www.experimenta.es\/tienda\/wp-json\/wp\/v2\/product_cat?post=62064"},{"taxonomy":"product_tag","embeddable":true,"href":"https:\/\/www.experimenta.es\/tienda\/wp-json\/wp\/v2\/product_tag?post=62064"}],"curies":[{"name":"wp","href":"https:\/\/api.w.org\/{rel}","templated":true}]}}