{"id":62258,"date":"2024-09-18T21:18:14","date_gmt":"2024-09-18T19:18:14","guid":{"rendered":"https:\/\/www.experimenta.es\/tienda\/?post_type=product&#038;p=62258"},"modified":"2025-03-31T18:25:20","modified_gmt":"2025-03-31T16:25:20","slug":"no-talle","status":"publish","type":"product","link":"https:\/\/www.experimenta.es\/tienda\/producto\/no-talle\/","title":{"rendered":"No talle"},"content":{"rendered":"<div>\n<p>Esta obra testimonia la investigaci\u00f3n de <strong>Lorena Bonilla<\/strong> sobre la ropa, su producci\u00f3n y comercializaci\u00f3n, y es muy pertinente en el contexto actual de los grandes cambios que debemos hacer por el bien del planeta y las personas que lo habitamos.<\/p>\n<p>Desde las p\u00e1ginas de <strong>No Talle<\/strong>, la autora afirma que <strong>la moda del ma\u00f1ana no debe continuar bas\u00e1ndose en el consumo excesivo<\/strong>, el despilfarro de materias primas para tejidos y recursos h\u00eddricos, o el abuso de los recursos humanos y de los medios de transporte a gran escala por tierra y mar. Porque todo ello tiene graves repercusiones sociales, medioambientales y econ\u00f3micas.<\/p>\n<p><strong>El trabajo de Lorena es ejemplar por su enfoque sostenible y responsable. <\/strong>En particular,<strong> se basa en la aportaci\u00f3n original de las biotecnolog\u00edas.<\/strong> La naturaleza nos proporciona materias primas maravillosas porque pueden ser no contaminantes, f\u00e1ciles de obtener, f\u00e1ciles de producir y f\u00e1ciles de reciclar, incluso biodegradables, con muy poco impacto en el planeta. <strong>A esta investigaci\u00f3n a\u00f1ade otra sobre la adaptabilidad de las prendas a diferentes morfolog\u00edas.<\/strong><\/p>\n<p>Es en este enfoque interdisciplinar, que este trabajo demuestra <strong>la relevancia del dise\u00f1o hol\u00edstico y sostenible.<\/strong><\/p>\n<p>Con gran respeto, Lorena est\u00e1 tan atenta a las necesidades humanas como a los recursos del planeta. Sin duda, est\u00e1 marcando la pauta de una nueva forma de vestir.<\/p>\n<p><em>Maurille LARIVIERE, dise\u00f1ador, cofundador de BESIGN La Escuela de Dise\u00f1o Sostenible Niza &#8211; Costa Azul &#8211; Francia<\/em><\/p>\n<\/div>\n<p>&nbsp;<\/p>\n<p><span class=\"Apple-converted-space\">SOBRE LA AUTORA<br \/>\n<\/span><\/p>\n<p><strong>Lorena Bonilla<\/strong> Directora de Investigaci\u00f3n en Biodise\u00f1o (UBA). Profesora de Proyecto de Indumentaria y Accesorios (UBA, FADU).<\/p>\n<p>Autora del libro <a href=\"https:\/\/www.experimenta.es\/tienda\/producto\/bioobjetos-diseno-ciencia\/\">BioObjetos. Dise\u00f1o + Ciencia<\/a> (2022). Es dise\u00f1adora de Indumentaria, especialista en Gesti\u00f3n del Dise\u00f1o por la Universidad de Buenos Aires (UBA), Facultad de Arquitectura, Dise\u00f1o, y Urbanismo (FADU), y mag\u00edster en Dise\u00f1o Abierto (UBA, Humboldt, Berl\u00edn Alemania). Ha obtenido la beca de J\u00f3venes Investigadores Nacionales (JIN, UBA, FADU) por su investigaci\u00f3n Proped\u00e9utica del No Talle. Es profesora titular de las carreras de Dise\u00f1o de Indumentaria, Dise\u00f1o Industrial y Dise\u00f1o Textil (@catedrabonilla UBA, FADU). Desarrolla actividades de investigaci\u00f3n, dentro del \u00e1rea de la sostenibilidad y la biotecnolog\u00eda aplicada al dise\u00f1o, como directora del proyecto UBACYT en Biodise\u00f1o (RESCS-2020-285-E-UBA-REC).<\/p>\n<p>Desde 2019 es coordinadora acad\u00e9mica general de la UBA del proyecto BioObjetos. V\u00ednculo Interdisciplinario entre el Dise\u00f1o y la Ecoconcepci\u00f3n, proyecto destacado en el marco de la segunda convocatoria del Programa INNOVART, para promover la investigaci\u00f3n entre universidades argentinas y francesas. Dirige el seminario BioObjetos en el marco del posgrado UBA, FADU en cooperaci\u00f3n con ENSAD, Par\u00eds, Francia.<\/p>\n<p>Investigadora invitada BESIGN The Sustainable Design School &#8211; Nice &#8211; French Riviera.<br \/>\nColabora con el Centro Studi Futuro Continuo. Design for behavioural change &amp; regenerative future de la Universit\u00e0 IUAV di Venezia Italia en investigaciones relacionadas con el impacto ambiental de la producci\u00f3n.<\/p>\n<p>Compiladora del libro BioObjetos. Dise\u00f1o + Ciencia (2022). En Argentina se public\u00f3 en formatos impreso y digital por Wolkowicz Editores y en Espa\u00f1a en coedici\u00f3n a trav\u00e9s de la editorial Experimenta Libros.<\/p>\n","protected":false},"excerpt":{"rendered":"<p><span style=\"color: #ff0000;\"><span style=\"color: #000000;\">No talle. Indagaciones entre el cuerpo, la naturaleza y la tecnologia. Una propuesta a los problemas de la industria de la moda.<\/span><\/span><\/p>\n<p><span style=\"color: #ff0000;\"><span style=\"color: #000000;\">Autor:<\/span> Lorena Bonilla<\/span><\/p>\n<div id=\":jd\" class=\"Ar Au Ao\">\n<div id=\":j9\" class=\"Am Al editable LW-avf tS-tW tS-tY\" tabindex=\"1\" role=\"textbox\" contenteditable=\"true\" spellcheck=\"false\" aria-label=\"Cuerpo del mensaje\" aria-multiline=\"true\">\n<p>Desde las p\u00e1ginas de No Talle, la autora afirma que la moda del ma\u00f1ana no debe continuar bas\u00e1ndose en el consumo excesivo, el despilfarro de materias primas para tejidos y recursos h\u00eddricos, o el abuso de los recursos humanos y de los medios de transporte a gran escala por tierra y mar. Porque todo ello tiene graves repercusiones sociales, medioambientales y econ\u00f3micas.<\/p>\n<p>&nbsp;<\/p>\n<\/div>\n<\/div>\n<ul class=\"a-unordered-list a-nostyle a-vertical a-spacing-none detail-bullet-list\">\n<li>ISBN: 978-84-19555-21-2<\/li>\n<li>Medidas: 16 x 23 cm<\/li>\n<li>P\u00e1ginas: 154<\/li>\n<li>Encuadernaci\u00f3n: R\u00fastica<\/li>\n<li>Impresi\u00f3n interior: con im\u00e1genes y gr\u00e1ficos a color<\/li>\n<li>Edici\u00f3n Experimenta Libros<\/li>\n<\/ul>\n","protected":false},"featured_media":62259,"comment_status":"open","ping_status":"closed","template":"","meta":[],"product_cat":[9892,9898,9715,7313],"product_tag":[9885,9859,9641,9770,9714,9786,9746,9778],"jetpack_sharing_enabled":true,"_links":{"self":[{"href":"https:\/\/www.experimenta.es\/tienda\/wp-json\/wp\/v2\/product\/62258"}],"collection":[{"href":"https:\/\/www.experimenta.es\/tienda\/wp-json\/wp\/v2\/product"}],"about":[{"href":"https:\/\/www.experimenta.es\/tienda\/wp-json\/wp\/v2\/types\/product"}],"replies":[{"embeddable":true,"href":"https:\/\/www.experimenta.es\/tienda\/wp-json\/wp\/v2\/comments?post=62258"}],"wp:featuredmedia":[{"embeddable":true,"href":"https:\/\/www.experimenta.es\/tienda\/wp-json\/wp\/v2\/media\/62259"}],"wp:attachment":[{"href":"https:\/\/www.experimenta.es\/tienda\/wp-json\/wp\/v2\/media?parent=62258"}],"wp:term":[{"taxonomy":"product_cat","embeddable":true,"href":"https:\/\/www.experimenta.es\/tienda\/wp-json\/wp\/v2\/product_cat?post=62258"},{"taxonomy":"product_tag","embeddable":true,"href":"https:\/\/www.experimenta.es\/tienda\/wp-json\/wp\/v2\/product_tag?post=62258"}],"curies":[{"name":"wp","href":"https:\/\/api.w.org\/{rel}","templated":true}]}}