{"id":62365,"date":"2024-09-26T17:25:39","date_gmt":"2024-09-26T15:25:39","guid":{"rendered":"https:\/\/www.experimenta.es\/tienda\/?post_type=product&#038;p=62365"},"modified":"2024-10-14T21:16:30","modified_gmt":"2024-10-14T19:16:30","slug":"gallery-of-the-impossible-bookposter","status":"publish","type":"product","link":"https:\/\/www.experimenta.es\/tienda\/producto\/gallery-of-the-impossible-bookposter\/","title":{"rendered":"Gallery of the impossible (book+poster)"},"content":{"rendered":"<p><span class=\"Apple-converted-space\">ABOUT THE AUTHOR<br \/>\n<\/span><strong>Samuel L\u00f3pez-Lago<\/strong> (M\u00e9rida, Spain, 1991). Strategic designer and project leader with a global outlook. Educator, facilitator, and mentor in international educational programs.<\/p>\n<p>Civil servant in European institutions, currently working as a project leader in the Directorate General for Regional and Urban Policies of the European Commission.<\/p>\n<p>Elected Associate Member of the World Academy of Art and Science, a scientific organization dedicated to promoting leadership in thought that leads to action, and which once included intellectuals such as Albert Einstein and Bertrand Russell.<\/p>\n<p>Member of the Design and Public Administration working group of the Spanish Ministry of Science and Innovation.<\/p>\n<p>Selected as one of the 300 Spanish leaders in Technological Innovation and Circular Economy by the Advanced Leadership Foundation (USA), as an opinion leader in Harvard Business Review Ascend Select and as a member of the Advisory Board of Harvard Business Review (Opt-in Research Community of Professionals).<\/p>\n<p>Finalist in the 2016 National Crafts Awards (together with Terracota M\u00e9rida), his work as a designer is on sale at the Museo Nacional Centro de Arte Reina Sof\u00eda. Samuel has a Master\u2019s degree in Engineering Design (from the Universidades de C\u00f3rdoba, M\u00e1laga and Almer\u00eda), a Master\u2019s degree in Craft Design (Escuela de Organizaci\u00f3n Industrial), a Master\u2019s degree in Mindfulness (Universidad Isabel I) and a Meditation Teacher Certificate by Meditation Alliance International \u2013 India. He also holds a Master\u2019s Certificate in Systems Design and Project Leadership (Cornell University), Professional Program in Digital Leadership (Massachusetts Institute of Technology) and Professional Program in Design Strategies (Massachusetts Institute of Technology).<\/p>\n","protected":false},"excerpt":{"rendered":"<p>A homage to surrealist designs<\/p>\n<p><span style=\"color: #ff0000;\"><span style=\"color: #000000;\">Autor:<\/span>\u00a0Samuel L\u00f3pez-Lago<br \/>\n<span style=\"color: #000000;\">Ilustrated by:<\/span> T. Yogi<br \/>\n<span style=\"color: #000000;\">Translated by:<\/span> D. Howard<br \/>\n<\/span><\/p>\n<p>This book, born as a tribute to surrealist design, is <strong>an invitation for children to play with their imagination.<\/strong><\/p>\n<p>Through an entertaining narrative, the author introduces <strong>\u201cimpossible\u201d objects by artists and designers such as Dal\u00ed, Marcel Duchamp, Studio 65, Jacques Carelman or Nancy Fouts \u2013among many others\u2013<\/strong> into everyday situations through <strong>a dialogue that invites the young reader to imagine and think creatively.<\/strong><\/p>\n<p><strong>Includes color poster (36&#215;47 cm).<\/strong><\/p>\n<p>\u00b7 ISBN: 978-84-19555-12-0<br \/>\n\u00b7 Medidas: 19,5 x 25 cm<br \/>\n\u00b7 P\u00e1ginas: 64<br \/>\n\u00b7 Encuadernaci\u00f3n: r\u00fastica, cosida en cuadernillos, con esquinas redondeadas<br \/>\n\u00b7 Impresi\u00f3n interior: Color<br \/>\n\u00b7 Edici\u00f3n: Experimenta Libros<\/p>\n<p><strong>This book is also available in &gt;&gt; <span style=\"color: #ff0000;\"><a style=\"color: #ff0000;\" href=\"https:\/\/www.experimenta.es\/tienda\/producto\/galeria-de-lo-imposible\/\">spanish<\/a><\/span><\/strong><\/p>\n","protected":false},"featured_media":62366,"comment_status":"open","ping_status":"closed","template":"","meta":[],"product_cat":[9892,9715,7313],"product_tag":[9954,9859,9641,9953,9765],"jetpack_sharing_enabled":true,"_links":{"self":[{"href":"https:\/\/www.experimenta.es\/tienda\/wp-json\/wp\/v2\/product\/62365"}],"collection":[{"href":"https:\/\/www.experimenta.es\/tienda\/wp-json\/wp\/v2\/product"}],"about":[{"href":"https:\/\/www.experimenta.es\/tienda\/wp-json\/wp\/v2\/types\/product"}],"replies":[{"embeddable":true,"href":"https:\/\/www.experimenta.es\/tienda\/wp-json\/wp\/v2\/comments?post=62365"}],"wp:featuredmedia":[{"embeddable":true,"href":"https:\/\/www.experimenta.es\/tienda\/wp-json\/wp\/v2\/media\/62366"}],"wp:attachment":[{"href":"https:\/\/www.experimenta.es\/tienda\/wp-json\/wp\/v2\/media?parent=62365"}],"wp:term":[{"taxonomy":"product_cat","embeddable":true,"href":"https:\/\/www.experimenta.es\/tienda\/wp-json\/wp\/v2\/product_cat?post=62365"},{"taxonomy":"product_tag","embeddable":true,"href":"https:\/\/www.experimenta.es\/tienda\/wp-json\/wp\/v2\/product_tag?post=62365"}],"curies":[{"name":"wp","href":"https:\/\/api.w.org\/{rel}","templated":true}]}}