{"id":62401,"date":"2024-10-07T20:57:10","date_gmt":"2024-10-07T18:57:10","guid":{"rendered":"https:\/\/www.experimenta.es\/tienda\/?post_type=product&#038;p=62401"},"modified":"2025-04-25T20:12:48","modified_gmt":"2025-04-25T18:12:48","slug":"peras-con-manzanas","status":"publish","type":"product","link":"https:\/\/www.experimenta.es\/tienda\/producto\/peras-con-manzanas\/","title":{"rendered":"Peras con manzanas"},"content":{"rendered":"<div>\n<p>Los problemas no se presentan por asignaturas, sino que siempre nos llegan mezclando saberes, situaciones y temporalidades. Es urgente entonces aprender a trabajar en contextos de alta heterogeneidad, donde intervienen profesionales de m\u00faltiples disciplinas. Pero es que, adem\u00e1s, los problemas no solo involucran a \u201clos que saben\u201d, tambi\u00e9n afectan a \u00ablos que no saben\u201d, cuyo conocimiento experiencial o t\u00e1cito debe incluirse en los procesos de codise\u00f1o de las preguntas y de las soluciones.<\/p>\n<p>Una sociedad democr\u00e1tica, abierta y robusta debe abrazar una cultura que no se conforma con las soluciones de sal\u00f3n y las pr\u00e1cticas acad\u00e9micas, siempre distantes de la realidad, m\u00e1s proclives al diagn\u00f3stico que a la escucha.<\/p>\n<p><strong>El autor no se conforma con realizar una cr\u00edtica profunda a la cultura acad\u00e9mica, sino que propone como complemento la cultura del prototipado, donde se buscan soluciones incompletas, provisionales y realistas, promoviendo pr\u00e1cticas abiertas, experimentales y afectivas.<\/strong> Abiertas porque cabemos todos, todas y todes; experimentales porque nadie sabe lo que va a pasar; y afectivas porque activan la inteligencia colectiva entre pares.<\/p>\n<\/div>\n<p>&nbsp;<\/p>\n<p><span class=\"Apple-converted-space\">SOBRE EL AUTOR<br \/>\n<\/span><\/p>\n<p><strong>Antonio Lafuente<\/strong>, nacido en Granada, es f\u00edsico te\u00f3rico. La vida le ha llevado por los mundos de la historia de la ciencia, los estudios postcoloniales, las pol\u00edticas del procom\u00fan y, m\u00e1s recientemente, de la innovaci\u00f3n social y la cultura del prototipado. Como investigador del Consejo Superior de Investigaciones Cient\u00edficas ha desarrollado una larga carrera articulada por dos grandes preocupaciones: entender los procesos de transferencia del conocimiento desde los centros a las periferias (mundializaci\u00f3n de la ciencia) y desde las elites a la ciudadan\u00eda (mundanizaci\u00f3n de la ciencia). En ambas situaciones se ha empe\u00f1ado en argumentar que los momentos de recepci\u00f3n de saberes lejanos, por el lugar donde se producen o por los intereses que articulan, son un acto de creaci\u00f3n y de apropiaci\u00f3n, pleno de connotaciones epist\u00e9micas, pol\u00edticas y culturales.<\/p>\n","protected":false},"excerpt":{"rendered":"<p><strong>Peras con Manzanas.<\/strong> C\u00f3mo hacer prototipos sin tener ni idea<\/p>\n<p><span style=\"color: #ff0000;\"><span style=\"color: #000000;\">Autor:<\/span> Antonio Lafuente<\/span><\/p>\n<div id=\":jd\" class=\"Ar Au Ao\">\n<div id=\":j9\" class=\"Am Al editable LW-avf tS-tW tS-tY\" tabindex=\"1\" role=\"textbox\" contenteditable=\"true\" spellcheck=\"false\" aria-label=\"Cuerpo del mensaje\" aria-multiline=\"true\">\n<p>Este libro es fruto de una d\u00e9cada de trabajo en numerosos pa\u00edses y distintos contextos institucionales, laborales y pol\u00edticos. <strong>En sus p\u00e1ginas encontrar\u00e1s el repertorio conceptual y pr\u00e1ctico para aprender a trabajar en contextos de alta heterogeneidad<\/strong>, donde la interdisciplinariedad (saberes codificados) y la indisciplinariedad (saberes no codificados) son la moneda corriente.<\/p>\n<p>&nbsp;<\/p>\n<\/div>\n<\/div>\n<ul class=\"a-unordered-list a-nostyle a-vertical a-spacing-none detail-bullet-list\">\n<li>ISBN: 978-84-19555-25-0<\/li>\n<li>Medidas: 16 x 23 cm<\/li>\n<li>P\u00e1ginas: 240<\/li>\n<li>Encuadernaci\u00f3n: R\u00fastica<\/li>\n<li>Impresi\u00f3n interior: con im\u00e1genes y gr\u00e1ficos a color<\/li>\n<li>Edici\u00f3n Experimenta Libros<\/li>\n<\/ul>\n","protected":false},"featured_media":62402,"comment_status":"open","ping_status":"closed","template":"","meta":[],"product_cat":[9892,9898,9715,7313],"product_tag":[9885,9859,9641,9770,9714,9786,9746,9778],"jetpack_sharing_enabled":true,"_links":{"self":[{"href":"https:\/\/www.experimenta.es\/tienda\/wp-json\/wp\/v2\/product\/62401"}],"collection":[{"href":"https:\/\/www.experimenta.es\/tienda\/wp-json\/wp\/v2\/product"}],"about":[{"href":"https:\/\/www.experimenta.es\/tienda\/wp-json\/wp\/v2\/types\/product"}],"replies":[{"embeddable":true,"href":"https:\/\/www.experimenta.es\/tienda\/wp-json\/wp\/v2\/comments?post=62401"}],"wp:featuredmedia":[{"embeddable":true,"href":"https:\/\/www.experimenta.es\/tienda\/wp-json\/wp\/v2\/media\/62402"}],"wp:attachment":[{"href":"https:\/\/www.experimenta.es\/tienda\/wp-json\/wp\/v2\/media?parent=62401"}],"wp:term":[{"taxonomy":"product_cat","embeddable":true,"href":"https:\/\/www.experimenta.es\/tienda\/wp-json\/wp\/v2\/product_cat?post=62401"},{"taxonomy":"product_tag","embeddable":true,"href":"https:\/\/www.experimenta.es\/tienda\/wp-json\/wp\/v2\/product_tag?post=62401"}],"curies":[{"name":"wp","href":"https:\/\/api.w.org\/{rel}","templated":true}]}}