{"id":62545,"date":"2024-12-08T22:16:16","date_gmt":"2024-12-08T21:16:16","guid":{"rendered":"https:\/\/www.experimenta.es\/tienda\/?post_type=product&#038;p=62545"},"modified":"2025-03-31T18:23:57","modified_gmt":"2025-03-31T16:23:57","slug":"adi-book-2024","status":"publish","type":"product","link":"https:\/\/www.experimenta.es\/tienda\/producto\/adi-book-2024\/","title":{"rendered":"ADI Book 2024"},"content":{"rendered":"<div class=\"page\" title=\"Page 7\">\n<div class=\"layoutArea\">\n<div class=\"column\">\n<p>El ADI Book 2024, no solo recopila los 164 proyectos y productos galardonados, sino que refleja el esfuerzo, la creatividad y el compromiso de todos los actores implicados en el desarrollo del disen\u0303o industrial en nuestro pai\u0301s y a nivel internacional durante los u\u0301ltimos dos an\u0303os: socios y empresas colaboradoras, jo\u0301venes disen\u0303adores <em>talents<\/em>, estudiantes, escuelas, instituciones, editoriales y todas las entidades involucradas en el fomento de la cultura del disen\u0303o.<\/p>\n<p>Los Premios ADI no son \u00fanicamente un reconocimiento a la excelencia, sino tambi\u00e9n un verdadero impulso para la industria y la cultura y ADI Book se presenta, por tanto, como una fotograf\u00eda al estado actual del dise\u00f1o industrial, a la vez que un espacio de reflexi\u00f3n y celebraci\u00f3n, una mirada detallada a las tendencias y retos que afrontamos como sector, y una ventana al futuro del dise\u00f1o, donde la tecnolog\u00eda, la sostenibilidad y la innovaci\u00f3n social juegan un papel cada vez m\u00e1s decisivo.<\/p>\n<p>&nbsp;<\/p>\n<\/div>\n<\/div>\n<\/div>\n<p><strong>ADI-FAD<\/strong> es la Asociaci\u00f3n de Dise\u00f1o Industrial del FAD, organismo que act\u00faa como interlocutor de la comunidad de profesionales, estudiantes y empresas que participan de esta disciplina. Vela por el buen dise\u00f1o y busca la mejora del entorno material para el bienestar de las personas y el equilibrio con la naturaleza. Su misi\u00f3n: difundir en la sociedad la importancia de la profesi\u00f3n. Fundada en 1960, la ADI-FAD trabaja ininterrumpidamente por la excelencia en las pr\u00e1cticas del dise\u00f1o de producto y por la difusi\u00f3n de la cultura del dise\u00f1o. Desde 1976 premia los mejores proyectos de fin de carrera en el \u00e1mbito del dise\u00f1o industrial con las Medallas ADI. En 2016 lanza la primera convocatoria de los premios ADI Cultura. Hoy, los tres galardones est\u00e1n reunidos bajo el concepto Premios ADI. La ADI-FAD es la asociaci\u00f3n de referencia del dise\u00f1o de producto en Espa\u00f1a y es miembro de pleno derecho del International Council of Societies of Industrial Design (ICSID) desde 1961.<\/p>\n","protected":false},"excerpt":{"rendered":"<p><span style=\"color: #ff0000;\"><span style=\"color: #000000;\">Autor: <span style=\"color: #ff0000;\">ADI-FAD<\/span><\/span>\u00a0\/ VVAA<\/span><\/p>\n<p><span style=\"color: #ff0000;\"><strong><span style=\"color: #000000;\">Una obra que recoge todos los premiados y que se complementa con diferentes art\u00edculos de reflexi\u00f3n acerca del dise\u00f1o, su impacto social, su desarrollo profesional y contexto acad\u00e9mico.<\/span><\/strong><br \/>\n<\/span><\/p>\n<p>\u00b7 ISBN: 978-84-09-66607-2<br \/>\n\u00b7 Edici\u00f3n 2024. Experimenta Libros<br \/>\n\u00b7 Medidas: 22 x 30 cm<br \/>\n\u00b7 P\u00e1ginas: 460<br \/>\n\u00b7 Impresi\u00f3n interior: color<br \/>\n\u00b7 Encuadernaci\u00f3n: r\u00fastica, cosida.<\/p>\n","protected":false},"featured_media":62546,"comment_status":"open","ping_status":"closed","template":"","meta":[],"product_cat":[9892,9715,7313],"product_tag":[9730,9764,9735,9638,9642,9591,9641,9707,9708,9762,9765,9771,9778],"jetpack_sharing_enabled":true,"_links":{"self":[{"href":"https:\/\/www.experimenta.es\/tienda\/wp-json\/wp\/v2\/product\/62545"}],"collection":[{"href":"https:\/\/www.experimenta.es\/tienda\/wp-json\/wp\/v2\/product"}],"about":[{"href":"https:\/\/www.experimenta.es\/tienda\/wp-json\/wp\/v2\/types\/product"}],"replies":[{"embeddable":true,"href":"https:\/\/www.experimenta.es\/tienda\/wp-json\/wp\/v2\/comments?post=62545"}],"wp:featuredmedia":[{"embeddable":true,"href":"https:\/\/www.experimenta.es\/tienda\/wp-json\/wp\/v2\/media\/62546"}],"wp:attachment":[{"href":"https:\/\/www.experimenta.es\/tienda\/wp-json\/wp\/v2\/media?parent=62545"}],"wp:term":[{"taxonomy":"product_cat","embeddable":true,"href":"https:\/\/www.experimenta.es\/tienda\/wp-json\/wp\/v2\/product_cat?post=62545"},{"taxonomy":"product_tag","embeddable":true,"href":"https:\/\/www.experimenta.es\/tienda\/wp-json\/wp\/v2\/product_tag?post=62545"}],"curies":[{"name":"wp","href":"https:\/\/api.w.org\/{rel}","templated":true}]}}