{"id":62605,"date":"2025-01-19T14:19:50","date_gmt":"2025-01-19T13:19:50","guid":{"rendered":"https:\/\/www.experimenta.es\/tienda\/?post_type=product&#038;p=62605"},"modified":"2026-04-15T11:26:04","modified_gmt":"2026-04-15T09:26:04","slug":"un-disenador-cualquiera","status":"publish","type":"product","link":"https:\/\/www.experimenta.es\/tienda\/producto\/un-disenador-cualquiera\/","title":{"rendered":"Un dise\u00f1ador cualquiera"},"content":{"rendered":"<p>En un mundo saturado de discursos te\u00f3ricos y manuales sobre el dise\u00f1o, <strong>Un dise\u00f1ador cualquiera<\/strong> se presenta como una rara excepci\u00f3n, un testimonio aut\u00e9ntico y revelador sobre lo que significa realmente ser dise\u00f1ador industrial. Escrito en primera persona y basado en m\u00e1s de tres d\u00e9cadas de experiencia pr\u00e1ctica, este libro va m\u00e1s all\u00e1 de un relato profesional. <strong>Es<\/strong> <strong>una historia vital que recorre los profundos cambios de dos siglos, que han transformado la industria, el dise\u00f1o y la forma en que entendemos la creatividad.<\/strong><\/p>\n<p>El autor nos invita a acompa\u00f1arlo en su viaje personal desde el descubrimiento de una disciplina fascinante hasta su ejercicio profesional diario. A lo largo de sus p\u00e1ginas, el lector se adentrar\u00e1 en un relato din\u00e1mico y emocional que no solo revela las complejidades del dise\u00f1o, sino tambi\u00e9n los sue\u00f1os, luchas y pasiones que lo impulsan. Alejado de los clich\u00e9s y visiones idealizadas, <strong>Un dise\u00f1ador cualquiera<\/strong> muestra <strong>el lado menos visible pero igualmente esencial del dise\u00f1o: el trabajo silencioso, la dedicaci\u00f3n y la humildad de aquellos dise\u00f1adores que, sin buscar protagonismo, mejoran nuestra vida cotidiana.<\/strong><\/p>\n<p>Lo que diferencia a este libro de otros sobre dise\u00f1o es su enfoque humano y personal. Lejos de ser una mera lecci\u00f3n t\u00e9cnica, <strong>Un dise\u00f1ador cualquiera<\/strong> invita a reflexionar sobre las emociones y los desaf\u00edos que acompa\u00f1an a todo proceso creativo. Nos acerca a las entra\u00f1as del dise\u00f1o, mostr\u00e1ndonos situaciones cotidianas, emociones y realidades con las que cualquier persona, ya sea dise\u00f1ador o no, puede identificarse. En sus p\u00e1ginas, los lectores descubrir\u00e1n <strong>claves para entender mejor la profesi\u00f3n, la disciplina y el impacto profundo que tiene el dise\u00f1o en la sociedad.<\/strong><\/p>\n<p>Este relato es, adem\u00e1s, un homenaje a aquellos dise\u00f1adores an\u00f3nimos que no siempre aparecen en las grandes portadas ni en entrevistas prestigiosas, pero cuyo trabajo incansable contribuye a mejorar nuestras vidas de formas sutiles pero fundamentales. <strong>Un dise\u00f1ador cualquiera<\/strong> es <strong>un merecido reconocimiento a esos profesionales invisibles que, con su talento y dedicaci\u00f3n, hacen posible el dise\u00f1o funcional y accesible que todos valoramos.<\/strong><\/p>\n<p>Con un estilo cercano, este libro no solo atraer\u00e1 a estudiantes y profesionales del dise\u00f1o, sino tambi\u00e9n a cualquier lector interesado en entender mejor el impacto del dise\u00f1o en la vida cotidiana. Es un recordatorio de que el dise\u00f1o no es solo un trabajo, sino una vocaci\u00f3n, una pasi\u00f3n y una forma de entender el mundo.<\/p>\n<p>&nbsp;<\/p>\n<p><strong>Sobre el Autor<\/strong><\/p>\n<p><strong>Jos\u00e9 Manuel Mateo Hern\u00e1ndez<\/strong> (Sabadell, 1972) es dise\u00f1ador industrial y fundador de <em>Ozestudi<\/em>. Con m\u00e1s de 20 a\u00f1os de experiencia en el dise\u00f1o y la direcci\u00f3n de proyectos para importantes empresas, ha trabajado en diversas \u00e1reas del dise\u00f1o industrial, desde mobiliario hasta productos de consumo. Su trabajo ha sido reconocido con numerosos premios y ha colaborado con marcas como Unilever, Derbi y El Corte Ingl\u00e9s. Desde 1998, tambi\u00e9n ejerce como director del Departamento T\u00e9cnico y de Dise\u00f1o en <em>Alutec<\/em>, empresa l\u00edder en mobiliario para colectividades y restauraci\u00f3n.<\/p>\n<p>A lo largo de su carrera, ha combinado la creaci\u00f3n de productos con la ense\u00f1anza y la participaci\u00f3n en conferencias sobre dise\u00f1o.<\/p>\n<p><strong>Un dise\u00f1ador cualquiera<\/strong> es su testimonio personal sobre el dise\u00f1o y su evoluci\u00f3n a lo largo de tres d\u00e9cadas.<\/p>\n","protected":false},"excerpt":{"rendered":"<p><span style=\"color: #ff0000;\"><span style=\"color: #000000;\">Autor:<\/span> Jos\u00e9 Manuel Mateo Hern\u00e1ndez<br \/>\n<\/span><\/p>\n<p>Si existe un libro igual en la literatura sobre el dise\u00f1o, no lo hemos encontrado.<br \/>\nEscrito en primera persona y basado en la pr\u00e1ctica del dise\u00f1o industrial durante un periodo de m\u00e1s de 30 a\u00f1os, <strong>Un dise\u00f1ador cualquiera<\/strong> es una historia vital entre dos siglos llenos de grandes cambios, que nos habla con gran sinceridad de vocaciones, sue\u00f1os, quehaceres y pasiones, desvel\u00e1ndonos entre sus l\u00edneas un sinf\u00edn de secretos sobre el dise\u00f1o que no suelen aflorar con mucha facilidad m\u00e1s all\u00e1 de la escena profesional m\u00e1s \u00edntima y privada.<\/p>\n<ul class=\"a-unordered-list a-nostyle a-vertical a-spacing-none detail-bullet-list\">\n<li>ISBN: 978-84-12-93091-7<\/li>\n<li>Medidas: 15 x 23 cm<\/li>\n<li>P\u00e1ginas: 208<\/li>\n<li>Encuadernaci\u00f3n: R\u00fastica<\/li>\n<li>Impresi\u00f3n interior: Negro<\/li>\n<li>Edici\u00f3n: elpoblet<\/li>\n<\/ul>\n","protected":false},"featured_media":62606,"comment_status":"open","ping_status":"closed","template":"","meta":[],"product_cat":[9895,9892,9898,9963,9715,7313],"product_tag":[9971,9910,9730,9873,9764,9859,9638,9823,9903,9864,9972,9763,9951,9786],"jetpack_sharing_enabled":true,"_links":{"self":[{"href":"https:\/\/www.experimenta.es\/tienda\/wp-json\/wp\/v2\/product\/62605"}],"collection":[{"href":"https:\/\/www.experimenta.es\/tienda\/wp-json\/wp\/v2\/product"}],"about":[{"href":"https:\/\/www.experimenta.es\/tienda\/wp-json\/wp\/v2\/types\/product"}],"replies":[{"embeddable":true,"href":"https:\/\/www.experimenta.es\/tienda\/wp-json\/wp\/v2\/comments?post=62605"}],"wp:featuredmedia":[{"embeddable":true,"href":"https:\/\/www.experimenta.es\/tienda\/wp-json\/wp\/v2\/media\/62606"}],"wp:attachment":[{"href":"https:\/\/www.experimenta.es\/tienda\/wp-json\/wp\/v2\/media?parent=62605"}],"wp:term":[{"taxonomy":"product_cat","embeddable":true,"href":"https:\/\/www.experimenta.es\/tienda\/wp-json\/wp\/v2\/product_cat?post=62605"},{"taxonomy":"product_tag","embeddable":true,"href":"https:\/\/www.experimenta.es\/tienda\/wp-json\/wp\/v2\/product_tag?post=62605"}],"curies":[{"name":"wp","href":"https:\/\/api.w.org\/{rel}","templated":true}]}}