{"id":62678,"date":"2025-02-27T19:23:31","date_gmt":"2025-02-27T18:23:31","guid":{"rendered":"https:\/\/www.experimenta.es\/tienda\/?post_type=product&#038;p=62678"},"modified":"2026-03-07T11:04:18","modified_gmt":"2026-03-07T10:04:18","slug":"revista-experimenta-100","status":"publish","type":"product","link":"https:\/\/www.experimenta.es\/tienda\/producto\/revista-experimenta-100\/","title":{"rendered":"Revista Experimenta 100"},"content":{"rendered":"<p><b>Un laboratorio de ideas<\/b><\/p>\n<p><b>Celebramos 100 n\u00fameros de historia, dise\u00f1o y reflexi\u00f3n, explorando m\u00e1s all\u00e1 de las noticias para entender el pulso de nuestro tiempo. <\/b>Desentra\u00f1amos las capas que conforman nuestra realidad como dise\u00f1adores, adoptando una mirada proyectiva sobre los eventos que nos marcan, transitando entre lo establecido y lo emergente con un enfoque amplio, diverso y profundo que busca integrar y, sobre todo, comprender.<\/p>\n<p>A lo largo de sus 35 a\u00f1os de vida, Experimenta se ha consolidado como un medio de referencia dentro del sector, con una audiencia fiel y en constante crecimiento, contribuyendo adem\u00e1s a destacar el papel fundamental del dise\u00f1o en las industrias m\u00e1s innovadoras.<\/p>\n<p>Experimenta 100 en formato impreso bajo el t\u00edtulo <b>\u00abPublicar dise\u00f1o: Un laboratorio de ideas\u00bb<\/b> es una edici\u00f3n especial de 174 p\u00e1ginas, que reflexiona sobre el papel de los medios y editoras en el ecosistema del dise\u00f1o y cuenta con la participaci\u00f3n de figuras clave, de una extensa trayectoria profesional y que son una referencia ineludible del sector.<\/p>\n<p>Esta edici\u00f3n es, en parte, un homenaje a todas las voces que han pasado por las p\u00e1ginas de Experimenta a lo largo de estos a\u00f1os. Cada dise\u00f1ador, cada acad\u00e9mico, cada pensador que ha compartido su conocimiento y experiencia con nosotros ha contribuido a que hoy celebremos 100 ediciones de un proyecto que sigue vivo, que sigue siendo relevante y que sigue inspirando a nuevas generaciones.<\/p>\n<p><b>En este laboratorio de ideas que es Experimenta<\/b>, seguiremos comprometidos con la divulgaci\u00f3n, la formaci\u00f3n y la reflexi\u00f3n. Y, como siempre, seguiremos siendo una plataforma abierta al di\u00e1logo, a las nuevas ideas y al cambio. Porque el dise\u00f1o, en su esencia, es precisamente eso: un proceso constante de transformaci\u00f3n.<\/p>\n<p><strong>\u00a1Bienvenidos a Experimenta 100!<\/strong><\/p>\n<p>&nbsp;<\/p>\n<p><strong>Contenidos Generales<\/strong><\/p>\n<p>Es imposible resumir en pocas palabras el contenido de este n\u00famero tan especial. Solo os diremos que participan: Dr. <strong>Eugenio Vega<\/strong> (Espa\u00f1a) \/ <strong>Albert Culler\u00e9<\/strong> (Espa\u00f1a) \/ <strong>Andr\u00e9 Ricard<\/strong> (Espa\u00f1a) \/ <strong>Emilio Gil<\/strong> (Espa\u00f1a) \/ <strong>Manuel Estrada<\/strong> (Espa\u00f1a) \/ <strong>Pepe Cruz Novillo<\/strong> (Espa\u00f1a) \/ <strong>Isabel Campi<\/strong> (Espa\u00f1a) \/ <strong>Juli Capella<\/strong> (Espa\u00f1a) \/ <strong>Juan Mellen<\/strong> (Espa\u00f1a) \/ <strong>Pilar Mellado<\/strong> (Espa\u00f1a) \/ <strong>Rodrigo S\u00e1nchez<\/strong> (Espa\u00f1a) \/ <strong>Rodrigo Mart\u00ednez<\/strong> (Espa\u00f1a) \/ <strong>Luj\u00e1n Cambariere<\/strong> (Alemania) \/ <strong>Felipe Taborda<\/strong> (Brasil) \/ <strong>Fundaci\u00f3n IDA<\/strong> (Argentina) \/ <strong>Lucas L\u00f3pez<\/strong> (Argentina) \/ <strong>Ra\u00fal Alonso<\/strong> (Espa\u00f1a) \/ <strong>Marcelo Ghio<\/strong> (Argentina \/ Espa\u00f1a) \/ <strong>Raquel Pelta<\/strong> (Espa\u00f1a) \/ Dra. <strong>Paula Fern\u00e1ndez Gago<\/strong> (Espa\u00f1a)<span class=\"Apple-converted-space\">\u00a0 <\/span>\/<strong> Guim Espelt Estop\u00e0<\/strong> (Espa\u00f1a) \/ <strong>Massimo Menichinelli<\/strong> (Espa\u00f1a) \/ <strong>Danae Esparza<\/strong> (Espa\u00f1a)<span class=\"Apple-converted-space\">\u00a0 <\/span>\/ <strong>Sonia D\u00edaz<\/strong> (Espa\u00f1a) \/ <strong>Gabriel Mart\u00ednez<\/strong> (Espa\u00f1a) \/ <strong>Miguel Zorraquino<\/strong> (Espa\u00f1a)<span class=\"Apple-converted-space\">\u00a0 <\/span>\/ <strong>Franco Chimento<\/strong> (Argentina) \/ <strong>Mariel Szlifman<\/strong> (Argentina) \/ <strong>Sebasti\u00e1n Rodriguez<\/strong> (Argentina).<\/p>\n<p>Y porque <b>creemos en la importancia de crear redes de colaboraci\u00f3n, de intercambio y de aprendizaje para consolidar nuestra profesi\u00f3n y mejorar las condiciones en las que se practica<\/b>,<span class=\"Apple-converted-space\">\u00a0 <\/span>hemos convocado a editores de diferentes pa\u00edses para escribir acerca del presente y el futuro de la edici\u00f3n de publicaciones de dise\u00f1o: <strong>Adrian Shaughnessy<\/strong> (Reino Unido) United Editions \/ <strong>Berto Gonz\u00e1lez Montaner<\/strong> (Argentina) ARQ Clar\u00edn \/ <strong>Bettina Schulz<\/strong> (Alemania) Novum \/ <strong>F\u00e8lix Bella<\/strong> (Espa\u00f1a) Campgraf\u00ecc \/ <strong>F. Xavier Llopis<\/strong> (Espa\u00f1a) Campgraf\u00ecc \/<strong> J. Luis Mart\u00edn<\/strong> (Espa\u00f1a) Campgraf\u00ecc \/ <strong>Natalia Pano<\/strong> (Argentina) Capitular Libros \/ <strong>Ezequiel Cafaro<\/strong> (Argentina) Capitular Libros \/ <strong>Pablo Acu\u00f1a<\/strong> (Argentina) Capitular Libros<span class=\"Apple-converted-space\">\u00a0 <\/span>\/ <strong>Jon Dowling<\/strong> (Reino Unido) Counter-Print Books \/ Arq. <strong>Guillermo Ra\u00fal Kliczkowski<\/strong> (Argentina) CP67 \/ <strong>Felipe Ib\u00e1\u00f1ez<\/strong> (Espa\u00f1a \/ Argentina) Editor independiente \/ <strong>Christine Moosmann<\/strong> (Alemania) Grafikmagazine \/ <strong>Ana Gea<\/strong> (Espa\u00f1a) Gr\u00e0ffica \/ <strong>V\u00edctor Palau<\/strong> (Espa\u00f1a) Gr\u00e0ffica \/ <strong>\u00c1ngel Olmos<\/strong> (Espa\u00f1a) Jard\u00edn de Monos \/ <strong>Alfonso Sim\u00f3n<\/strong> (Espa\u00f1a) Jard\u00edn de Monos \/ <strong>John L. Walters<\/strong> (Reino Unido) Eye Magazine \/ <strong>Steven Heller<\/strong> (Estados Unidos) Editor independiente \/ <strong>Daniel Wolkowicz<\/strong> (Argentina) Wolkowicz Editores \/ <strong>R\u00f3mulo Moya Peralta<\/strong> (Ecuador) Trama \/ <strong>Tiago Krusse<\/strong> (Portugal) Design Magazine \/ <strong>Tiago Casanova<\/strong> (Portugal) XYZ Books<\/p>\n<p>Tampoco pod\u00edan faltar entrevistados destacados como <strong>Guy Julier<\/strong> (Reino Unido \/ Finlandia) \/ <strong>Gui Bonsiepe<\/strong> (Alemania \/ Argentina \/ Brasil)<span class=\"Apple-converted-space\">\u00a0 <\/span>\/ <strong>Rudy VanderLans<\/strong> (Pa\u00edses Bajos) \/ <strong>Katja Reichard<\/strong> (Alemania) \/ <strong>Herb Lubalin<\/strong> (Estados Unidos) \/ <strong>Cl\u00e9ment Diri\u00e9<\/strong> (Francia).<\/p>\n<p>Para la ilustraci\u00f3n de la portada y editorial, esta edici\u00f3n cuenta con el inconfundible talento y estilo de <b>Pepe Serra<\/b>, cuyo trabajo es reconocido por su capacidad para contar historias visuales de una manera creativa y vibrante. Una edici\u00f3n imperdible que incluye, adem\u00e1s, un p\u00f3ster de regalo.<\/p>\n","protected":false},"excerpt":{"rendered":"<p><b>Publicar dise\u00f1o. <\/b>Un laboratorio de ideas.<\/p>\n<p>Celebramos 100 n\u00fameros de historia, dise\u00f1o y reflexi\u00f3n, explorando m\u00e1s all\u00e1 de las noticias para entender el pulso de nuestro tiempo.<\/p>\n<div class=\"page\" title=\"Page 4\">\n<div class=\"layoutArea\">\n<div class=\"column\">\n<p>\u00b7 Edici\u00f3n: Invierno 2024\/2025<br \/>\n\u00b7 ISBN: 978-84-19555-28-1<br \/>\n\u00b7 Medidas: 23 x 26,5 cm<br \/>\n\u00b7 P\u00e1ginas: 174<\/p>\n<\/div>\n<\/div>\n<\/div>\n","protected":false},"featured_media":62641,"comment_status":"open","ping_status":"closed","template":"","meta":[],"product_cat":[9715,7311],"product_tag":[9713,9888,9732,9730,9735,9638,9591,9903,9777,9766,9748,9770,9707,9708,9714,9762,9778],"jetpack_sharing_enabled":true,"_links":{"self":[{"href":"https:\/\/www.experimenta.es\/tienda\/wp-json\/wp\/v2\/product\/62678"}],"collection":[{"href":"https:\/\/www.experimenta.es\/tienda\/wp-json\/wp\/v2\/product"}],"about":[{"href":"https:\/\/www.experimenta.es\/tienda\/wp-json\/wp\/v2\/types\/product"}],"replies":[{"embeddable":true,"href":"https:\/\/www.experimenta.es\/tienda\/wp-json\/wp\/v2\/comments?post=62678"}],"wp:featuredmedia":[{"embeddable":true,"href":"https:\/\/www.experimenta.es\/tienda\/wp-json\/wp\/v2\/media\/62641"}],"wp:attachment":[{"href":"https:\/\/www.experimenta.es\/tienda\/wp-json\/wp\/v2\/media?parent=62678"}],"wp:term":[{"taxonomy":"product_cat","embeddable":true,"href":"https:\/\/www.experimenta.es\/tienda\/wp-json\/wp\/v2\/product_cat?post=62678"},{"taxonomy":"product_tag","embeddable":true,"href":"https:\/\/www.experimenta.es\/tienda\/wp-json\/wp\/v2\/product_tag?post=62678"}],"curies":[{"name":"wp","href":"https:\/\/api.w.org\/{rel}","templated":true}]}}