{"id":62758,"date":"2025-03-28T12:30:23","date_gmt":"2025-03-28T11:30:23","guid":{"rendered":"https:\/\/www.experimenta.es\/tienda\/?post_type=product&#038;p=62758"},"modified":"2025-09-03T16:42:07","modified_gmt":"2025-09-03T14:42:07","slug":"disenando-al-disenador","status":"publish","type":"product","link":"https:\/\/www.experimenta.es\/tienda\/producto\/disenando-al-disenador\/","title":{"rendered":"Dise\u00f1ando al dise\u00f1ador"},"content":{"rendered":"<div>\n<p>Eugenia Martinez Barbazza logra a trav\u00e9s de la riqueza de su trayectoria internacional liderando y formando dise\u00f1adores plasmar en estas p\u00e1ginas ese <i>blueprint<\/i>, un modelo a seguir hacia la ardua y grandiosa labor de ser dise\u00f1ador, con aprendizajes, historias, referentes y caminos, pero con una herramienta a\u00fan m\u00e1s relevante, la mentalidad necesaria para afrontar tu carrera profesional. <b>Un cuaderno de viaje para el \u00e9xito de todos los dise\u00f1adores, estudiantes y j\u00f3venes profesionales.<\/b><\/p>\n<p>\u00abTe animo a <b>salir de tu zona de confort y dar ese gran salto mental a l\u00edder de dise\u00f1o<\/b>. A debatir sobre el oficio, nuestro rol, los procesos, las relaciones con clientes, jefes y compa\u00f1eros. \u00bfQu\u00e9 habilidades necesitas para ser l\u00edder? \u00bfComo fomentar el valor del dise\u00f1o como una cultura que va m\u00e1s all\u00e1 de los dise\u00f1adores? \u00bfTe imaginas un mundo donde los CDO \u2014<i>Chief Design Officer<\/i>\u2014 son la norma y el futuro de nuestras sociedades? \u00bfCu\u00e1n lejos te atreves a llegar como dise\u00f1ador?\u00bb<\/p>\n<p>\u00abSolo t\u00fa puedes dise\u00f1ar tu carrera y por ende tu vida. <b>Ven, te invito a participar en el proyecto m\u00e1s importante de todos: el dise\u00f1o de ti mismo.\u00bb<\/b><\/p>\n<\/div>\n<p>&nbsp;<\/p>\n<p><span class=\"Apple-converted-space\">SOBRE LA AUTORA<br \/>\n<\/span><\/p>\n<p><b>Eugenia Martinez Barbazza<\/b> es dise\u00f1adora y directora creativa. Su viaje personal y profesional la han llevado desde su natal Argentina a Londres, donde ejerce su pasi\u00f3n por el dise\u00f1o y es parte del equipo in-house del conglomerado europeo de medios y entretenimiento Sky. Dise\u00f1adora Gr\u00e1fica por la Universidad Nacional de Cuyo en Mendoza, Argentina, y M\u00e1ster en Motion Graphics Design por el Instituto Europeo di Design en Madrid, Espa\u00f1a. Eugenia se ha desempe\u00f1ado como <i>associate lecturer<\/i> para la University of the Arts London, en el MA Graphic Branding &amp; Identity en Londres, adem\u00e1s de docente y conferencista para diversas instituciones educativas en Espa\u00f1a y Argentina.<\/p>\n<p>En su trayectoria como directora y jefa de dise\u00f1o, cuenta con una carrera prol\u00edfica implementando estrategias de marca e identidad en toda Europa, liderando equipos y clientes internacionales. Ha recibido premios y nominaciones que eval\u00faan la excelencia del dise\u00f1o y la creatividad a nivel global, y de los cuales participa activamente como jurado.<\/p>\n<p>Su experiencia como l\u00edder de dise\u00f1o y docente en diversas culturas y pa\u00edses, le ha permitido vivir de manera directa los desaf\u00edos que enfrentan los dise\u00f1adores en el mundo profesional, y la necesidad de impulsar el valor econ\u00f3mico y social del dise\u00f1o.<\/p>\n<p>Siempre a la b\u00fasqueda de nuevos desaf\u00edos, como mujer y dise\u00f1adora, su objetivo es empoderar a las nuevas generaciones de estudiantes y j\u00f3venes, compartiendo su visi\u00f3n para dise\u00f1ar al dise\u00f1ador.<\/p>\n<p>&nbsp;<\/p>\n<p>\u00cdndice<\/p>\n<p>Introducci\u00f3n<\/p>\n<p><strong>Primera parte<br \/>\n<\/strong>Pasi\u00f3n, tiempo, y proceso.<br \/>\nDe estudiante a joven profesional.<\/p>\n<p>1. P\u00e1gina en blanco: dar el salto<br \/>\n1.1. Mi historia<br \/>\n1.2. Dise\u00f1o en acci\u00f3n<br \/>\n1.3. Sobre la pasi\u00f3n<br \/>\n1.4. Tu turno: p\u00e1gina en blanco<br \/>\n1.5. De Picapiedras a Supers\u00f3nicos<br \/>\n1.6. La actitud: arri\u00e9sgate<br \/>\n1.7. Conclusi\u00f3n<\/p>\n<p>2. Ahora lo ves: hacer clic<br \/>\n2.1. Mi camino<br \/>\n2.3. Aprender a aprender<br \/>\n2.4. Opiniones + tiempo<br \/>\n2.5. Tu turno: haz clic<br \/>\n2.6. La actitud: sigue en movimiento<br \/>\n2.7. Conclusi\u00f3n<\/p>\n<p>3. No hay f\u00f3rmula: proceso, proceso, proceso<br \/>\n3.1. Fe en el proceso<br \/>\n3.2. Ser independiente<br \/>\n3.3. El negocio del dise\u00f1o<br \/>\n3.4. La gran ciudad<br \/>\n3.5. Mente sana<br \/>\n3.6. La actitud: superaci\u00f3n personal<br \/>\n3.7. Tu turno: un d\u00eda de tu vida en cinco a\u00f1os<br \/>\n3.8. Conclusi\u00f3n<\/p>\n<p><strong>Segunda parte<br \/>\n<\/strong>M\u00e9rito, big-picture thinking y gente.<br \/>\nDe dise\u00f1ador a l\u00edder.<\/p>\n<p>4. Dise\u00f1a, mujer: un mar de hombres<br \/>\n4.1. Bienvenida al mundo profesional<br \/>\n4.2. El m\u00e9rito del dise\u00f1o<br \/>\n4.3. \u00bfQui\u00e9n dijo f\u00e1cil?<br \/>\n4.4. Dime c\u00f3mo debo ser<br \/>\n4.5. Mujeres y l\u00edderes<br \/>\n4.6. La actitud: una vida a tu medida<br \/>\n4.7. Tu turno: hazte valer<br \/>\n4.8. Conclusi\u00f3n<\/p>\n<p>5. El mundo en una servilleta<br \/>\n5.1. El rol del dise\u00f1ador2<br \/>\n5.2. Dise\u00f1o y arte<br \/>\n5.3. Sobre el estilo<br \/>\n5.4. Por qu\u00e9 los dise\u00f1adores no deber\u00edan trabajar (solo) con dise\u00f1adores<br \/>\n5.5. Dise\u00f1o al poder (o por qu\u00e9 necesitamos m\u00e1s dise\u00f1adores en posiciones de poder)<br \/>\n5.6. El valor del dise\u00f1o.<br \/>\n5.7. Tu turno: embajadores del dise\u00f1o<br \/>\n5.8. Designer. Maker. User<br \/>\n5.9. La actitud: s\u00e9 curioso<br \/>\n5.10. Conclusi\u00f3n<\/p>\n<p>6. Dise\u00f1a dise\u00f1ador<br \/>\n6.1. La magia de Walt Disney<br \/>\n6.2. Gente, equipos y din\u00e1micas<br \/>\n6.3. De dise\u00f1ador a l\u00edder<br \/>\n6.4. El l\u00edder de dise\u00f1o<br \/>\n6.5. Tu turno: dise\u00f1a tu rol4<br \/>\n6.6. Decisiones y mentes maestras<br \/>\n6.7. Crear una cultura de dise\u00f1o (o cuando el dise\u00f1o ya no es acerca de dise\u00f1adores)<br \/>\n6.8. Tu turno: dise\u00f1o al poder<br \/>\n6.9. La actitud: Chief design officer (CDO)<br \/>\n6.10. Conclusi\u00f3n<\/p>\n<p>Unas palabras finales<\/p>\n<p>Ep\u00edlogo<\/p>\n<p>Agradecimientos<\/p>\n<p>Bibliograf\u00eda<\/p>\n","protected":false},"excerpt":{"rendered":"<p><strong>Dise\u00f1ando al dise\u00f1ador. <\/strong>De estudiante a l\u00edder de dise\u00f1o \u00b7 Cuaderno de viaje hacia el \u00e9xito profesional y personal<\/p>\n<p><span style=\"color: #ff0000;\"><span style=\"color: #000000;\">Autora:<\/span> Eugenia Martinez Barbazza<\/span><\/p>\n<div id=\":jd\" class=\"Ar Au Ao\">\n<div id=\":j9\" class=\"Am Al editable LW-avf tS-tW tS-tY\" tabindex=\"1\" role=\"textbox\" contenteditable=\"true\" spellcheck=\"false\" aria-label=\"Cuerpo del mensaje\" aria-multiline=\"true\">\n<p><b>Ser dise\u00f1ador no es solo una carrera, y el dise\u00f1o es m\u00e1s que una profesi\u00f3n. <\/b>Tus primeros pasos como dise\u00f1ador pueden ser un reto: incertidumbre ante un mercado de trabajo limitado, un mundo corporativo en el que el dise\u00f1o no es una prioridad, sentirte estancado o no saber por d\u00f3nde empezar.<br \/>\nEste libro busca mostrar la punta del ovillo, abrir tu mente al infinito potencial del dise\u00f1o.<\/p>\n<p>&nbsp;<\/p>\n<\/div>\n<\/div>\n<ul class=\"a-unordered-list a-nostyle a-vertical a-spacing-none detail-bullet-list\">\n<li>ISBN: 978-84-19555-26-7<\/li>\n<li>Medidas: 16 x 23 cm<\/li>\n<li>P\u00e1ginas: 196<\/li>\n<li>Encuadernaci\u00f3n: R\u00fastica<\/li>\n<li>Impresi\u00f3n interior: con im\u00e1genes y gr\u00e1ficos a color<\/li>\n<li>Edici\u00f3n: 2025. Experimenta Libros<\/li>\n<\/ul>\n","protected":false},"featured_media":62767,"comment_status":"open","ping_status":"closed","template":"","meta":[],"product_cat":[9892,9898,9715,7313],"product_tag":[9978,9764,9859,9591,9641,9770,9762,9977,9860,9778],"jetpack_sharing_enabled":true,"_links":{"self":[{"href":"https:\/\/www.experimenta.es\/tienda\/wp-json\/wp\/v2\/product\/62758"}],"collection":[{"href":"https:\/\/www.experimenta.es\/tienda\/wp-json\/wp\/v2\/product"}],"about":[{"href":"https:\/\/www.experimenta.es\/tienda\/wp-json\/wp\/v2\/types\/product"}],"replies":[{"embeddable":true,"href":"https:\/\/www.experimenta.es\/tienda\/wp-json\/wp\/v2\/comments?post=62758"}],"wp:featuredmedia":[{"embeddable":true,"href":"https:\/\/www.experimenta.es\/tienda\/wp-json\/wp\/v2\/media\/62767"}],"wp:attachment":[{"href":"https:\/\/www.experimenta.es\/tienda\/wp-json\/wp\/v2\/media?parent=62758"}],"wp:term":[{"taxonomy":"product_cat","embeddable":true,"href":"https:\/\/www.experimenta.es\/tienda\/wp-json\/wp\/v2\/product_cat?post=62758"},{"taxonomy":"product_tag","embeddable":true,"href":"https:\/\/www.experimenta.es\/tienda\/wp-json\/wp\/v2\/product_tag?post=62758"}],"curies":[{"name":"wp","href":"https:\/\/api.w.org\/{rel}","templated":true}]}}