{"id":62874,"date":"2025-05-13T16:20:13","date_gmt":"2025-05-13T14:20:13","guid":{"rendered":"https:\/\/www.experimenta.es\/tienda\/?post_type=product&#038;p=62874"},"modified":"2025-09-03T16:42:19","modified_gmt":"2025-09-03T14:42:19","slug":"chocolate-rojo","status":"publish","type":"product","link":"https:\/\/www.experimenta.es\/tienda\/producto\/chocolate-rojo\/","title":{"rendered":"Chocolate Rojo"},"content":{"rendered":"<p><b>Chocolate Rojo<\/b> no es un libro convencional sobre creatividad. Es una invitaci\u00f3n descarada a romper moldes, a cocinar ideas con ingredientes inesperados y a saborear ese <i>umami creativo<\/i> que todos llevamos dentro. Con 45 recetas\/desaf\u00edos, cada una con su toque provocador y metaf\u00f3rico, este libro te ayuda a desbloquear la mente, a cuestionar lo establecido y a transformar la incertidumbre en impulso.<\/p>\n<p><strong>David Asensio<\/strong>, referente en el mundo de la innovaci\u00f3n y la cultura empresarial creativa, vuelve a sorprendernos con un enfoque fresco y absolutamente rompedor. Tras t\u00edtulos como <i>Creatividad. Contra el caos y la incertidumbre, Mentes creativas. Como pasar de lo ordinario a lo extraordinario<\/i> y <i>A m\u00ed s\u00ed me pagan por pensar<\/i>, ahora nos invita a explorar la <b>mentalidad Chocolate Rojo<\/b>, una actitud vital basada en la pasi\u00f3n, el riesgo y la reinvenci\u00f3n constante.<\/p>\n<p>Dirigido a emprendedores, artistas, profesionales curiosos o simplemente a quienes sienten que su creatividad necesita un buen meneo, este libro es un mapa l\u00fadico para pensar diferente, atreverse m\u00e1s y disfrutar del proceso.<\/p>\n<p>Prep\u00e1rate para re\u00edr, cuestionar, experimentar y, sobre todo, para recordar que pensar fuera de la caja tambi\u00e9n puede (y debe) ser divertido. Porque como dice el autor: <i>\u00abS\u00ed, eres creativo. Aunque a\u00fan no lo sepas\u00bb.<\/i><\/p>\n<p><span class=\"Apple-converted-space\">SOBRE EL AUTOR<br \/>\n<\/span><\/p>\n<p><strong>David Asensio Garc\u00eda<\/strong> es el fundador de Chocolate Rojo Consulting, consultora que promulga la importancia de la creatividad tanto en las culturas empresariales como en la sociedad. Es conferenciante, colaborador en medios de comunicaci\u00f3n y considerado como una de las referencias espa\u00f1olas en creatividad y management. Con sus portales El principio de un comienzo, as\u00ed como <em>Walk into a business<\/em> ha alcanzado la cifra de m\u00e1s de cuatro millones de visitas en todo el mundo.<\/p>\n<p>Es autor de los libros, <em>Liderazgo canalla. Libera tu lado m\u00e1s rebelde<\/em>, as\u00ed como tambi\u00e9n de <em>Mofeta Branding. C\u00f3mo son las marcas que transforman el mundo<\/em>, ambos de Edi. Versos y Reversos. Con <strong>Experimenta Libros<\/strong> ha publicado un tratado sobre la creatividad, titulado <a href=\"https:\/\/www.experimenta.es\/tienda\/producto\/creatividad-contra-el-caos-y-la-incertidumbre\/\">Creatividad. Contra el caos y la incertidumbre<\/a>, as\u00ed como el libro <a href=\"https:\/\/www.experimenta.es\/tienda\/producto\/mentes-creativas-como-pasar-de-lo-ordinario-a-lo-extraordinario\/\">Mentes creativas. C\u00f3mo pasar de lo ordinario a lo extraordinario<\/a> y <a href=\"https:\/\/www.experimenta.es\/tienda\/producto\/a-mi-si-me-pagan-por-pensar\/\">A m\u00ed s\u00ed me pagan por pensar<\/a> que junto a <em><strong>Chocolate Rojo<\/strong><\/em> conforman una colecci\u00f3n indispensable para entender el impacto que tiene la creatividad en el mundo empresarial.<em>\u00a0<\/em><\/p>\n<p>&nbsp;<\/p>\n<p><strong>\u00cdndice<\/strong><\/p>\n<p>Pr\u00f3logo de Paco Morales<\/p>\n<p>1. Introducci\u00f3n<\/p>\n<p>2. Advertencias a tener en cuenta<span class=\"Apple-converted-space\">\u00a0<\/span>antes de seguir leyendo este libro<\/p>\n<p>3. \u00bfQu\u00e9 es la mentalidad Chocolate Rojo<span class=\"Apple-converted-space\">\u00a0<\/span>y por qu\u00e9 es tan necesaria?<\/p>\n<p>4. Todos estamos hechos de recetas, \u00bfpero qu\u00e9 nos distingue de los que transforman el mundo?<\/p>\n<p>5. Bienvenidos al recetario de Chocolate Rojo<br \/>\n5.1. En serio<br \/>\n5.2. Suerte a la sal<br \/>\n5.3. 23<br \/>\n5.4. Desaparece<br \/>\n5.5. El huevo de oro<br \/>\n5.6. Bambi<br \/>\n5.7. Enci\u00e9rrate y crea con lo que tengas,<span class=\"Apple-converted-space\">\u00a0<\/span>mi querido Watson<br \/>\n5.8. Preservativo de arroz con leche<br \/>\n5.9. Aros de pasi\u00f3n<br \/>\n5.10. Trampantojo dulce<br \/>\n5.11. El bus tur\u00edstico<br \/>\n5.12. Belleza disidente<br \/>\n5.13. Langosta a precio de <i>nugget<br \/>\n<\/i>5.14. Rabo empanado<br \/>\n5.15. Champ\u00e1n comestible<br \/>\n5.16. Pollo asado con aromas reprimidos<br \/>\n5.17. Todos nos dedicamos a la creatividad<br \/>\n5.18. Nenuco creativo<br \/>\n5.19. Pesadillas en Pistacho Street<br \/>\n5.20. San Ferm\u00edn<br \/>\n5.21. Croquetas de la abuela<br \/>\n5.22. Helado de <i>tutti frutti<br \/>\n<\/i>5.23. Un <i>whisky <\/i>de doce a\u00f1os, por favor<br \/>\n5.24. El corral de la yaya Filomena y el Floren<br \/>\n5.25. El bot\u00f3n rojo de la Casa Blanca<br \/>\n5.26. Dos bogavantes no hacen una buena mariscada<br \/>\n5.27. Uniforme KKFUTI<br \/>\n5.28. La cubeta del \u00e9xito<br \/>\n5.29. Imprudencia sublime con patatas fritas y k\u00e9tchup<br \/>\n5.30. El platillo de la imaginaci\u00f3n<br \/>\n5.31. No mames con tequila<br \/>\n5.32. Frustraci\u00f3n con salsa americana<br \/>\n5.33. Risas a la parrilla con salsa de humor infinito<br \/>\n5.34. Expectativas 0 alcohol 0 az\u00facares 0 grasas<br \/>\n5.35. Pensamientos fermentados al jerez<br \/>\n5.36. Bocadillo de lomo con queso y pimientos<br \/>\n5.37. Todos a una como Fuenteovejuna,<span class=\"Apple-converted-space\">\u00a0<\/span><i>receta creada por Raquel Guallart<br \/>\n<\/i>5.38. La ensalada de tu vida,<span class=\"Apple-converted-space\">\u00a0<\/span><i>receta creada por Raquel Guallart<br \/>\n<\/i>5.39. V de Vendetta, <i>receta creada por Raquel Guallar<br \/>\n<\/i>5.40. El deseo irreprimible<br \/>\n5.41. Ensalada de quinoa con brotes<span class=\"Apple-converted-space\">\u00a0<\/span>de serenidad y salud mental<br \/>\n5.42. Tarrina de foie gras con compota<span class=\"Apple-converted-space\">\u00a0<\/span>de higos y pan de liderazgo creativo<br \/>\n5.43. Saturaci\u00f3n de grasas<br \/>\n5.44. La triple A<br \/>\n5.45. La tarjeta dorada de Willy Wonka<\/p>\n<p>6. Manifiesto por el ser humano y su umami creativo<\/p>\n<p>Ep\u00edlogo de Diego Guerrero<\/p>\n<p>Bibliograf\u00eda<\/p>\n<p>Agradecimientos<\/p>\n<p>La \u00faltima receta<\/p>\n","protected":false},"excerpt":{"rendered":"<p><b>Chocolate Rojo<br \/>\n<\/b>45 recetas a tus problemas de creatividad<\/p>\n<p><span style=\"color: #ff0000;\"><span style=\"color: #000000;\">Autor:<\/span> David Asensio<br \/>\n<span style=\"color: #000000;\">Pr\u00f3logo de <b>Paco Morales<\/b><strong><br \/>\n<\/strong>Ep\u00edlogo de <b>Diego Guerrero<\/b><strong><br \/>\n<\/strong><\/span><\/span><\/p>\n<p>\u00bfQu\u00e9 tienen en com\u00fan una langosta a precio de nugget, un trampantojo dulce y una tarrina de <em>foie gras<\/em> con liderazgo creativo?<br \/>\nSon algunas de las recetas ins\u00f3litas que componen <i>Chocolate Rojo<\/i>, el nuevo libro de David Asensio. Un recetario sin sartenes ni cucharones, pero con una gran dosis de audacia, sentido del humor y creatividad al l\u00edmite.<\/p>\n<ul class=\"a-unordered-list a-nostyle a-vertical a-spacing-none detail-bullet-list\">\n<li>ISBN: 978-84-19555-27-4<\/li>\n<li>Medidas: 16 x 23 cm<\/li>\n<li>P\u00e1ginas: 224<\/li>\n<li>Encuadernaci\u00f3n: R\u00fastica<\/li>\n<li>Impresi\u00f3n interior: Negro<\/li>\n<li>Edici\u00f3n: Experimenta Libros<\/li>\n<\/ul>\n","protected":false},"featured_media":62875,"comment_status":"open","ping_status":"closed","template":"","meta":[],"product_cat":[9895,9980,9981,9896,7313],"product_tag":[9732,9730,9873,9764,9766,9641,9770,9714,9733,9771,9761,9786,9778],"jetpack_sharing_enabled":true,"_links":{"self":[{"href":"https:\/\/www.experimenta.es\/tienda\/wp-json\/wp\/v2\/product\/62874"}],"collection":[{"href":"https:\/\/www.experimenta.es\/tienda\/wp-json\/wp\/v2\/product"}],"about":[{"href":"https:\/\/www.experimenta.es\/tienda\/wp-json\/wp\/v2\/types\/product"}],"replies":[{"embeddable":true,"href":"https:\/\/www.experimenta.es\/tienda\/wp-json\/wp\/v2\/comments?post=62874"}],"wp:featuredmedia":[{"embeddable":true,"href":"https:\/\/www.experimenta.es\/tienda\/wp-json\/wp\/v2\/media\/62875"}],"wp:attachment":[{"href":"https:\/\/www.experimenta.es\/tienda\/wp-json\/wp\/v2\/media?parent=62874"}],"wp:term":[{"taxonomy":"product_cat","embeddable":true,"href":"https:\/\/www.experimenta.es\/tienda\/wp-json\/wp\/v2\/product_cat?post=62874"},{"taxonomy":"product_tag","embeddable":true,"href":"https:\/\/www.experimenta.es\/tienda\/wp-json\/wp\/v2\/product_tag?post=62874"}],"curies":[{"name":"wp","href":"https:\/\/api.w.org\/{rel}","templated":true}]}}