{"id":62889,"date":"2025-05-16T11:33:28","date_gmt":"2025-05-16T09:33:28","guid":{"rendered":"https:\/\/www.experimenta.es\/tienda\/?post_type=product&#038;p=62889"},"modified":"2025-09-03T16:42:31","modified_gmt":"2025-09-03T14:42:31","slug":"iberoamerica-grafica-maestros-cruz-novillo","status":"publish","type":"product","link":"https:\/\/www.experimenta.es\/tienda\/producto\/iberoamerica-grafica-maestros-cruz-novillo\/","title":{"rendered":"Iberoam\u00e9rica Gr\u00e1fica. Maestros: Cruz Novillo"},"content":{"rendered":"<p><strong>Cruz Novillo es un aut\u00e9ntico \u00abfuera de serie\u00bb<\/strong>, un inconformista que no da por hecho que las cosas deben hacerse de una determinada manera simplemente porque la mayor\u00eda dice que debe hacerse as\u00ed. Un dise\u00f1ador \/ artista que pone todo \u00abpatas arriba\u00ab y que <strong>desde hace m\u00e1s de 60 a\u00f1os sigue el mismo m\u00e9todo: primero pensar y luego dibujar<\/strong>.<span class=\"Apple-converted-space\">\u00a0<\/span><\/p>\n<p><em>\u00abDise\u00f1ar es crear. Yo no concibo que se pueda ser dise\u00f1ador ni que se pueda ser artista sin la voluntad espec\u00edfica de innovar. De crear. Crear en el mundo del dise\u00f1o es una especialidad; hay otras: realizar, redactar, fotografiar, filmar, \u00abtipografiar\u00bb, ilustrar\u2026 A crear, cada cual en lo suyo.<span class=\"Apple-converted-space\">\u00a0<\/span><\/em><\/p>\n<p><em>\u00a1No copiar nunca nada! Esta s\u00ed que es una revoluci\u00f3n pendiente.\u00bb<span class=\"Apple-converted-space\">\u00a0<\/span><\/em><\/p>\n<p>Pepe Cruz Novillo<\/p>\n<p><strong>Pepe Cruz Novillo<\/strong> nace en Cuenca (1936) y actualmente reside en Madrid, donde se encuentra su estudio Cruz m\u00e1s Cruz. En 1965, siendo director creativo, abandona Publicidad Clar\u00edn y crea su propio estudio siendo uno de los pioneros del dise\u00f1o espa\u00f1ol, realizando, entre otras, las im\u00e1genes corporativas de instituciones y empresas como Correos, Banco Pastor, Tesoro P\u00fablico, el escudo y la bandera de la Comunidad de Madrid, PSOE, COPE, El Mundo, Ministerio de Educaci\u00f3n y Ciencia, Billetes del Banco de Espa\u00f1a, Renfe, La Noche en Blanco, Colegio de Ingenieros de Caminos, Cuenca 2016, Visionlab, Fundaci\u00f3n ONCE, Repsol, etc. Ha sido presidente de la Asociaci\u00f3n Espa\u00f1ola de Profesionales del Dise\u00f1o (AEPD). Es profesor invitado en la Universidad Francisco de Vitoria, Universidad Internacional Men\u00e9ndez Pelayo y en la Escuela de Arquitectura de la Universidad Polit\u00e9cnica de Madrid. En 1972 realiza una exposici\u00f3n en la galer\u00eda Skira de Madrid, exponiendo desde entonces regularmente sus pinturas, esculturas y grabados.<span class=\"Apple-converted-space\">\u00a0<\/span><\/p>\n<p>En 1977 participa con una sala personal en la Bienal Internacional de Sao Paulo. Ha participado en las Ferias de Arte FIAC de Par\u00eds, Bassel Art, Art Cologne, y en ARCO de forma pr\u00e1cticamente ininterrumpida desde 1985. Su \u00abDiafragma Dodecaf\u00f3nico 8.916.100.448.256, opus 14\u00bb, de 3.392.732 a\u00f1os de duraci\u00f3n y estrenado en la feria ARCO, puede seguirse, hasta su finalizaci\u00f3n, en www.cruznovilloopus14.com. En 2007 funda junto con su hijo, el arquitecto y dise\u00f1ador Pepe Cruz, el estudio Cruz m\u00e1s Cruz. Pepe Cruz Novillo es acad\u00e9mico de la Real Academia de Bellas Artes de San Fernando, Premio Nacional de Dise\u00f1o, Cartero Honorario de Correos y recibi\u00f3 en 2012 la Medalla de Oro al M\u00e9rito en las Bellas Artes. En el a\u00f1o 2023 la ADG-FAD le concedi\u00f3 el Premio Laus de Honor por toda una carrera profesional de gran impacto en el imaginario colectivo.<\/p>\n<p>&nbsp;<\/p>\n<p><span class=\"Apple-converted-space\">SOBRE LOS AUTORES<br \/>\n<\/span><strong>Sonia D\u00edaz<\/strong> es dise\u00f1adora gr\u00e1fica, est\u00e1 licenciada en Bellas Artes por la Universidad de Salamanca, Publicidad y Relaciones P\u00fablicas por la Universidad Complutense de Madrid y Periodismo por la Universidad Carlos III de Madrid. Es magister en Museograf\u00eda y exposiciones por la UCM. Ha impartido docencia en cursos de especializaci\u00f3n y masters de dise\u00f1o, gesti\u00f3n cultural y exposiciones en la Fundaci\u00f3n Ortega y Gasset, EAE Business School de Madrid, Universidad Complutense de Madrid, el Istituto Europeo de Design, en la Escuela de Arte n\u00ba10 y en la Escuela Superior de Dise\u00f1o de Madrid.<\/p>\n<p><strong>Gabriel Mart\u00ednez<\/strong> es dise\u00f1ador gr\u00e1fico, tiene estudios de filosof\u00eda y est\u00e1 licenciado en Bellas Artes por la Universidad de Salamanca. Ha impartido docencia en la Escuela Superior de Arquitectura de la Universidad Polit\u00e9cnica de Madrid, EAE Business School de Madrid, el Istituto Europeo de Design, la Escuela de Arte n\u00ba10 y 12 de Madrid y ha sido profesor asociado en la Facultad de Bellas Artes de Salamanca. Forman parte del estudio de dise\u00f1o LSDspace y del colectivo activista Un Mundo Feliz. Han publicado los libros Pictop\u00eda (2008) Imagomundi (2011) e Iconicity (2015) en la editorial Promopress, Crit-icon Stencil Book (2015) con MUSAC\/Boldbooks y The New Disasters of War (2011) en Ediciones de Ruina\/Boldbooks.<\/p>\n<p><strong>Felipe\u00a0Taborda<\/strong> es dise\u00f1ador gr\u00e1fico, autor y curador de R\u00edo de Janeiro (Brasil). Formado en la PUC \/ RJ, estudi\u00f3 cine y fotograf\u00eda en la London International Film School (Inglaterra), Communication Arts en el New York Institute of Technology y Graphic Design en la School of Visual Arts (USA). Desde 1990 tiene su propio estudio, actuando principalmente en el \u00e1rea cultural, editorial y fonogr\u00e1fica. En 2008 public\u00f3 su libro\u00a0Latin American Graphic Design\u00a0con la editorial Taschen (Alemania).\u00a0En 2014 la Universidad St John\u2019s, de Nueva York, organiz\u00f3 la muestra\u00a0Another Point of View,\u00a0una extensa retrospectiva de sus 30 a\u00f1os de trabajo gr\u00e1fico. Comisari\u00f3 el evento\u00a0Footb-All Mix \/ 32 Carteles para un Juego Apasionante\u00a0para el Mundial de F\u00fatbol de Rusia 2018, con muestras en varios pa\u00edses del mundo. En octubre 2018 ha tenido dos exposiciones\u00a0retrospectivas simult\u00e1neas:\u00a0Todo al Rev\u00e9s \/ La Obra Gr\u00e1fica de\u00a0Felipe\u00a0Taborda,\u00a0en Espa\u00f1a, con motivo de\u00a0Madrid Gr\u00e1fica 2018;\u00a0y\u00a0Cara a Tapa \/ La M\u00fasica Visual de\u00a0Felipe\u00a0Taborda,\u00a0como\u00a0una de las muestras oficiales de la Bienal Internacional del Cartel de M\u00e9xico. Entre 2019 y 2020 estuve por 6 meses en Europa, por invitaci\u00f3n de universidades y instituiciones. Primeramente en Barcelona, Espa\u00f1a, y despu\u00e9s en Londres, Inglaterra. Es corresponsal internacional de las revistas Experimenta (Espa\u00f1a) y Grafikmagazin (Alemania).<\/p>\n","protected":false},"excerpt":{"rendered":"<p><span style=\"color: #ff0000;\"><span style=\"color: #000000;\">Autor: <span style=\"color: #ff0000;\">Sonia D\u00edaz \/ Gabriel Mart\u00ednez \/ Felipe Taborda<\/span><\/span><\/span><\/p>\n<p><strong>Esta nueva obra forma parte de la colecci\u00f3n con la que Experimenta Libros rinde tributo a los grandes del dise\u00f1o gr\u00e1fico iberoamericano. Bajo la direcci\u00f3n de Sonia D\u00edaz, Felipe Taborda y Gabriel Mart\u00ednez, esta serie explora el legado de los dise\u00f1adores m\u00e1s influyentes de nuestra regi\u00f3n.<\/strong><\/p>\n<p>Este segundo volumen est\u00e1 dedicado a <strong>Pepe Cruz Novillo, a quien con total justicia suele presentarse como \u00abel hombre que dise\u00f1\u00f3 Espa\u00f1a\u00bb<\/strong> y cuya obra \u2013en palabras de Lorenz \u00abLopetz\u00bb Gianfreda (B\u00fcro Destruct)\u2013 captura todos los elementos que todos los dise\u00f1adores anhelan en sus creaciones: es <strong>visualmente impactante, limpia, atemporal y, a\u00fan as\u00ed, con un ritmo v\u00edvido.<span class=\"Apple-converted-space\">\u00a0<\/span><\/strong><\/p>\n<p>&nbsp;<\/p>\n<p>\u00b7 ISBN: 978-84-19555-34-2<br \/>\n\u00b7 Edici\u00f3n 2025. Experimenta Libros<br \/>\n\u00b7 Medidas: 13,5 x 15,5 cm<br \/>\n\u00b7 P\u00e1ginas: 88<br \/>\n\u00b7 Impresi\u00f3n interior: color<br \/>\n\u00b7 Encuadernaci\u00f3n: r\u00fastica<\/p>\n","protected":false},"featured_media":62891,"comment_status":"open","ping_status":"closed","template":"","meta":[],"product_cat":[9897,9892,9715,7313],"product_tag":[9730,9764,9735,9591,9777,9641,9707,9763,9762,9765,9733,9778],"jetpack_sharing_enabled":true,"_links":{"self":[{"href":"https:\/\/www.experimenta.es\/tienda\/wp-json\/wp\/v2\/product\/62889"}],"collection":[{"href":"https:\/\/www.experimenta.es\/tienda\/wp-json\/wp\/v2\/product"}],"about":[{"href":"https:\/\/www.experimenta.es\/tienda\/wp-json\/wp\/v2\/types\/product"}],"replies":[{"embeddable":true,"href":"https:\/\/www.experimenta.es\/tienda\/wp-json\/wp\/v2\/comments?post=62889"}],"wp:featuredmedia":[{"embeddable":true,"href":"https:\/\/www.experimenta.es\/tienda\/wp-json\/wp\/v2\/media\/62891"}],"wp:attachment":[{"href":"https:\/\/www.experimenta.es\/tienda\/wp-json\/wp\/v2\/media?parent=62889"}],"wp:term":[{"taxonomy":"product_cat","embeddable":true,"href":"https:\/\/www.experimenta.es\/tienda\/wp-json\/wp\/v2\/product_cat?post=62889"},{"taxonomy":"product_tag","embeddable":true,"href":"https:\/\/www.experimenta.es\/tienda\/wp-json\/wp\/v2\/product_tag?post=62889"}],"curies":[{"name":"wp","href":"https:\/\/api.w.org\/{rel}","templated":true}]}}