{"id":63078,"date":"2025-09-04T11:16:03","date_gmt":"2025-09-04T09:16:03","guid":{"rendered":"https:\/\/www.experimenta.es\/tienda\/?post_type=product&#038;p=63078"},"modified":"2026-04-08T23:33:43","modified_gmt":"2026-04-08T21:33:43","slug":"la-vida-grafica-de-las-peliculas","status":"publish","type":"product","link":"https:\/\/www.experimenta.es\/tienda\/producto\/la-vida-grafica-de-las-peliculas\/","title":{"rendered":"La vida gr\u00e1fica de las pel\u00edculas"},"content":{"rendered":"<div>\n<p>\u00bfQu\u00e9 ser\u00eda del cine sin las disciplinas gr\u00e1ficas?<\/p>\n<p>Carteles que nos invitan a entrar, tipograf\u00edas que definen una \u00e9poca, objetos creados para el decorado que jam\u00e1s notamos pero que son esenciales en la narraci\u00f3n, t\u00edtulos de cr\u00e9dito que dan identidad a una pel\u00edcula, dise\u00f1os que comunican antes incluso de que empiece la historia\u2026 <i>La vida gr\u00e1fica de las pel\u00edculas<\/i> nos abre por primera vez la puerta a ese universo visual que sostiene silenciosamente el imaginario del cine.<\/p>\n<p>A trav\u00e9s de once entrevistas entra\u00f1ables y l\u00facidas, <b>Pablo D\u00e1vila Casta\u00f1eda pone voz y rostro a una serie de profesiones que construyen lo gr\u00e1fico en el audiovisual espa\u00f1ol.<\/b> Son personas que han trabajado con figuras como Almod\u00f3var, Bayona, Coixet, Sorogoyen o Los Javis, y con empresas como Netflix, Movistar+, Amazon o Disney. Pero m\u00e1s all\u00e1 del curr\u00edculum, <b>lo que el libro revela es la pasi\u00f3n, la creatividad y la inteligencia con que profesionales del dise\u00f1o y artistas hacen que las pel\u00edculas sean lo que son.<\/b><b><\/b><\/p>\n<p>Este no es un manual t\u00e9cnico. Tampoco una gu\u00eda de estilo. Es un relato coral \u2014lleno de humor, honestidad y hallazgos\u2014 que traza una l\u00ednea directa entre las artes gr\u00e1ficas y la emoci\u00f3n cinematogr\u00e1fica. Un libro que encantar\u00e1 a quienes se dedican al dise\u00f1o o la comunicaci\u00f3n, a estudiantes de disciplinas creativas, a profesionales del cine y, por supuesto, a quienes aman mirar las pel\u00edculas desde otro lugar.<\/p>\n<p><b>Porque si alguna vez te has preguntado c\u00f3mo se construyen los mundos que ves en pantalla, este libro te lo cuenta. Con el tono justo, con belleza, con verdad.<\/b><b><\/b><\/p>\n<\/div>\n<p>&nbsp;<\/p>\n<p><span class=\"Apple-converted-space\">SOBRE EL AUTOR<br \/>\n<\/span><\/p>\n<p><b>Pablo D\u00e1vila Casta\u00f1eda<\/b> es creativo especializado en narrativas para entidades sociales, proyectos culturales y empresas sostenibles. Tras una larga carrera en promoci\u00f3n de cine debut\u00f3 en la escritura de ficci\u00f3n con la novela <i>Ellos encantados<\/i> (Frida Ediciones). Desde entonces cuenta historias propias y ajenas \u2014casi siempre a favor de la transformaci\u00f3n social\u2014 como el libro biogr\u00e1fico <i>Un reflejo del cambio<\/i>, que relata cuarenta a\u00f1os de la mayor entidad asociativa de la discapacidad f\u00edsica y org\u00e1nica en Espa\u00f1a, COCEMFE. Ha sido colaborador de medios como Ballena Blanca, Gr\u00e0ffica o Icon Design (EL PA\u00cdS).<\/p>\n<p>&nbsp;<\/p>\n<p>\u00cdndice<\/p>\n<p>Introducci\u00f3n<\/p>\n<p><b>Ana Linde \/ <\/b>Dise\u00f1o de dosier \/ La empat\u00eda<\/p>\n<p><b>Pepe Dom\u00ednguez Del Olmo \/ <\/b>Dise\u00f1o de producci\u00f3n \/ La confianza<\/p>\n<p><b>Alberto Rodr\u00edguez Braojos \/ <\/b><i>Storyboard <\/i>\/ El compa\u00f1erismo<\/p>\n<p><b>Sandra Wahlbeck \/ <\/b>Grafismo y pintura de rodaje \/ La versatilidad<\/p>\n<p><b>Manolo Pav\u00f3n \/ <\/b>Fotograf\u00eda de rodaje \/ La ubicaci\u00f3n<\/p>\n<p><b>Nacho Platero \/ <\/b>Posproducci\u00f3n creativa \/ Las conexiones<\/p>\n<p><b>Jordi Rins \/ <\/b>Dise\u00f1o de t\u00edtulos de cr\u00e9dito \/ La dimensi\u00f3n<\/p>\n<p><b>Luis Le\u00f3n \/ <\/b>Dise\u00f1o de narrativa \/ La innovaci\u00f3n<\/p>\n<p><b>I\u00f1aki Villuendas \/ <\/b>Dise\u00f1o de cartel \/ El rigor<span class=\"Apple-converted-space\">\u00a0<\/span><\/p>\n<p><b>Ricardo Fern\u00e1ndez \/ <\/b>Dise\u00f1o para televisi\u00f3n \/ La coherencia<\/p>\n<p><b>Noelia Sastre \/ <\/b>Archivo gr\u00e1fico de cine \/ La experiencia<\/p>\n","protected":false},"excerpt":{"rendered":"<p><strong>La vida gr\u00e1fica de las pel\u00edculas. <\/strong>Conversaciones sobre creaci\u00f3n gr\u00e1fica para cine y series en Espa\u00f1a<\/p>\n<p><span style=\"color: #ff0000;\"><span style=\"color: #000000;\">Autor:<\/span> Pablo D\u00e1vila Casta\u00f1eda<\/span><\/p>\n<div id=\":jd\" class=\"Ar Au Ao\">\n<div id=\":j9\" class=\"Am Al editable LW-avf tS-tW tS-tY\" tabindex=\"1\" role=\"textbox\" contenteditable=\"true\" spellcheck=\"false\" aria-label=\"Cuerpo del mensaje\" aria-multiline=\"true\">\n<p><strong>\u00bfQu\u00e9 ser\u00eda del cine sin las disciplinas gr\u00e1ficas?<\/strong><\/p>\n<p>Carteles que nos invitan a entrar, tipograf\u00edas que definen una \u00e9poca, objetos creados para el decorado que jam\u00e1s notamos pero que son esenciales en la narraci\u00f3n, t\u00edtulos de cr\u00e9dito que dan identidad a una pel\u00edcula, dise\u00f1os que comunican antes incluso de que empiece la historia\u2026 <i>La vida gr\u00e1fica de las pel\u00edculas<\/i> nos abre por primera vez la puerta a ese universo visual que sostiene silenciosamente el imaginario del cine.<\/p>\n<p>&nbsp;<\/p>\n<\/div>\n<\/div>\n<ul class=\"a-unordered-list a-nostyle a-vertical a-spacing-none detail-bullet-list\">\n<li>ISBN: 978-84-19555-39-7<\/li>\n<li>Medidas: 16 x 23 cm<\/li>\n<li>P\u00e1ginas: 252<\/li>\n<li>Encuadernaci\u00f3n: R\u00fastica<\/li>\n<li>Impresi\u00f3n interior: con im\u00e1genes a color<\/li>\n<li>Edici\u00f3n: 2025. Experimenta Libros<\/li>\n<\/ul>\n","protected":false},"featured_media":63079,"comment_status":"open","ping_status":"closed","template":"","meta":[],"product_cat":[9897,9895,9892,9715,7313],"product_tag":[9908,9764,9859,9591,9748,9641,9707,9860,9778],"jetpack_sharing_enabled":true,"_links":{"self":[{"href":"https:\/\/www.experimenta.es\/tienda\/wp-json\/wp\/v2\/product\/63078"}],"collection":[{"href":"https:\/\/www.experimenta.es\/tienda\/wp-json\/wp\/v2\/product"}],"about":[{"href":"https:\/\/www.experimenta.es\/tienda\/wp-json\/wp\/v2\/types\/product"}],"replies":[{"embeddable":true,"href":"https:\/\/www.experimenta.es\/tienda\/wp-json\/wp\/v2\/comments?post=63078"}],"wp:featuredmedia":[{"embeddable":true,"href":"https:\/\/www.experimenta.es\/tienda\/wp-json\/wp\/v2\/media\/63079"}],"wp:attachment":[{"href":"https:\/\/www.experimenta.es\/tienda\/wp-json\/wp\/v2\/media?parent=63078"}],"wp:term":[{"taxonomy":"product_cat","embeddable":true,"href":"https:\/\/www.experimenta.es\/tienda\/wp-json\/wp\/v2\/product_cat?post=63078"},{"taxonomy":"product_tag","embeddable":true,"href":"https:\/\/www.experimenta.es\/tienda\/wp-json\/wp\/v2\/product_tag?post=63078"}],"curies":[{"name":"wp","href":"https:\/\/api.w.org\/{rel}","templated":true}]}}