{"id":63236,"date":"2025-10-06T12:24:12","date_gmt":"2025-10-06T10:24:12","guid":{"rendered":"https:\/\/www.experimenta.es\/tienda\/?post_type=product&#038;p=63236"},"modified":"2026-04-08T23:34:19","modified_gmt":"2026-04-08T21:34:19","slug":"el-diseno-de-sentido","status":"publish","type":"product","link":"https:\/\/www.experimenta.es\/tienda\/producto\/el-diseno-de-sentido\/","title":{"rendered":"El dise\u00f1o de sentido"},"content":{"rendered":"<div>\n<p>\u00bfQu\u00e9 hacemos cuando hacemos innovaci\u00f3n? \u00bfPor qu\u00e9 es urgente comprender el rol que asumimos cuando dise\u00f1amos? \u00bfY qu\u00e9 implica, en este contexto, liderar proyectos que no s\u00f3lo transformen objetos, sino tambi\u00e9n realidades?<\/p>\n<p>En este libro <strong>Anal\u00eda Cervini<\/strong> propone una lectura profunda y accesible sobre el dise\u00f1o como pr\u00e1ctica de pensamiento, como activador cultural, como motor de transformaci\u00f3n. <strong>Con una voz cercana, que entrelaza teor\u00eda, experiencia profesional y vivencias personales, la autora construye una narrativa que gu\u00eda al lector a trav\u00e9s de ideas, proyectos, conceptos y preguntas que atraviesan el dise\u00f1o contempor\u00e1neo.<\/strong><\/p>\n<blockquote><p>\u201cDise\u00f1ar sentido es imaginar futuros. No es dise\u00f1ar objetos. Es el dise\u00f1o de nuevos conceptos que marcan el rumbo y que movilizan al hacerse tangibles, abriendo un posible camino de transformaci\u00f3n hacia un mundo m\u00e1s justo, m\u00e1s creativo y m\u00e1s humano.\u201d<\/p><\/blockquote>\n<p>Como un hilo invisible, el sentido aparece aqu\u00ed como materia central. No entendido como definici\u00f3n est\u00e1tica, sino como identidad en movimiento, como construcci\u00f3n estrat\u00e9gica, como disidencia frente al sinsentido. El texto transita \u2014sin perder claridad\u2014 por referencias tan diversas como Ezio Manzini, Gilles Deleuze, Lewis Carroll y Andrea Branzi, y a la vez se ancla en proyectos concretos donde la innovaci\u00f3n y la pr\u00e1ctica real son protagonistas.<\/p>\n<p><strong>Adem\u00e1s de sus reflexiones, Cervini comparte tres instrumentos para abordar el dise\u00f1o y la innovaci\u00f3n \u2014aplicables tambi\u00e9n a otras disciplinas\u2014 y propone un singular \u00abor\u00e1culo epist\u00e9mico\u00bb, una suerte de br\u00fajula para reencontrar el prop\u00f3sito cuando el camino se desdibuja.<\/strong><\/p>\n<\/div>\n<p><strong>Un libro para quienes dise\u00f1an m\u00e1s all\u00e1 del dise\u00f1o. Esta obra no es s\u00f3lo para dise\u00f1adores.<\/strong> Est\u00e1 escrita para toda persona que se sienta convocada a pensar y proyectar un futuro con prop\u00f3sito, para quienes entienden que innovar no es acumular tecnolog\u00eda, sino imaginar lo que todav\u00eda no existe, con \u00e9tica, sensibilidad y mirada cr\u00edtica.<\/p>\n<p><span class=\"Apple-converted-space\">SOBRE LA AUTORA<br \/>\n<\/span><\/p>\n<p><strong>Anal\u00eda Cervini<\/strong> naci\u00f3 y vive en la Ciudad de Buenos Aires junto a su familia. El dise\u00f1o es su lugar en el mundo desde donde imagina y transforma de manera positiva la realidad. Se gradu\u00f3 como dise\u00f1adora industrial y doctora en dise\u00f1o por la Universidad de Buenos Aires. Su recorrido formativo fue profundamente influido por Hugo Kogan y Ricardo Blanco, referentes del dise\u00f1o argentino de quienes fue disc\u00edpula, colega y amiga cercana.<\/p>\n<p>Como joven profesional radicada en Italia integr\u00f3 equipos pioneros de visioning y nuevas tecnolog\u00edas dentro de Philips Design Mil\u00e1n y el Interaction Design Institute de Ivrea. En la Ciudad de Buenos Aires fund\u00f3 el Instituto Metropolitano de Dise\u00f1o e Innovaci\u00f3n, colabor\u00f3 en la creaci\u00f3n del Distrito de Dise\u00f1o y fue gerente operativa del Centro Metropolitano de Dise\u00f1o y de Industrias Creativas. Sus dise\u00f1os integran la colecci\u00f3n del Museo de Arte Moderno de Buenos Aires.<\/p>\n<p>Como autora public\u00f3 doce libros que comparten su visi\u00f3n y estrategia profesional. Es profesora en universidades en Latinoam\u00e9rica, directora de la consultora Total Tool y de la plataforma Design Achievement.<\/p>\n<p>Desde hace m\u00e1s de dos d\u00e9cadas lidera equipos y procesos de dise\u00f1o, innovaci\u00f3n y dise\u00f1o de futuros en empresas, instituciones y territorios.<\/p>\n<p>&nbsp;<\/p>\n<p>CONTENIDO<\/p>\n<p><strong>1. Dise\u00f1ar sentido: un manifiesto esencial y urgente<\/strong><\/p>\n<ul>\n<li>Cuando el material tiene sentido<\/li>\n<li>Hacia una exploraci\u00f3n semi\u00f3tica del concepto<\/li>\n<li>De Deleuze a Alicia, \u00bfqu\u00e9 es el sentido?<\/li>\n<li>Hacer dise\u00f1o: definir una identidad entre todas las identidades posibles<\/li>\n<li>Designar, manifestar, significar, el sentido \u00bfc\u00f3mo se construye?<\/li>\n<li>Explorando un crisol de matices que robustecen el concepto<\/li>\n<li>El proceso de \u00abdise\u00f1o de sentido\u00bb<\/li>\n<li>Mi manifiesto y mi misi\u00f3n a partir de la presente obra<\/li>\n<\/ul>\n<p><strong>2. La necesidad<\/strong><\/p>\n<ul>\n<li>Grandes problem\u00e1ticas no resueltas<\/li>\n<li>Preguntas preliminares<\/li>\n<li>La necesidad<\/li>\n<\/ul>\n<p><strong>3. La oportunidad<\/strong><\/p>\n<ul>\n<li>Hacia una comprensi\u00f3n hol\u00edstica del dise\u00f1o<\/li>\n<li>Artesanos y creativos<\/li>\n<li>Or\u00e1culos fundamentales para el dise\u00f1o de sentido<\/li>\n<\/ul>\n<p><strong>4. Nuevos instrumentos proyectuales<\/strong><\/p>\n<ul>\n<li>Los gr\u00e1ficos como instrumentos de an\u00e1lisis<\/li>\n<li>Instrumento 1: un dispositivo de dise\u00f1o para la innovaci\u00f3n<\/li>\n<li>Instrumento 2: dise\u00f1o de sentido 5.D<\/li>\n<li>Instrumento 3: el sistema del producto-servicio reconsiderado<\/li>\n<\/ul>\n<p><strong>5. Legitimidad y validaci\u00f3n desde el estudio de casos<\/strong><\/p>\n<ul>\n<li>Neolite. Metamorfosis de los pl\u00e1sticos<\/li>\n<li>Vision of the future<\/li>\n<li>Mobile embodiments, new convergencies in mobile telephony<\/li>\n<li>Identidad estrat\u00e9gica: alternativas locales en mercados globales<\/li>\n<\/ul>\n<p><strong>6. Hacia un posicionamiento<\/strong><\/p>\n<ul>\n<li>Los proyectos de dise\u00f1o e innovaci\u00f3n en contextos de innovaci\u00f3n hoy<\/li>\n<li>10 Ejes de contextualizaci\u00f3n de la innovaci\u00f3n hoy<\/li>\n<li>Una propuesta metodol\u00f3gica en escenarios de innovaci\u00f3n y de dise\u00f1o de futuros<\/li>\n<\/ul>\n<p><strong>7. El fin de la traves\u00eda<\/strong><\/p>\n","protected":false},"excerpt":{"rendered":"<p><strong>El dise\u00f1o de sentido (o el sentido del dise\u00f1o)<\/strong><\/p>\n<p><span style=\"color: #ff0000;\"><span style=\"color: #000000;\">Autor:<\/span> Anal\u00eda Cervini<\/span><\/p>\n<div id=\":jd\" class=\"Ar Au Ao\">\n<div id=\":j9\" class=\"Am Al editable LW-avf tS-tW tS-tY\" tabindex=\"1\" role=\"textbox\" contenteditable=\"true\" spellcheck=\"false\" aria-label=\"Cuerpo del mensaje\" aria-multiline=\"true\">\n<p><strong>Un manifiesto esencial y urgente en ecosistemas de innovaci\u00f3n y de dise\u00f1o de futuros<\/strong><\/p>\n<p>Hay libros que nacen como herramientas, otros como manifiestos. Este, en cambio, parece abrirse como un mapa: invita a recorrer el presente desde el dise\u00f1o, con la mirada puesta en el futuro. Pero no en un futuro tecnol\u00f3gico o abstracto, sino en uno cargado de sentido.<\/p>\n<p>&nbsp;<\/p>\n<\/div>\n<\/div>\n<ul class=\"a-unordered-list a-nostyle a-vertical a-spacing-none detail-bullet-list\">\n<li>ISBN: 978-84-19555-40-3<\/li>\n<li>Medidas: 16 x 23 cm<\/li>\n<li>P\u00e1ginas: 260<\/li>\n<li>Encuadernaci\u00f3n: R\u00fastica<\/li>\n<li>Impresi\u00f3n interior: con im\u00e1genes a color<\/li>\n<li>Edici\u00f3n: 2025. Experimenta Libros<\/li>\n<\/ul>\n","protected":false},"featured_media":63237,"comment_status":"open","ping_status":"closed","template":"","meta":[],"product_cat":[9895,9981,9892,9979,9898,9715,7313],"product_tag":[9764,9859,9642,9823,9903,9864,9641,9763,9708,9714,9762,9861,9860,9786,9746,9778],"jetpack_sharing_enabled":true,"_links":{"self":[{"href":"https:\/\/www.experimenta.es\/tienda\/wp-json\/wp\/v2\/product\/63236"}],"collection":[{"href":"https:\/\/www.experimenta.es\/tienda\/wp-json\/wp\/v2\/product"}],"about":[{"href":"https:\/\/www.experimenta.es\/tienda\/wp-json\/wp\/v2\/types\/product"}],"replies":[{"embeddable":true,"href":"https:\/\/www.experimenta.es\/tienda\/wp-json\/wp\/v2\/comments?post=63236"}],"wp:featuredmedia":[{"embeddable":true,"href":"https:\/\/www.experimenta.es\/tienda\/wp-json\/wp\/v2\/media\/63237"}],"wp:attachment":[{"href":"https:\/\/www.experimenta.es\/tienda\/wp-json\/wp\/v2\/media?parent=63236"}],"wp:term":[{"taxonomy":"product_cat","embeddable":true,"href":"https:\/\/www.experimenta.es\/tienda\/wp-json\/wp\/v2\/product_cat?post=63236"},{"taxonomy":"product_tag","embeddable":true,"href":"https:\/\/www.experimenta.es\/tienda\/wp-json\/wp\/v2\/product_tag?post=63236"}],"curies":[{"name":"wp","href":"https:\/\/api.w.org\/{rel}","templated":true}]}}