{"id":63321,"date":"2025-11-26T13:46:30","date_gmt":"2025-11-26T12:46:30","guid":{"rendered":"https:\/\/www.experimenta.es\/tienda\/?post_type=product&#038;p=63321"},"modified":"2026-04-08T23:34:35","modified_gmt":"2026-04-08T21:34:35","slug":"iberoamerica-grafica-maestros-vicente-larrea-experimentalibros","status":"publish","type":"product","link":"https:\/\/www.experimenta.es\/tienda\/producto\/iberoamerica-grafica-maestros-vicente-larrea-experimentalibros\/","title":{"rendered":"Iberoam\u00e9rica Gr\u00e1fica. Maestros: Vicente Larrea"},"content":{"rendered":"<p>Entre la tipograf\u00eda y la imprenta, entre la m\u00fasica y la calle, <strong>Vicente Larrea<\/strong> (Chile, 1942) ha construido una de las obras m\u00e1s influyentes del dise\u00f1o gr\u00e1fico latinoamericano. Su nombre est\u00e1 indisolublemente ligado a la identidad visual de la Nueva Canci\u00f3n Chilena y a una forma de entender la gr\u00e1fica como herramienta de comunicaci\u00f3n social, cultural y pol\u00edtica.<\/p>\n<p><strong>A lo largo de seis d\u00e9cadas, Larrea ha sabido conjugar oficio, intuici\u00f3n y pensamiento cr\u00edtico.<\/strong> Desde sus primeros afiches para la Universidad de Chile en los a\u00f1os sesenta hasta su trabajo actual en su propio taller de dise\u00f1o e impresi\u00f3n, su obra mantiene una misma tensi\u00f3n: provocar, comunicar, emocionar. \u201cHe hecho lo que quer\u00eda hacer \u2014dice\u2014: una gr\u00e1fica provocativa, no complaciente\u201d.<\/p>\n<p><strong>En su trabajo resuenan las influencias del arte latinoamericano, del pop y la psicodelia, pero tambi\u00e9n la ense\u00f1anza de maestros como Saul Bass<\/strong>, de quien aprendi\u00f3 el poder de la s\u00edntesis y la claridad visual. Sus afiches, logotipos y portadas \u2014concebidos para m\u00fasicos, cineastas y movimientos sociales\u2014 forman parte del imaginario colectivo de Chile y de una \u00e9poca en la que la gr\u00e1fica fue motor de identidad y cambio.<\/p>\n<p><span class=\"Apple-converted-space\">SOBRE LOS AUTORES<br \/>\n<\/span><strong>Sonia D\u00edaz<\/strong> es dise\u00f1adora gr\u00e1fica, est\u00e1 licenciada en Bellas Artes por la Universidad de Salamanca, Publicidad y Relaciones P\u00fablicas por la Universidad Complutense de Madrid y Periodismo por la Universidad Carlos III de Madrid. Es magister en Museograf\u00eda y exposiciones por la UCM. Ha impartido docencia en cursos de especializaci\u00f3n y masters de dise\u00f1o, gesti\u00f3n cultural y exposiciones en la Fundaci\u00f3n Ortega y Gasset, EAE Business School de Madrid, Universidad Complutense de Madrid, el Istituto Europeo de Design, en la Escuela de Arte n\u00ba10 y en la Escuela Superior de Dise\u00f1o de Madrid.<\/p>\n<p><strong>Gabriel Mart\u00ednez<\/strong> es dise\u00f1ador gr\u00e1fico, tiene estudios de filosof\u00eda y est\u00e1 licenciado en Bellas Artes por la Universidad de Salamanca. Ha impartido docencia en la Escuela Superior de Arquitectura de la Universidad Polit\u00e9cnica de Madrid, EAE Business School de Madrid, el Istituto Europeo de Design, la Escuela de Arte n\u00ba10 y 12 de Madrid y ha sido profesor asociado en la Facultad de Bellas Artes de Salamanca. Forman parte del estudio de dise\u00f1o LSDspace y del colectivo activista Un Mundo Feliz. Han publicado los libros Pictop\u00eda (2008) Imagomundi (2011) e Iconicity (2015) en la editorial Promopress, Crit-icon Stencil Book (2015) con MUSAC\/Boldbooks y The New Disasters of War (2011) en Ediciones de Ruina\/Boldbooks.<\/p>\n<p><strong>Felipe\u00a0Taborda<\/strong> es dise\u00f1ador gr\u00e1fico, autor y curador de R\u00edo de Janeiro (Brasil). Formado en la PUC \/ RJ, estudi\u00f3 cine y fotograf\u00eda en la London International Film School (Inglaterra), Communication Arts en el New York Institute of Technology y Graphic Design en la School of Visual Arts (USA). Desde 1990 tiene su propio estudio, actuando principalmente en el \u00e1rea cultural, editorial y fonogr\u00e1fica. En 2008 public\u00f3 su libro\u00a0Latin American Graphic Design\u00a0con la editorial Taschen (Alemania).\u00a0En 2014 la Universidad St John\u2019s, de Nueva York, organiz\u00f3 la muestra\u00a0Another Point of View,\u00a0una extensa retrospectiva de sus 30 a\u00f1os de trabajo gr\u00e1fico. Comisari\u00f3 el evento\u00a0Footb-All Mix \/ 32 Carteles para un Juego Apasionante\u00a0para el Mundial de F\u00fatbol de Rusia 2018, con muestras en varios pa\u00edses del mundo. En octubre 2018 ha tenido dos exposiciones\u00a0retrospectivas simult\u00e1neas:\u00a0Todo al Rev\u00e9s \/ La Obra Gr\u00e1fica de\u00a0Felipe\u00a0Taborda,\u00a0en Espa\u00f1a, con motivo de\u00a0Madrid Gr\u00e1fica 2018;\u00a0y\u00a0Cara a Tapa \/ La M\u00fasica Visual de\u00a0Felipe\u00a0Taborda,\u00a0como\u00a0una de las muestras oficiales de la Bienal Internacional del Cartel de M\u00e9xico. Entre 2019 y 2020 estuve por 6 meses en Europa, por invitaci\u00f3n de universidades y instituiciones. Primeramente en Barcelona, Espa\u00f1a, y despu\u00e9s en Londres, Inglaterra. Es corresponsal internacional de las revistas Experimenta (Espa\u00f1a) y Grafikmagazin (Alemania).<\/p>\n","protected":false},"excerpt":{"rendered":"<p><span style=\"color: #ff0000;\"><span style=\"color: #000000;\">Autor: <span style=\"color: #ff0000;\">Sonia D\u00edaz \/ Gabriel Mart\u00ednez \/ Felipe Taborda<\/span><\/span><\/span><\/p>\n<p><strong>Esta nueva obra forma parte de la colecci\u00f3n con la que Experimenta Libros rinde tributo a los grandes del dise\u00f1o gr\u00e1fico iberoamericano. Bajo la direcci\u00f3n de Sonia D\u00edaz, Felipe Taborda y Gabriel Mart\u00ednez, esta serie explora el legado de los dise\u00f1adores m\u00e1s influyentes de nuestra regi\u00f3n.<\/strong><\/p>\n<p><strong>Este cuarto volumen es un homenaje a un creador que ha hecho de la imagen un espacio de encuentro entre arte, pensamiento y compromiso.<\/strong> Un testimonio vivo del poder transformador del dise\u00f1o cuando nace desde la pasi\u00f3n y la conciencia.<\/p>\n<p>&nbsp;<\/p>\n<p>\u00b7 ISBN: 978-84-19555-43-4<br \/>\n\u00b7 Edici\u00f3n 2025. Experimenta Libros<br \/>\n\u00b7 Medidas: 13,5 x 15,5 cm<br \/>\n\u00b7 P\u00e1ginas: 88<br \/>\n\u00b7 Impresi\u00f3n interior: color<br \/>\n\u00b7 Encuadernaci\u00f3n: r\u00fastica<\/p>\n","protected":false},"featured_media":63322,"comment_status":"open","ping_status":"closed","template":"","meta":[],"product_cat":[9897,9892,9715,7313],"product_tag":[9730,9764,9735,9591,9777,9641,9707,9763,9762,9765,9733,9778],"jetpack_sharing_enabled":true,"_links":{"self":[{"href":"https:\/\/www.experimenta.es\/tienda\/wp-json\/wp\/v2\/product\/63321"}],"collection":[{"href":"https:\/\/www.experimenta.es\/tienda\/wp-json\/wp\/v2\/product"}],"about":[{"href":"https:\/\/www.experimenta.es\/tienda\/wp-json\/wp\/v2\/types\/product"}],"replies":[{"embeddable":true,"href":"https:\/\/www.experimenta.es\/tienda\/wp-json\/wp\/v2\/comments?post=63321"}],"wp:featuredmedia":[{"embeddable":true,"href":"https:\/\/www.experimenta.es\/tienda\/wp-json\/wp\/v2\/media\/63322"}],"wp:attachment":[{"href":"https:\/\/www.experimenta.es\/tienda\/wp-json\/wp\/v2\/media?parent=63321"}],"wp:term":[{"taxonomy":"product_cat","embeddable":true,"href":"https:\/\/www.experimenta.es\/tienda\/wp-json\/wp\/v2\/product_cat?post=63321"},{"taxonomy":"product_tag","embeddable":true,"href":"https:\/\/www.experimenta.es\/tienda\/wp-json\/wp\/v2\/product_tag?post=63321"}],"curies":[{"name":"wp","href":"https:\/\/api.w.org\/{rel}","templated":true}]}}