{"id":63525,"date":"2026-03-16T12:37:03","date_gmt":"2026-03-16T11:37:03","guid":{"rendered":"https:\/\/www.experimenta.es\/tienda\/?post_type=product&#038;p=63525"},"modified":"2026-04-19T23:30:45","modified_gmt":"2026-04-19T21:30:45","slug":"borde-buenos-aires-en-papel","status":"publish","type":"product","link":"https:\/\/www.experimenta.es\/tienda\/producto\/borde-buenos-aires-en-papel\/","title":{"rendered":"Borde. Buenos Aires en papel"},"content":{"rendered":"<div>\n<p>En <i>Borde. Buenos Aires en papel<\/i>, <strong>Fabi\u00e1n Carreras<\/strong> nos invita a recorrer ese territorio gr\u00e1fico donde la comunicaci\u00f3n deja de ser un mensaje \u00fanico para convertirse en un di\u00e1logo urbano abierto. Lo que comienza como propaganda o anuncio se transforma en otra cosa cuando la calle interviene: manos an\u00f3nimas arrancan, pegan, escriben o transforman los mensajes, creando un collage visual lleno de iron\u00eda, tensi\u00f3n y poes\u00eda.<\/p>\n<p>A trav\u00e9s de fotograf\u00edas y reflexiones, el libro revela la potencia de lo que podr\u00edamos llamar la gr\u00e1fica salvaje de la ciudad: una conversaci\u00f3n continua entre poder y resistencia, entre orden y azar.<\/p>\n<p>Dirigido a <b>dise\u00f1adores, estudiantes, investigadores, artistas visuales y lectores interesados en cultura urbana y comunicaci\u00f3n visual<\/b>, el libro aporta una mirada singular sobre la materialidad del lenguaje gr\u00e1fico en el espacio p\u00fablico.<\/p>\n<p>Cada cartel rasgado, cada capa de papel, cada intervenci\u00f3n espont\u00e1nea muestra que la ciudad es un espacio vivo donde el dise\u00f1o, la cultura popular y la acci\u00f3n colectiva se encuentran.<\/p>\n<p>Un recorrido visual y conceptual por la piel gr\u00e1fica de la ciudad.<br \/>\nUn libro para mirar la calle de otra manera.<\/p>\n<p>&nbsp;<\/p>\n<\/div>\n<p><span class=\"Apple-converted-space\">SOBRE EL AUTOR<br \/>\n<\/span><\/p>\n<p><b>Fabi\u00e1n Carreras<\/b>. Buenos Aires 1964. Estudi\u00f3 dise\u00f1o gr\u00e1fico en la Escuela Superior de Artes Visuales Mart\u00edn Malharro de Mar del Plata.<\/p>\n<p>Se especializa en la creaci\u00f3n de marcas gr\u00e1ficas y sistemas de identidad visual. Adem\u00e1s, se desempe\u00f1a como docente de dise\u00f1o y tipograf\u00eda en la Universidad de Ciencias Empresariales y Sociales (UCES).<br \/>\nHa impartido conferencias y talleres en diversas universidades e instituciones educativas de Argentina, Per\u00fa, Bolivia, Colombia, M\u00e9xico, Francia y Turqu\u00eda.<\/p>\n<p>Autor de varios libros, entre ellos Sobre dise\u00f1o (2004) de Asunto Impreso Ediciones, Dar la nota (2021) y 100 AF\/CHES (2022), ambos de Wolkowicz Editores, y F\u00fatbol en met\u00e1foras (2024, Experimenta)<\/p>\n<p>En 2018, su cartel Pachamama fue incluido en el libro de Steven Heller Head to toe: The Nude in Graphic Design, publicado por Rizzolli. Asimismo, en 2022, obtuvo el primer premio en la bienal del cartel de Mosc\u00fa Golden Bee por su obra Kleptocrazy en la categor\u00eda Zero Corruption.<br \/>\nParte de sus carteles forman parte de la colecci\u00f3n del Museo de Arte Moderno de Buenos Aires v la Fundaci\u00f3n IDA.<\/p>\n<p>&nbsp;<\/p>\n<p>CONTENIDO<\/p>\n<ol>\n<li><strong>Graf\u00edas<\/strong><\/li>\n<li><strong>Pol\u00edtica<\/strong><\/li>\n<li><strong>Marcas<\/strong><\/li>\n<li><strong>M\u00fasica<\/strong><\/li>\n<li><strong>Artes esc\u00e9nicas<\/strong><\/li>\n<li><strong>Carteles y soportes<\/strong><\/li>\n<li><strong>Revelado<\/strong><\/li>\n<li><strong>Borde<\/strong><\/li>\n<li><strong>Po\u00e9ticas del borde<span class=\"Apple-converted-space\">\u00a0<\/span><\/strong><\/li>\n<\/ol>\n","protected":false},"excerpt":{"rendered":"<p><b>Borde. Buenos Aires en papel<span class=\"Apple-converted-space\">\u00a0<\/span><\/b><\/p>\n<p><span style=\"color: #ff0000;\"><span style=\"color: #000000;\">Autor:<\/span> Fabi\u00e1n Carreras<\/span><\/p>\n<div id=\":jd\" class=\"Ar Au Ao\">\n<div id=\":j9\" class=\"Am Al editable LW-avf tS-tW tS-tY\" tabindex=\"1\" role=\"textbox\" contenteditable=\"true\" spellcheck=\"false\" aria-label=\"Cuerpo del mensaje\" aria-multiline=\"true\">\n<p><b>Entre capas de papel y tipograf\u00edas rasgadas, la calle revela su verdadera voz<\/b><\/p>\n<p>Las paredes de la ciudad hablan.<br \/>\nEn ellas conviven carteles superpuestos, tipograf\u00edas que chocan, im\u00e1genes rasgadas y capas de papel que revelan historias invisibles.<\/p>\n<p>&nbsp;<\/p>\n<\/div>\n<\/div>\n<ul class=\"a-unordered-list a-nostyle a-vertical a-spacing-none detail-bullet-list\">\n<li>ISBN: 978-84-19555-50-2<\/li>\n<li>Medidas: 16 x 26 cm<\/li>\n<li>P\u00e1ginas: 244<\/li>\n<li>Encuadernaci\u00f3n: R\u00fastica<\/li>\n<li>Impresi\u00f3n interior: con im\u00e1genes a color<\/li>\n<li>Edici\u00f3n: 2025. Experimenta Libros<\/li>\n<\/ul>\n","protected":false},"featured_media":63526,"comment_status":"open","ping_status":"closed","template":"","meta":[],"product_cat":[9895,9892,9898,9715,7313],"product_tag":[9764,9859,9591,9903,9864,9987,9641,9786],"jetpack_sharing_enabled":true,"_links":{"self":[{"href":"https:\/\/www.experimenta.es\/tienda\/wp-json\/wp\/v2\/product\/63525"}],"collection":[{"href":"https:\/\/www.experimenta.es\/tienda\/wp-json\/wp\/v2\/product"}],"about":[{"href":"https:\/\/www.experimenta.es\/tienda\/wp-json\/wp\/v2\/types\/product"}],"replies":[{"embeddable":true,"href":"https:\/\/www.experimenta.es\/tienda\/wp-json\/wp\/v2\/comments?post=63525"}],"wp:featuredmedia":[{"embeddable":true,"href":"https:\/\/www.experimenta.es\/tienda\/wp-json\/wp\/v2\/media\/63526"}],"wp:attachment":[{"href":"https:\/\/www.experimenta.es\/tienda\/wp-json\/wp\/v2\/media?parent=63525"}],"wp:term":[{"taxonomy":"product_cat","embeddable":true,"href":"https:\/\/www.experimenta.es\/tienda\/wp-json\/wp\/v2\/product_cat?post=63525"},{"taxonomy":"product_tag","embeddable":true,"href":"https:\/\/www.experimenta.es\/tienda\/wp-json\/wp\/v2\/product_tag?post=63525"}],"curies":[{"name":"wp","href":"https:\/\/api.w.org\/{rel}","templated":true}]}}