{"id":63567,"date":"2026-04-08T18:58:42","date_gmt":"2026-04-08T16:58:42","guid":{"rendered":"https:\/\/www.experimenta.es\/tienda\/?post_type=product&#038;p=63567"},"modified":"2026-04-19T23:24:56","modified_gmt":"2026-04-19T21:24:56","slug":"jo-no-soc-creatiu","status":"publish","type":"product","link":"https:\/\/www.experimenta.es\/tienda\/producto\/jo-no-soc-creatiu\/","title":{"rendered":"Jo no soc creatiu"},"content":{"rendered":"<div>\n<p>A <i>Jo no soc creatiu<\/i>, <b>Pepe Serra<\/b> parteix de la seva pr\u00f2pia experi\u00e8ncia \u2014de la inf\u00e0ncia inquieta a la rutina professional, del buit a la necessitat de tornar a crear\u2014 per desmuntar un dels grans mites del nostre temps. A trav\u00e9s d\u2019un recorregut que combina la reflexi\u00f3, la pedagogia i la viv\u00e8ncia personal, <strong>l\u2019autor planteja una idea essencial: la creativitat no \u00e9s un talent reservat a uns quants, sin\u00f3 una manera de ser al m\u00f3n.<\/strong><\/p>\n<p><strong>Lluny de f\u00f3rmules m\u00e0giques o receptes r\u00e0pides<\/strong>, aquest llibre proposa entendre <strong>la creativitat com un proc\u00e9s que s\u2019entrena, es construeix i, sobretot, es recupera.<\/strong> Perqu\u00e8 no es tracta d\u2019aprendre res de nou, sin\u00f3 de tornar a connectar amb all\u00f2 que ja hi era: la capacitat de mirar diferent, de q\u00fcestionar el que est\u00e0 establert i de trobar sentit en all\u00f2 que fem.<\/p>\n<p>En un context marcat per l\u2019automatitzaci\u00f3, la repetici\u00f3 i la velocitat, <strong>aquest llibre tamb\u00e9 \u00e9s una presa de posici\u00f3: la creativitat no \u00e9s un luxe ni una habilitat excepcional, \u00e9s una eina de superviv\u00e8ncia.<\/strong><\/p>\n<p>I potser, quan l\u2019acabis de llegir, descobrir\u00e0s que mai vas deixar de ser creatiu. Nom\u00e9s havies deixat de mirar-te aix\u00ed.<\/p>\n<\/div>\n<p>&nbsp;<\/p>\n<p><span class=\"Apple-converted-space\">SOBRE EL AUTOR<br \/>\n<\/span><\/p>\n<p><strong>Pepe Serra <\/strong>\u00e9s il\u00b7lustrador conceptual. Des del seu estudi de Tarragona, crea imatges per a mitjans internacionals com\u2000The New York Times,\u2000The Wall Street Journal\u2000o\u2000Le Monde, i tradueix idees complexes en met\u00e0fores visuals que funcionen m\u00e9s enll\u00e0 de les fronteres culturals i idiom\u00e0tiques.<\/p>\n<p>Paral\u00b7lelament a la pr\u00e0ctica professional, ha exercit durant m\u00e9s de quinze anys com a professor de secund\u00e0ria, i actualment \u00e9s responsable d&#8217;innovaci\u00f3 docent a l\u2019Escola Superior de Disseny, Universitat Ramon Llull (ESDi), on coordina el curs de creativitat I il\u00b7lustraci\u00f3. La seva tasca pedag\u00f2gica gira entorn del pensament creatiu, el llenguatge visual i la construcci\u00f3 d&#8217;una mirada pr\u00f2pia.<\/p>\n<p>\u00c9s conferenciant habitual en institucions internacionals \u2014des de la Columbia College de Chicago fins a la Universidad de Lima, passant per l&#8217;ITESO de Guadalajara o la Chav\u00f3n Escuela de Dise\u00f1o de Santo Domingo\u2014 i doctorand a la Universitat Aut\u00f2noma de Barcelona, on investiga creativitat i pedagogia des d&#8217;un enfocament basat en les arts.<\/p>\n<p>&nbsp;<\/p>\n<p>INDEX<\/p>\n<p>Pr\u00f2leg<\/p>\n<p>Introducci\u00f3<\/p>\n<p><b>CAP\u00cdTOL 1<\/b><b><\/b><\/p>\n<p><b>Creativitat: una manera de veure el m\u00f3n<\/b><b><\/b><\/p>\n<p>1.1. Trencar el mite<\/p>\n<p>1.2. Jo no soc creatiu<\/p>\n<p>1.3. El trencaclosques<\/p>\n<p>1.4. Superviv\u00e8ncia<\/p>\n<p>1.5. Habitar el m\u00f3n<\/p>\n<p><b>CAP\u00cdTOL 2<\/b><b><\/b><\/p>\n<p><b>Com (no) s\u2019ensenya a ser creatiu<\/b><b><\/b><\/p>\n<p>2.1. L\u2019assignatura pendent<\/p>\n<p>2.2. El curr\u00edculum invisible<\/p>\n<p>2.3. Resist\u00e8ncies i errors<\/p>\n<p>2.4. L\u2019escola creativa<\/p>\n<p>2.5. La m\u00e0gia<\/p>\n<p>2.6. Els frens invisibles<\/p>\n<p>2.7. Avaluar la creativitat<\/p>\n<p><b>CAP\u00cdTOL 3<\/b><b><\/b><\/p>\n<p><b>La creativitat s\u2019entrena<\/b><b><\/b><\/p>\n<p>3.1. La rutina vital: de l\u2019absorci\u00f3 a la connexi\u00f3 passant per la const\u00e0ncia<\/p>\n<p>3.2. L\u2019avorriment<\/p>\n<p>3.3. La urg\u00e8ncia<\/p>\n<p>3.4. La intu\u00efci\u00f3<\/p>\n<p>3.5. Les emocions<\/p>\n<p>3.6. La limitaci\u00f3<\/p>\n<p>3.7. L\u2019entorn<\/p>\n<p>3.8. L\u2019error<\/p>\n<p>3.9. La hist\u00f2ria<\/p>\n<p>3.10. La parla<\/p>\n<p>3.11. La lectura<\/p>\n<p>3.12. L\u2019escriptura<\/p>\n<p><b>CAP\u00cdTOL 4<\/b><b><\/b><\/p>\n<p><b>L\u2019estil<\/b><b><\/b><\/p>\n<p>4.1. La conseq\u00fc\u00e8ncia<\/p>\n<p>4.2. El cam\u00ed<\/p>\n<p><b>CAP\u00cdTOL 5<\/b><b><\/b><\/p>\n<p><b>L\u2019ep\u00edleg<\/b><\/p>\n","protected":false},"excerpt":{"rendered":"<p><strong>Jo no soc creatiu<br \/>\n<\/strong>Pensar diferent no \u00e9s un do. \u00c9s una decisi\u00f3.<strong><br \/>\n<\/strong><\/p>\n<p><span style=\"color: #ff0000;\"><span style=\"color: #000000;\">Autor:<\/span> Pepe Serra<\/span><\/p>\n<div id=\":jd\" class=\"Ar Au Ao\">\n<div id=\":j9\" class=\"Am Al editable LW-avf tS-tW tS-tY\" tabindex=\"1\" role=\"textbox\" contenteditable=\"true\" spellcheck=\"false\" aria-label=\"Cuerpo del mensaje\" aria-multiline=\"true\">\n<p>\u201cJo no soc creatiu.\u201d Aquesta frase, assumida per a molts com una veritat indiscutible, \u00e9s, en realitat, el s\u00edmptoma d\u2019alguna cosa m\u00e9s profunda: hem apr\u00e8s a desconfiar d\u2019una capacitat que sempre havia estat nostra.<\/p>\n<p>Tambi\u00e9n disponible en edici\u00f3n en <a href=\"https:\/\/www.experimenta.es\/tienda\/producto\/yo-no-soy-creativo\/\">espa\u00f1ol<\/a><\/p>\n<\/div>\n<\/div>\n<ul class=\"a-unordered-list a-nostyle a-vertical a-spacing-none detail-bullet-list\">\n<li>ISBN: 978-84-19555-52-6<\/li>\n<li>Medidas: 16 x 23 cm<\/li>\n<li>P\u00e1ginas: 118<\/li>\n<li>Encuadernaci\u00f3n: R\u00fastica<\/li>\n<li>Impresi\u00f3n interior: color<\/li>\n<li>Idioma: catal\u00e1n<\/li>\n<li>Edici\u00f3n: 2026. Experimenta Libros<\/li>\n<\/ul>\n<p><span style=\"color: #ff0000;\"><br \/>\nPrecio especial por preventa del 20 al 26 de abril de 2026<\/span><\/p>\n","protected":false},"featured_media":63603,"comment_status":"open","ping_status":"closed","template":"","meta":[],"product_cat":[9897,9980,9892,9715,9893,7313],"product_tag":[9908,9873,9764,9591,9864,9641],"jetpack_sharing_enabled":true,"_links":{"self":[{"href":"https:\/\/www.experimenta.es\/tienda\/wp-json\/wp\/v2\/product\/63567"}],"collection":[{"href":"https:\/\/www.experimenta.es\/tienda\/wp-json\/wp\/v2\/product"}],"about":[{"href":"https:\/\/www.experimenta.es\/tienda\/wp-json\/wp\/v2\/types\/product"}],"replies":[{"embeddable":true,"href":"https:\/\/www.experimenta.es\/tienda\/wp-json\/wp\/v2\/comments?post=63567"}],"wp:featuredmedia":[{"embeddable":true,"href":"https:\/\/www.experimenta.es\/tienda\/wp-json\/wp\/v2\/media\/63603"}],"wp:attachment":[{"href":"https:\/\/www.experimenta.es\/tienda\/wp-json\/wp\/v2\/media?parent=63567"}],"wp:term":[{"taxonomy":"product_cat","embeddable":true,"href":"https:\/\/www.experimenta.es\/tienda\/wp-json\/wp\/v2\/product_cat?post=63567"},{"taxonomy":"product_tag","embeddable":true,"href":"https:\/\/www.experimenta.es\/tienda\/wp-json\/wp\/v2\/product_tag?post=63567"}],"curies":[{"name":"wp","href":"https:\/\/api.w.org\/{rel}","templated":true}]}}