{"id":63568,"date":"2026-04-08T19:38:40","date_gmt":"2026-04-08T17:38:40","guid":{"rendered":"https:\/\/www.experimenta.es\/tienda\/?post_type=product&#038;p=63568"},"modified":"2026-04-19T23:26:35","modified_gmt":"2026-04-19T21:26:35","slug":"yo-no-soy-creativo","status":"publish","type":"product","link":"https:\/\/www.experimenta.es\/tienda\/producto\/yo-no-soy-creativo\/","title":{"rendered":"Yo no soy creativo"},"content":{"rendered":"<div>\n<p>En <i>Yo no soy creativo<\/i>, <strong>Pepe Serra<\/strong> parte de su propia experiencia \u2014de la infancia inquieta a la rutina profesional, del vac\u00edo a la necesidad de volver a crear\u2014 para desmontar uno de los grandes mitos de nuestro tiempo. A trav\u00e9s de un recorrido que combina reflexi\u00f3n, pedagog\u00eda y vivencia personal, el autor plantea una idea esencial: <strong>la creatividad no es un talento reservado a unos pocos, sino una forma de estar en el mundo.<\/strong><\/p>\n<p><strong>Lejos de f\u00f3rmulas m\u00e1gicas o recetas r\u00e1pidas<\/strong>, este libro propone entender <strong>la creatividad como un proceso que se entrena, se construye y, sobre todo, se recupera.<\/strong> Porque no se trata de aprender algo nuevo, sino de volver a conectar con algo que ya estaba ah\u00ed: la capacidad de mirar distinto, de cuestionar lo establecido y de encontrar sentido en lo que hacemos.<\/p>\n<p>En un contexto marcado por la automatizaci\u00f3n, la repetici\u00f3n y la velocidad, <strong>este libro es tambi\u00e9n una toma de posici\u00f3n: la creatividad no es un lujo ni una habilidad excepcional. Es una herramienta de supervivencia.<\/strong><\/p>\n<p>Y quiz\u00e1s, al terminar de leerlo, descubras que nunca dejaste de ser creativo. S\u00f3lo hab\u00edas dejado de mirarte as\u00ed.<\/p>\n<\/div>\n<p>&nbsp;<\/p>\n<p><span class=\"Apple-converted-space\">SOBRE EL AUTOR<br \/>\n<\/span><\/p>\n<p><strong>Pepe Serra <\/strong>es ilustrador conceptual. Desde su estudio de Tarragona, crea im\u00e1genes para medios internacionales como\u2000The New York Times,\u2000The Wall Street Journal\u2000o\u2000Le Monde, y traduce ideas complejas en met\u00e1foras visuales que funcionan m\u00e1s all\u00e1 de las fronteras culturales e idiom\u00e1ticas.<\/p>\n<p>Paralelamente a su pr\u00e1ctica profesional, ejerci\u00f3 durante m\u00e1s de quince a\u00f1os como profesor de secundaria, y actualmente es responsable de innovaci\u00f3n docente en la Escola Superior de Disseny, Universitat Ramon Llull (ESDi), donde coordina el curso de creatividad e ilustraci\u00f3n. Su labor pedag\u00f3gica gira en torno al pensamiento creativo, el lenguaje visual y la construcci\u00f3n de una mirada propia.<\/p>\n<p>Es conferenciante habitual en instituciones internacionales \u2014desde la Columbia College de Chicago hasta la Universidad de Lima, pasando por el ITESO de Guadalajara o la Chav\u00f3n Escuela de Dise\u00f1o de Santo Domingo\u2014 y doctorando en la Universitat Aut\u00f2noma de Barcelona, donde investiga creatividad y pedagog\u00eda desde un enfoque basado en las artes.<\/p>\n<p>&nbsp;<\/p>\n<p>CONTENIDO<\/p>\n<p>Pr\u00f3logo<\/p>\n<p>Introducci\u00f3n<\/p>\n<p><b>CAP\u00cdTULO 1<\/b><b><\/b><\/p>\n<p><b>Creatividad: una forma de ver el mundo<\/b><b><\/b><\/p>\n<p>1.1. Romper el mito<\/p>\n<p>1.2. Yo no soy creativo<\/p>\n<p>1.3. El rompecabezas<\/p>\n<p>1.4. Supervivencia<\/p>\n<p>1.5. Habitar el mundo<\/p>\n<p><b>CAP\u00cdTULO 2<\/b><b><\/b><\/p>\n<p><b>C\u00f3mo (no) se ense\u00f1a a ser creativo<\/b><b><\/b><\/p>\n<p>2.1. La asignatura pendiente<\/p>\n<p>2.2. El curr\u00edculo invisible<\/p>\n<p>2.3. Resistencias y errores<\/p>\n<p>2.4. La escuela creativa<\/p>\n<p>2.5. La magia<\/p>\n<p>2.6. Los frenos invisibles<\/p>\n<p>2.7. Evaluar la creatividad<\/p>\n<p><b>CAP\u00cdTULO 3<\/b><b><\/b><\/p>\n<p><b>La creatividad se entrena<\/b><b><\/b><\/p>\n<p>3.1. La rutina vital: de la absorci\u00f3n a la conexi\u00f3n pasando por la constancia<\/p>\n<p>3.2. El aburrimiento<\/p>\n<p>3.3. La premura<\/p>\n<p>3.4. La intuici\u00f3n<\/p>\n<p>3.5. Las emociones<\/p>\n<p>3.6. La limitaci\u00f3n<\/p>\n<p>3.7. El entorno<\/p>\n<p>3.8. El error<\/p>\n<p>3.9. La historia<\/p>\n<p>3.10. El habla<\/p>\n<p>3.11. La lectura<\/p>\n<p>3.12. La escritura<\/p>\n<p><b>CAP\u00cdTULO 4<\/b><b><\/b><\/p>\n<p><b>El estilo<\/b><b><\/b><\/p>\n<p>4.1. La consecuencia<\/p>\n<p>4.2. El camino<\/p>\n<p><b>CAP\u00cdTULO 5<\/b><b><\/b><\/p>\n<p><b>El ep\u00edlogo<\/b><\/p>\n","protected":false},"excerpt":{"rendered":"<p><strong>Yo no soy creativo<br \/>\n<\/strong>Pensar diferente no es un don. Es una decisi\u00f3n.<strong><br \/>\n<\/strong><\/p>\n<p><span style=\"color: #ff0000;\"><span style=\"color: #000000;\">Autor:<\/span> Pepe Serra<\/span><\/p>\n<div id=\":jd\" class=\"Ar Au Ao\">\n<div id=\":j9\" class=\"Am Al editable LW-avf tS-tW tS-tY\" tabindex=\"1\" role=\"textbox\" contenteditable=\"true\" spellcheck=\"false\" aria-label=\"Cuerpo del mensaje\" aria-multiline=\"true\">\n<p>\u201cYo no soy creativo\u201d. Esa frase, asumida por muchos como una verdad incuestionable, es en realidad el s\u00edntoma de algo m\u00e1s profundo: hemos aprendido a desconfiar de una capacidad que siempre fue nuestra.<\/p>\n<p>Tambi\u00e9n disponible en edici\u00f3n en <a href=\"https:\/\/www.experimenta.es\/tienda\/producto\/jo-no-soc-creatiu\/\">catal\u00e1n<\/a><\/p>\n<\/div>\n<\/div>\n<ul class=\"a-unordered-list a-nostyle a-vertical a-spacing-none detail-bullet-list\">\n<li>ISBN: 978-84-19555-51-9<\/li>\n<li>Medidas: 16 x 23 cm<\/li>\n<li>P\u00e1ginas: 118<\/li>\n<li>Encuadernaci\u00f3n: R\u00fastica<\/li>\n<li>Impresi\u00f3n interior: color<\/li>\n<li>Edici\u00f3n: 2026. Experimenta Libros<\/li>\n<\/ul>\n<p><span style=\"color: #ff0000;\"><br \/>\nPrecio especial por preventa del 20 al 26 de abril de 2026<\/span><\/p>\n","protected":false},"featured_media":63604,"comment_status":"open","ping_status":"closed","template":"","meta":[],"product_cat":[9897,9980,9892,9715,9893,7313],"product_tag":[9908,9873,9764,9591,9864,9641],"jetpack_sharing_enabled":true,"_links":{"self":[{"href":"https:\/\/www.experimenta.es\/tienda\/wp-json\/wp\/v2\/product\/63568"}],"collection":[{"href":"https:\/\/www.experimenta.es\/tienda\/wp-json\/wp\/v2\/product"}],"about":[{"href":"https:\/\/www.experimenta.es\/tienda\/wp-json\/wp\/v2\/types\/product"}],"replies":[{"embeddable":true,"href":"https:\/\/www.experimenta.es\/tienda\/wp-json\/wp\/v2\/comments?post=63568"}],"wp:featuredmedia":[{"embeddable":true,"href":"https:\/\/www.experimenta.es\/tienda\/wp-json\/wp\/v2\/media\/63604"}],"wp:attachment":[{"href":"https:\/\/www.experimenta.es\/tienda\/wp-json\/wp\/v2\/media?parent=63568"}],"wp:term":[{"taxonomy":"product_cat","embeddable":true,"href":"https:\/\/www.experimenta.es\/tienda\/wp-json\/wp\/v2\/product_cat?post=63568"},{"taxonomy":"product_tag","embeddable":true,"href":"https:\/\/www.experimenta.es\/tienda\/wp-json\/wp\/v2\/product_tag?post=63568"}],"curies":[{"name":"wp","href":"https:\/\/api.w.org\/{rel}","templated":true}]}}