{"id":63589,"date":"2026-04-19T17:09:27","date_gmt":"2026-04-19T15:09:27","guid":{"rendered":"https:\/\/www.experimenta.es\/tienda\/?post_type=product&#038;p=63589"},"modified":"2026-04-19T23:29:26","modified_gmt":"2026-04-19T21:29:26","slug":"germinal","status":"publish","type":"product","link":"https:\/\/www.experimenta.es\/tienda\/producto\/germinal\/","title":{"rendered":"Germinal"},"content":{"rendered":"<div>\n<p>Con pr\u00f3logo de <b>Norberto Chaves<\/b> y conclusi\u00f3n de <b>Mar\u00eda Ledesma<\/b>, esta obra se encuentra a medio camino entre el ensayo, el manual y la reflexi\u00f3n estrat\u00e9gica, <i>Germinal<\/i> ofrece un recorrido accesible y directo por los fundamentos de la comunicaci\u00f3n y sus mecanismos de influencia, para luego adentrarse en las t\u00e1cticas de la llamada \u201ccomunicaci\u00f3n de guerrilla\u201d: formas de intervenci\u00f3n \u00e1giles, creativas y eficaces que han sido utilizadas hist\u00f3ricamente para cuestionar el poder y abrir nuevos espacios de sentido.<\/p>\n<p>Estructurado en tres partes, el volumen ofrece un recorrido que combina teor\u00eda, contexto hist\u00f3rico y aplicaci\u00f3n pr\u00e1ctica. En primer lugar, re\u00fane textos y referencias de pensadores clave como Ernesto Guevara, Mao Zedong o Sun Tzu, junto a una aproximaci\u00f3n inicial desde Umberto Eco, para establecer un marco conceptual sobre la estrategia y la t\u00e1ctica trasladadas al \u00e1mbito comunicacional.<\/p>\n<p>La segunda parte sintetiza los fundamentos de la teor\u00eda de la comunicaci\u00f3n, ofreciendo una gu\u00eda clara sobre c\u00f3mo se construyen, circulan y operan los mensajes en la sociedad, desde sus bases sem\u00e1nticas hasta sus mecanismos de persuasi\u00f3n.<\/p>\n<p>Finalmente, la obra se centra en la comunicaci\u00f3n de guerrilla como pr\u00e1ctica, desglosando sus principales t\u00e9cnicas \u2014como el d\u00e9tournement, la sobreidentificaci\u00f3n o el collage\u2014 y proponiendo herramientas para intervenir cr\u00edticamente en los discursos hegem\u00f3nicos.<\/p>\n<p><strong>Lejos de la grandilocuencia y del academicismo, el libro se construye como una herramienta pr\u00e1ctica. Un objeto pensado para ser utilizado, subrayado, consultado.<\/strong> Un mapa para quienes necesitan actuar en contextos reales, donde la claridad, la rapidez y la intenci\u00f3n son clave.<\/p>\n<p><strong>Dirigido a dise\u00f1adores, comunicadores, activistas y estudiantes<\/strong>, <i>Germinal<\/i> invita a repensar el rol del dise\u00f1o y la comunicaci\u00f3n en la sociedad contempor\u00e1nea: no solo como instrumentos de producci\u00f3n, sino como dispositivos capaces de generar conciencia, resistencia y cambio.<\/p>\n<p>Un libro para quienes entienden que el verdadero poder de la comunicaci\u00f3n no est\u00e1 en el volumen del mensaje, sino en la precisi\u00f3n de la idea. <strong>Porque s<\/strong><b>i no cuestionas el mensaje, eres parte de \u00e9l.<\/b><\/p>\n<\/div>\n<p>&nbsp;<\/p>\n<p><span class=\"Apple-converted-space\">SOBRE EL AUTOR<br \/>\n<\/span><\/p>\n<p><b>Felipe Ib\u00e1\u00f1ez<\/b> es dise\u00f1ador gr\u00e1fico transmedia, autor y docente; con experiencia en dise\u00f1o de identidad, comunicaci\u00f3n visual, editorial y esc\u00e9nica. Desde 1995 desarrolla proyectos de dise\u00f1o, cultura y comunicaci\u00f3n en Europa y Am\u00e9rica. Militante desde 1986.<\/p>\n<p>Pionero en dise\u00f1o y estrategia transmedia, ha creado plataformas culturales como Fashion Freak, integrando dise\u00f1o, danza, circo, audiovisual, m\u00fasica y arte digital en una sola arquitectura narrativa internacional. Independiente.<\/p>\n<p>Adem\u00e1s de su pr\u00e1ctica profesional ha investigado y ense\u00f1ado <strong>comunicaci\u00f3n de guerrilla<\/strong> en universidades, medios y para grupos de militancia, articulando teor\u00eda, experimentaci\u00f3n urbana y producci\u00f3n cultural.<\/p>\n<p>&nbsp;<\/p>\n<p>CONTENIDO<\/p>\n<p><b>DISPOSITIVO<\/b><\/p>\n<p>Manifiesto<br \/>\nIntroducci\u00f3n<br \/>\nNorberto Chaves, Pr\u00f3logo<\/p>\n<p>Umberto Eco, guerrilla semiol\u00f3gica<br \/>\nIndefensi\u00f3n aprendida<br \/>\nKropotkin y el apoyo mutuo<\/p>\n<p><b>GUERRILLA<\/b><\/p>\n<p>John William Cooke<br \/>\nChe Guevara<br \/>\nBolcheviques<br \/>\nMarx Media<br \/>\nMao<br \/>\nBakunin<br \/>\nSun Tzu<br \/>\nCarlos Marighella<br \/>\nGuillermo Lora<\/p>\n<p><strong>COMUNICACI\u00d3N<\/strong><\/p>\n<p>Cultura es comunicaci\u00f3n<br \/>\nConceptualizaci\u00f3n<br \/>\nG\u00e9neros discursivos<br \/>\nS\u00edntesis conceptual<br \/>\nDiscurso<br \/>\nHackear el discurso<\/p>\n<p><b>COMUNICACI\u00d3N DE GUERRILLA<\/b><\/p>\n<p>Dise\u00f1o y compromiso social<br \/>\nT\u00e1cticas<br \/>\nDin\u00e1micas de grupo<br \/>\nProducci\u00f3n<br \/>\nStencil<br \/>\nFinalidad<\/p>\n<p>Bibliograf\u00eda<\/p>\n<p>Ap\u00e9ndice del adversario<\/p>\n<p>Dossier: Distracci\u00f3n<\/p>\n<p><strong>Mar\u00eda Ledesma<\/strong>, Conclusi\u00f3n<\/p>\n<p>&nbsp;<\/p>\n","protected":false},"excerpt":{"rendered":"<p><strong>Germinal<br \/>\n<\/strong>Dise\u00f1o de guerrilla<\/p>\n<p><span style=\"color: #ff0000;\"><span style=\"color: #000000;\">Autor:<\/span> Felipe Ib\u00e1\u00f1ez<\/span><\/p>\n<div id=\":jd\" class=\"Ar Au Ao\">\n<div id=\":j9\" class=\"Am Al editable LW-avf tS-tW tS-tY\" tabindex=\"1\" role=\"textbox\" contenteditable=\"true\" spellcheck=\"false\" aria-label=\"Cuerpo del mensaje\" aria-multiline=\"true\">\n<p><b>Germinal<\/b> no es un libro sobre comunicaci\u00f3n. Es un libro sobre c\u00f3mo intervenir en ella.<\/p>\n<p>En un entorno saturado de mensajes, donde los discursos moldean lo que pensamos, sentimos y consideramos posible, <b>Felipe Ib\u00e1\u00f1ez<\/b> propone recuperar la comunicaci\u00f3n como herramienta cr\u00edtica y transformadora. Este libro parte de una idea clara: comunicar nunca es un acto neutro, es una forma de acci\u00f3n.<\/p>\n<p>&nbsp;<\/p>\n<\/div>\n<\/div>\n<ul class=\"a-unordered-list a-nostyle a-vertical a-spacing-none detail-bullet-list\">\n<li>ISBN: 978-84-19555-58-8<\/li>\n<li>Medidas: 13,5 x 15,5 cm<\/li>\n<li>P\u00e1ginas: 230<\/li>\n<li>Encuadernaci\u00f3n: R\u00fastica<\/li>\n<li>Tapa: color con troquel<\/li>\n<li>Impresi\u00f3n interior: negro<\/li>\n<li>Edici\u00f3n: 2026. Experimenta Libros<\/li>\n<\/ul>\n<p><span style=\"color: #ff0000;\"><br \/>\nPrecio especial por preventa del 20 al 26 de abril de 2026<\/span><\/p>\n","protected":false},"featured_media":63606,"comment_status":"open","ping_status":"closed","template":"","meta":[],"product_cat":[9895,9715,9893,7313],"product_tag":[9730,9642,9903,9864,9641,9786],"jetpack_sharing_enabled":true,"_links":{"self":[{"href":"https:\/\/www.experimenta.es\/tienda\/wp-json\/wp\/v2\/product\/63589"}],"collection":[{"href":"https:\/\/www.experimenta.es\/tienda\/wp-json\/wp\/v2\/product"}],"about":[{"href":"https:\/\/www.experimenta.es\/tienda\/wp-json\/wp\/v2\/types\/product"}],"replies":[{"embeddable":true,"href":"https:\/\/www.experimenta.es\/tienda\/wp-json\/wp\/v2\/comments?post=63589"}],"wp:featuredmedia":[{"embeddable":true,"href":"https:\/\/www.experimenta.es\/tienda\/wp-json\/wp\/v2\/media\/63606"}],"wp:attachment":[{"href":"https:\/\/www.experimenta.es\/tienda\/wp-json\/wp\/v2\/media?parent=63589"}],"wp:term":[{"taxonomy":"product_cat","embeddable":true,"href":"https:\/\/www.experimenta.es\/tienda\/wp-json\/wp\/v2\/product_cat?post=63589"},{"taxonomy":"product_tag","embeddable":true,"href":"https:\/\/www.experimenta.es\/tienda\/wp-json\/wp\/v2\/product_tag?post=63589"}],"curies":[{"name":"wp","href":"https:\/\/api.w.org\/{rel}","templated":true}]}}